{"id":80673,"date":"2024-11-18T08:36:05","date_gmt":"2024-11-18T08:36:05","guid":{"rendered":"https:\/\/onlinehardwareshop.de\/index.php\/produkt\/bowers-n-6\/"},"modified":"2025-05-14T13:34:01","modified_gmt":"2025-05-14T13:34:01","slug":"bowers-n-2","status":"publish","type":"product","link":"https:\/\/onlinehardwareshop.de\/index.php\/produkt\/bowers-n-2\/","title":{"rendered":"Bowers &#038; Wilkins Pi6 Gr&#xFC;n"},"content":{"rendered":"<p>Mit den Bowers &#038; Wilkins Pi6 Gr\u00fcn h\u00f6rst du selbst die kleinsten Details in deiner Musik. Die In-Ear-Kopfh\u00f6rer bieten ein High Performance DSP und Hi-Res-Audio. Diese Technologien unterst\u00fctzen gr\u00f6\u00dfere Audiodateien als mp3. Daher h\u00f6rst du bei Rock- oder Pop-Musik eine klare Basslinie. Dank des Noise Cancelling h\u00f6rst du weniger von deiner Umgebung. Diese Technologie d\u00e4mpft Umgebungsger\u00e4usche, sodass du tiefer in deine Lieblingsmusik eintauchst. Zudem bleibt deine Konzentration mit Noise Cancelling in einem lebhaften Gro\u00dfraumb\u00fcro bei deiner Arbeit. Du nimmst die Toneinstellungen nach Belieben in der Bowers &#038; Wilkins App vor. Dort stellst du zum Beispiel die Audiowiedergabe mit einem Equalizer ein und legst selbst fest, wie viele Umgebungsger\u00e4usche du h\u00f6ren m\u00f6chtest.<\/p>\n","protected":false},"excerpt":{"rendered":"<p>Mit den Bowers &#038; Wilkins Pi6 Gr\u00fcn h\u00f6rst du selbst die kleinsten Details in deiner Musik. Die In-Ear-Kopfh\u00f6rer bieten ein High Performance DSP und Hi-Res-Audio. Diese Technologien unterst\u00fctzen gr\u00f6\u00dfere Audiodateien als mp3. Daher h\u00f6rst du bei Rock- oder Pop-Musik eine klare Basslinie. Dank des Noise Cancelling h\u00f6rst du weniger von deiner Umgebung. Diese Technologie d\u00e4mpft Umgebungsger\u00e4usche, sodass du tiefer in deine Lieblingsmusik eintauchst. Zudem bleibt deine Konzentration mit Noise Cancelling in einem lebhaften Gro\u00dfraumb\u00fcro bei deiner Arbeit. Du nimmst die Toneinstellungen nach Belieben in der Bowers &#038; Wilkins App vor. Dort stellst du zum Beispiel die Audiowiedergabe mit einem Equalizer ein und legst selbst fest, wie viele Umgebungsger\u00e4usche du h\u00f6ren m\u00f6chtest.<\/p>\n","protected":false},"featured_media":0,"comment_status":"closed","ping_status":"open","template":"","meta":{"_acf_changed":false},"brand":[2159],"product_brand":[],"product_cat":[563],"product_tag":[1210],"class_list":{"0":"post-80673","1":"product","2":"type-product","3":"status-publish","5":"brand-bowers-wilkins","6":"product_cat-in-ear-kopfhrer","7":"product_tag-non-apple-oordopjes","8":"pa_condition-new","9":"pa_coolblue-de-verzending-morgen-gratis-geliefert","10":"pa_ean-29241","11":"pa_mpn-fp45020","13":"first","14":"instock","15":"product-type-external"},"acf":[],"_links":{"self":[{"href":"https:\/\/onlinehardwareshop.de\/index.php\/wp-json\/wp\/v2\/product\/80673","targetHints":{"allow":["GET"]}}],"collection":[{"href":"https:\/\/onlinehardwareshop.de\/index.php\/wp-json\/wp\/v2\/product"}],"about":[{"href":"https:\/\/onlinehardwareshop.de\/index.php\/wp-json\/wp\/v2\/types\/product"}],"replies":[{"embeddable":true,"href":"https:\/\/onlinehardwareshop.de\/index.php\/wp-json\/wp\/v2\/comments?post=80673"}],"wp:attachment":[{"href":"https:\/\/onlinehardwareshop.de\/index.php\/wp-json\/wp\/v2\/media?parent=80673"}],"wp:term":[{"taxonomy":"brand","embeddable":true,"href":"https:\/\/onlinehardwareshop.de\/index.php\/wp-json\/wp\/v2\/brand?post=80673"},{"taxonomy":"product_brand","embeddable":true,"href":"https:\/\/onlinehardwareshop.de\/index.php\/wp-json\/wp\/v2\/product_brand?post=80673"},{"taxonomy":"product_cat","embeddable":true,"href":"https:\/\/onlinehardwareshop.de\/index.php\/wp-json\/wp\/v2\/product_cat?post=80673"},{"taxonomy":"product_tag","embeddable":true,"href":"https:\/\/onlinehardwareshop.de\/index.php\/wp-json\/wp\/v2\/product_tag?post=80673"}],"curies":[{"name":"wp","href":"https:\/\/api.w.org\/{rel}","templated":true}]}}