{"id":80663,"date":"2024-05-23T17:39:58","date_gmt":"2024-05-23T17:39:58","guid":{"rendered":"https:\/\/onlinehardwareshop.de\/index.php\/produkt\/kenwood-go-kzm35rd-clay-red-2\/"},"modified":"2025-05-14T13:33:07","modified_gmt":"2025-05-14T13:33:07","slug":"kenwood-go-kzm35rd-clay-red","status":"publish","type":"product","link":"https:\/\/onlinehardwareshop.de\/index.php\/produkt\/kenwood-go-kzm35rd-clay-red\/","title":{"rendered":"Kenwood Go KZM35RD Clay Red"},"content":{"rendered":"<p>Die Kenwood Go KZM35RD Clay Red ist f\u00fcr all diejenigen geeignet, die ab und zu einen frischen Kuchen oder Torten backen. In der Box befinden sich neben der K\u00fcchenmaschine auch verschiedene Aufs\u00e4tze und praktisches Zubeh\u00f6r. Die K\u00fcchenmaschine hat eine Leistung von 800 Watt. Damit knetest, vermengst und r\u00fchrst du alle deine Zutaten nacheinander, ohne dass der Motor \u00fcberhitzt. Du bedienst die Maschine \u00fcber die sechs verschiedenen Geschwindigkeitsstufen. Stelle die richtige Geschwindigkeit f\u00fcr deine Zubereitung ein. Die K\u00fcchenmaschine bleibt dank der rutschfesten F\u00fc\u00dfe fest an Ort und Stelle. Durch das Geh\u00e4use aus Edelstahl ist sie au\u00dferdem stabil und langlebig, sodass sie dir lange erhalten bleibt. Das Zubeh\u00f6r stellst du nach Gebrauch mit in die Sp\u00fclmaschine.<\/p>\n","protected":false},"excerpt":{"rendered":"<p>Die Kenwood Go KZM35RD Clay Red ist f\u00fcr all diejenigen geeignet, die ab und zu einen frischen Kuchen oder Torten backen. In der Box befinden sich neben der K\u00fcchenmaschine auch verschiedene Aufs\u00e4tze und praktisches Zubeh\u00f6r. Die K\u00fcchenmaschine hat eine Leistung von 800 Watt. Damit knetest, vermengst und r\u00fchrst du alle deine Zutaten nacheinander, ohne dass der Motor \u00fcberhitzt. Du bedienst die Maschine \u00fcber die sechs verschiedenen Geschwindigkeitsstufen. Stelle die richtige Geschwindigkeit f\u00fcr deine Zubereitung ein. Die K\u00fcchenmaschine bleibt dank der rutschfesten F\u00fc\u00dfe fest an Ort und Stelle. Durch das Geh\u00e4use aus Edelstahl ist sie au\u00dferdem stabil und langlebig, sodass sie dir lange erhalten bleibt. Das Zubeh\u00f6r stellst du nach Gebrauch mit in die Sp\u00fclmaschine.<\/p>\n","protected":false},"featured_media":0,"comment_status":"closed","ping_status":"open","template":"","meta":{"_acf_changed":false},"brand":[234],"product_brand":[],"product_cat":[2306],"product_tag":[2307],"class_list":{"0":"post-80663","1":"product","2":"type-product","3":"status-publish","5":"brand-kenwood","6":"product_cat-kchenmaschinen","7":"product_tag-keukenmixers","8":"pa_condition-new","9":"pa_coolblue-de-verzending-morgen-gratis-geliefert","10":"pa_ean-22287","11":"pa_mpn-0w20011511","13":"first","14":"instock","15":"product-type-external"},"acf":[],"_links":{"self":[{"href":"https:\/\/onlinehardwareshop.de\/index.php\/wp-json\/wp\/v2\/product\/80663","targetHints":{"allow":["GET"]}}],"collection":[{"href":"https:\/\/onlinehardwareshop.de\/index.php\/wp-json\/wp\/v2\/product"}],"about":[{"href":"https:\/\/onlinehardwareshop.de\/index.php\/wp-json\/wp\/v2\/types\/product"}],"replies":[{"embeddable":true,"href":"https:\/\/onlinehardwareshop.de\/index.php\/wp-json\/wp\/v2\/comments?post=80663"}],"wp:attachment":[{"href":"https:\/\/onlinehardwareshop.de\/index.php\/wp-json\/wp\/v2\/media?parent=80663"}],"wp:term":[{"taxonomy":"brand","embeddable":true,"href":"https:\/\/onlinehardwareshop.de\/index.php\/wp-json\/wp\/v2\/brand?post=80663"},{"taxonomy":"product_brand","embeddable":true,"href":"https:\/\/onlinehardwareshop.de\/index.php\/wp-json\/wp\/v2\/product_brand?post=80663"},{"taxonomy":"product_cat","embeddable":true,"href":"https:\/\/onlinehardwareshop.de\/index.php\/wp-json\/wp\/v2\/product_cat?post=80663"},{"taxonomy":"product_tag","embeddable":true,"href":"https:\/\/onlinehardwareshop.de\/index.php\/wp-json\/wp\/v2\/product_tag?post=80663"}],"curies":[{"name":"wp","href":"https:\/\/api.w.org\/{rel}","templated":true}]}}