{"id":80627,"date":"2024-10-13T07:36:23","date_gmt":"2024-10-13T07:36:23","guid":{"rendered":"https:\/\/onlinehardwareshop.de\/index.php\/produkt\/kioxia-exceria-pro-nvme-m-2-1tb-2\/"},"modified":"2025-05-14T13:30:16","modified_gmt":"2025-05-14T13:30:16","slug":"kioxia-exceria-pro-nvme-m-2-1tb","status":"publish","type":"product","link":"https:\/\/onlinehardwareshop.de\/index.php\/produkt\/kioxia-exceria-pro-nvme-m-2-1tb\/","title":{"rendered":"Kioxia Exceria PRO NVMe M.2 1TB"},"content":{"rendered":"<p>Hinweis:Diese M.2-SSD hat einen M-Key, der nur in Systemen mit einem M-Slot funktioniert. \u00dcberpr\u00fcfe dies in der Gebrauchsanleitung deines Laptops oder Motherboards.   Erweitere den Speicher deines Laptops oder PCs mit der Kioxia Exceria PRO NVMe M.2 1\u00a0TB. Damit speicherst du bis zu 100.000 Fotos oder 33 Stunden 4K-Filmmaterial auf deinem Laptop oder PC. Diese interne SSD-Festplatte setzt du ganz einfach in den M-Slot deines Laptops oder Motherboards ein, ohne dass du daf\u00fcr ein Kabel brauchst. Dank der hohen Lese- und Schreibgeschwindigkeiten \u00fcbertr\u00e4gst du alle deine Dateien besonders schnell auf die SSD und zur\u00fcck. Das geht deutlich schneller als mit den meisten SATA-SSDs. Dank der 3D NAND Technologie arbeitest du l\u00e4nger, ohne dass dein Laptop oder PC warm wird.<\/p>\n","protected":false},"excerpt":{"rendered":"<p>Hinweis:Diese M.2-SSD hat einen M-Key, der nur in Systemen mit einem M-Slot funktioniert. \u00dcberpr\u00fcfe dies in der Gebrauchsanleitung deines Laptops oder Motherboards.   Erweitere den Speicher deines Laptops oder PCs mit der Kioxia Exceria PRO NVMe M.2 1\u00a0TB. Damit speicherst du bis zu 100.000 Fotos oder 33 Stunden 4K-Filmmaterial auf deinem Laptop oder PC. Diese interne SSD-Festplatte setzt du ganz einfach in den M-Slot deines Laptops oder Motherboards ein, ohne dass du daf\u00fcr ein Kabel brauchst. Dank der hohen Lese- und Schreibgeschwindigkeiten \u00fcbertr\u00e4gst du alle deine Dateien besonders schnell auf die SSD und zur\u00fcck. Das geht deutlich schneller als mit den meisten SATA-SSDs. Dank der 3D NAND Technologie arbeitest du l\u00e4nger, ohne dass dein Laptop oder PC warm wird.<\/p>\n","protected":false},"featured_media":0,"comment_status":"closed","ping_status":"open","template":"","meta":{"_acf_changed":false},"brand":[22188],"product_brand":[],"product_cat":[2957],"product_tag":[7168],"class_list":{"0":"post-80627","1":"product","2":"type-product","3":"status-publish","5":"brand-kioxia","6":"product_cat-solid-state-drives-ssd","7":"product_tag-m-2-ssd","8":"pa_condition-new","9":"pa_coolblue-de-verzending-morgen-gratis-geliefert","10":"pa_ean-22197","11":"pa_mpn-lse10z001tg8","13":"first","14":"instock","15":"product-type-external"},"acf":[],"_links":{"self":[{"href":"https:\/\/onlinehardwareshop.de\/index.php\/wp-json\/wp\/v2\/product\/80627","targetHints":{"allow":["GET"]}}],"collection":[{"href":"https:\/\/onlinehardwareshop.de\/index.php\/wp-json\/wp\/v2\/product"}],"about":[{"href":"https:\/\/onlinehardwareshop.de\/index.php\/wp-json\/wp\/v2\/types\/product"}],"replies":[{"embeddable":true,"href":"https:\/\/onlinehardwareshop.de\/index.php\/wp-json\/wp\/v2\/comments?post=80627"}],"wp:attachment":[{"href":"https:\/\/onlinehardwareshop.de\/index.php\/wp-json\/wp\/v2\/media?parent=80627"}],"wp:term":[{"taxonomy":"brand","embeddable":true,"href":"https:\/\/onlinehardwareshop.de\/index.php\/wp-json\/wp\/v2\/brand?post=80627"},{"taxonomy":"product_brand","embeddable":true,"href":"https:\/\/onlinehardwareshop.de\/index.php\/wp-json\/wp\/v2\/product_brand?post=80627"},{"taxonomy":"product_cat","embeddable":true,"href":"https:\/\/onlinehardwareshop.de\/index.php\/wp-json\/wp\/v2\/product_cat?post=80627"},{"taxonomy":"product_tag","embeddable":true,"href":"https:\/\/onlinehardwareshop.de\/index.php\/wp-json\/wp\/v2\/product_tag?post=80627"}],"curies":[{"name":"wp","href":"https:\/\/api.w.org\/{rel}","templated":true}]}}