{"id":80624,"date":"2024-02-20T04:53:57","date_gmt":"2024-02-20T04:53:57","guid":{"rendered":"https:\/\/onlinehardwareshop.de\/index.php\/produkt\/kioxia-exceria-g2-nvme-m-2-500gb-2\/"},"modified":"2025-05-14T13:30:06","modified_gmt":"2025-05-14T13:30:06","slug":"kioxia-exceria-g2-nvme-m-2-500gb","status":"publish","type":"product","link":"https:\/\/onlinehardwareshop.de\/index.php\/produkt\/kioxia-exceria-g2-nvme-m-2-500gb\/","title":{"rendered":"Kioxia Exceria G2 NVMe M.2 500GB"},"content":{"rendered":"<p>Hinweis:Diese M.2-SSD hat einen M-Key, der nur in Systemen mit einem M-Slot funktioniert. \u00dcberpr\u00fcfe dies in der Gebrauchsanleitung deines Laptops oder Motherboards.   Erweitere den Speicher deines Laptops oder PCs mit der Kioxia Exceria G2 NVMe M.2 500\u00a0GB. Damit speicherst du bis zu 50.000 Fotos oder 16 Stunden 4K-Filmmaterial auf deinem Laptop oder PC. Diese interne SSD-Festplatte setzt du ganz einfach in den M-Slot deines Laptops oder Motherboards ein, ohne dass du daf\u00fcr ein Kabel brauchst. Dank der hohen Lese- und Schreibgeschwindigkeiten \u00fcbertr\u00e4gst du deine Datei im Handumdrehen auf die SSD und zur\u00fcck. Das geht sogar noch schneller als mit einer SATA-SSD. Dank der 3D NAND Technologie arbeitest du l\u00e4nger, ohne dass dein Laptop oder PC warm wird.<\/p>\n","protected":false},"excerpt":{"rendered":"<p>Hinweis:Diese M.2-SSD hat einen M-Key, der nur in Systemen mit einem M-Slot funktioniert. \u00dcberpr\u00fcfe dies in der Gebrauchsanleitung deines Laptops oder Motherboards.   Erweitere den Speicher deines Laptops oder PCs mit der Kioxia Exceria G2 NVMe M.2 500\u00a0GB. Damit speicherst du bis zu 50.000 Fotos oder 16 Stunden 4K-Filmmaterial auf deinem Laptop oder PC. Diese interne SSD-Festplatte setzt du ganz einfach in den M-Slot deines Laptops oder Motherboards ein, ohne dass du daf\u00fcr ein Kabel brauchst. Dank der hohen Lese- und Schreibgeschwindigkeiten \u00fcbertr\u00e4gst du deine Datei im Handumdrehen auf die SSD und zur\u00fcck. Das geht sogar noch schneller als mit einer SATA-SSD. Dank der 3D NAND Technologie arbeitest du l\u00e4nger, ohne dass dein Laptop oder PC warm wird.<\/p>\n","protected":false},"featured_media":0,"comment_status":"closed","ping_status":"open","template":"","meta":{"_acf_changed":false},"brand":[22188],"product_brand":[],"product_cat":[2957],"product_tag":[7168],"class_list":{"0":"post-80624","1":"product","2":"type-product","3":"status-publish","5":"brand-kioxia","6":"product_cat-solid-state-drives-ssd","7":"product_tag-m-2-ssd","8":"pa_condition-new","9":"pa_coolblue-de-verzending-morgen-gratis-geliefert","10":"pa_ean-22191","11":"pa_mpn-lrc20z500gg8","13":"first","14":"instock","15":"product-type-external"},"acf":[],"_links":{"self":[{"href":"https:\/\/onlinehardwareshop.de\/index.php\/wp-json\/wp\/v2\/product\/80624","targetHints":{"allow":["GET"]}}],"collection":[{"href":"https:\/\/onlinehardwareshop.de\/index.php\/wp-json\/wp\/v2\/product"}],"about":[{"href":"https:\/\/onlinehardwareshop.de\/index.php\/wp-json\/wp\/v2\/types\/product"}],"replies":[{"embeddable":true,"href":"https:\/\/onlinehardwareshop.de\/index.php\/wp-json\/wp\/v2\/comments?post=80624"}],"wp:attachment":[{"href":"https:\/\/onlinehardwareshop.de\/index.php\/wp-json\/wp\/v2\/media?parent=80624"}],"wp:term":[{"taxonomy":"brand","embeddable":true,"href":"https:\/\/onlinehardwareshop.de\/index.php\/wp-json\/wp\/v2\/brand?post=80624"},{"taxonomy":"product_brand","embeddable":true,"href":"https:\/\/onlinehardwareshop.de\/index.php\/wp-json\/wp\/v2\/product_brand?post=80624"},{"taxonomy":"product_cat","embeddable":true,"href":"https:\/\/onlinehardwareshop.de\/index.php\/wp-json\/wp\/v2\/product_cat?post=80624"},{"taxonomy":"product_tag","embeddable":true,"href":"https:\/\/onlinehardwareshop.de\/index.php\/wp-json\/wp\/v2\/product_tag?post=80624"}],"curies":[{"name":"wp","href":"https:\/\/api.w.org\/{rel}","templated":true}]}}