{"id":80601,"date":"2025-04-01T16:14:13","date_gmt":"2025-04-01T16:14:13","guid":{"rendered":"https:\/\/onlinehardwareshop.de\/index.php\/produkt\/lenovo-156-zoll-laptop-casual-toploader-t210-laptoptasche-blau-2\/"},"modified":"2025-05-14T13:28:15","modified_gmt":"2025-05-14T13:28:15","slug":"lenovo-156-zoll-laptop-casual-toploader-t210-laptoptasche-blau","status":"publish","type":"product","link":"https:\/\/onlinehardwareshop.de\/index.php\/produkt\/lenovo-156-zoll-laptop-casual-toploader-t210-laptoptasche-blau\/","title":{"rendered":"Lenovo 15,6 Zoll Laptop Casual Toploader T210 Laptoptasche Blau"},"content":{"rendered":"<p>In der Lenovo 15,6 Zoll Laptop Casual Toploader T210 Laptoptasche Blau nimmst du deinen 15 oder 16 Zoll gro\u00dfen Laptop ganz einfach mit zur Schule oder zur Arbeit. Da diese Tasche spritzwassergesch\u00fctzt ist, musst du dir keine Sorgen machen, wenn du unterwegs von einem Regenschauer \u00fcberrascht wirst. Mithilfe der verstellbaren Schultergurte stellst du dir den Tragegurt einfach auf eine komfortable L\u00e4nge ein. Verreist du? Dann l\u00e4sst sich die Umh\u00e4ngetasche problemlos \u00fcber den herausziehbaren Griff deines Koffers oder Trolleys schieben. Im Inneren der Tasche befinden sich gen\u00fcgend F\u00e4cher f\u00fcr deinen Laptop, Zubeh\u00f6r und Dokumente. Auch f\u00fcr deine Karten und dein Handy gibt es kleine F\u00e4cher. So herrscht in deiner Tasche immer Ordnung und dir geht nichts verloren.   Die Innenma\u00dfe der Umh\u00e4ngetasche betragen 5,5 x 40 x 30\u00a0cm.<\/p>\n","protected":false},"excerpt":{"rendered":"<p>In der Lenovo 15,6 Zoll Laptop Casual Toploader T210 Laptoptasche Blau nimmst du deinen 15 oder 16 Zoll gro\u00dfen Laptop ganz einfach mit zur Schule oder zur Arbeit. Da diese Tasche spritzwassergesch\u00fctzt ist, musst du dir keine Sorgen machen, wenn du unterwegs von einem Regenschauer \u00fcberrascht wirst. Mithilfe der verstellbaren Schultergurte stellst du dir den Tragegurt einfach auf eine komfortable L\u00e4nge ein. Verreist du? Dann l\u00e4sst sich die Umh\u00e4ngetasche problemlos \u00fcber den herausziehbaren Griff deines Koffers oder Trolleys schieben. Im Inneren der Tasche befinden sich gen\u00fcgend F\u00e4cher f\u00fcr deinen Laptop, Zubeh\u00f6r und Dokumente. Auch f\u00fcr deine Karten und dein Handy gibt es kleine F\u00e4cher. So herrscht in deiner Tasche immer Ordnung und dir geht nichts verloren.   Die Innenma\u00dfe der Umh\u00e4ngetasche betragen 5,5 x 40 x 30\u00a0cm.<\/p>\n","protected":false},"featured_media":0,"comment_status":"closed","ping_status":"open","template":"","meta":{"_acf_changed":false},"brand":[4121],"product_brand":[],"product_cat":[431],"product_tag":[432],"class_list":{"0":"post-80601","1":"product","2":"type-product","3":"status-publish","5":"brand-lenovo","6":"product_cat-umhngetaschen","7":"product_tag-niet-leren-schoudertassen","8":"pa_condition-new","9":"pa_coolblue-de-verzending-morgen-gratis-geliefert","10":"pa_ean-22138","11":"pa_mpn-gx40q17230","13":"first","14":"instock","15":"product-type-external"},"acf":[],"_links":{"self":[{"href":"https:\/\/onlinehardwareshop.de\/index.php\/wp-json\/wp\/v2\/product\/80601","targetHints":{"allow":["GET"]}}],"collection":[{"href":"https:\/\/onlinehardwareshop.de\/index.php\/wp-json\/wp\/v2\/product"}],"about":[{"href":"https:\/\/onlinehardwareshop.de\/index.php\/wp-json\/wp\/v2\/types\/product"}],"replies":[{"embeddable":true,"href":"https:\/\/onlinehardwareshop.de\/index.php\/wp-json\/wp\/v2\/comments?post=80601"}],"wp:attachment":[{"href":"https:\/\/onlinehardwareshop.de\/index.php\/wp-json\/wp\/v2\/media?parent=80601"}],"wp:term":[{"taxonomy":"brand","embeddable":true,"href":"https:\/\/onlinehardwareshop.de\/index.php\/wp-json\/wp\/v2\/brand?post=80601"},{"taxonomy":"product_brand","embeddable":true,"href":"https:\/\/onlinehardwareshop.de\/index.php\/wp-json\/wp\/v2\/product_brand?post=80601"},{"taxonomy":"product_cat","embeddable":true,"href":"https:\/\/onlinehardwareshop.de\/index.php\/wp-json\/wp\/v2\/product_cat?post=80601"},{"taxonomy":"product_tag","embeddable":true,"href":"https:\/\/onlinehardwareshop.de\/index.php\/wp-json\/wp\/v2\/product_tag?post=80601"}],"curies":[{"name":"wp","href":"https:\/\/api.w.org\/{rel}","templated":true}]}}