{"id":80596,"date":"2024-05-15T08:34:21","date_gmt":"2024-05-15T08:34:21","guid":{"rendered":"https:\/\/onlinehardwareshop.de\/index.php\/produkt\/quantis-ci-1-4-tv-module-2\/"},"modified":"2025-05-14T13:27:50","modified_gmt":"2025-05-14T13:27:50","slug":"quantis-ci-1-4-tv-module","status":"publish","type":"product","link":"https:\/\/onlinehardwareshop.de\/index.php\/produkt\/quantis-ci-1-4-tv-module\/","title":{"rendered":"Quantis CI+ 1.4 TV Module"},"content":{"rendered":"<p>Mit dem Quantis CI+ 1.4 TV Module schaust du ohne den Receiver von deinem Anbieter Fernsehen. So bleibt dein Fernsehm\u00f6bel sch\u00f6n \u00fcbersichtlich. Stecke die Smartcard von deinem Anbieter in dieses CI+ Modul und profitiere so von allen Programmen und Funktionen. Zwischen den Kan\u00e4len wechselst du mit der Fernbedienung von deinem Fernseher. Um das Modul zu nutzen, ben\u00f6tigt dein Fernseher einen CI+-Steckplatz, den allerdings nicht alle Modelle haben. Dank der 1.4-Zertifizierung dieses Moduls nutzt du auch On Demand und interaktive Funktionen. Dieses Modul ist f\u00fcr Smartcards von Ziggo, Delta, Kabelnoord und Caiway geeignet.  Hinweis: Du kannst bei Ziggo keine losen CI+ Karten mehr bestellen. Das geht nur noch in Kombination mit einem Modul oder Decoder. Dadurch ist dieses Modul nur als Ersatz f\u00fcr ein vorhandenes Modul oder einen vorhandenen Decoder geeignet, wenn du bereits eine CI+ Karte besitzt.<\/p>\n","protected":false},"excerpt":{"rendered":"<p>Mit dem Quantis CI+ 1.4 TV Module schaust du ohne den Receiver von deinem Anbieter Fernsehen. So bleibt dein Fernsehm\u00f6bel sch\u00f6n \u00fcbersichtlich. Stecke die Smartcard von deinem Anbieter in dieses CI+ Modul und profitiere so von allen Programmen und Funktionen. Zwischen den Kan\u00e4len wechselst du mit der Fernbedienung von deinem Fernseher. Um das Modul zu nutzen, ben\u00f6tigt dein Fernseher einen CI+-Steckplatz, den allerdings nicht alle Modelle haben. Dank der 1.4-Zertifizierung dieses Moduls nutzt du auch On Demand und interaktive Funktionen. Dieses Modul ist f\u00fcr Smartcards von Ziggo, Delta, Kabelnoord und Caiway geeignet.  Hinweis: Du kannst bei Ziggo keine losen CI+ Karten mehr bestellen. Das geht nur noch in Kombination mit einem Modul oder Decoder. Dadurch ist dieses Modul nur als Ersatz f\u00fcr ein vorhandenes Modul oder einen vorhandenen Decoder geeignet, wenn du bereits eine CI+ Karte besitzt.<\/p>\n","protected":false},"featured_media":0,"comment_status":"closed","ping_status":"open","template":"","meta":{"_acf_changed":false},"brand":[22127],"product_brand":[],"product_cat":[22128],"product_tag":[22129],"class_list":{"0":"post-80596","1":"product","2":"type-product","3":"status-publish","5":"brand-quantis","6":"product_cat-ci-module","7":"product_tag-ci-modules","8":"pa_condition-new","9":"pa_coolblue-de-verzending-morgen-gratis-geliefert","10":"pa_ean-22125","11":"pa_mpn-22126","13":"first","14":"instock","15":"product-type-external"},"acf":[],"_links":{"self":[{"href":"https:\/\/onlinehardwareshop.de\/index.php\/wp-json\/wp\/v2\/product\/80596","targetHints":{"allow":["GET"]}}],"collection":[{"href":"https:\/\/onlinehardwareshop.de\/index.php\/wp-json\/wp\/v2\/product"}],"about":[{"href":"https:\/\/onlinehardwareshop.de\/index.php\/wp-json\/wp\/v2\/types\/product"}],"replies":[{"embeddable":true,"href":"https:\/\/onlinehardwareshop.de\/index.php\/wp-json\/wp\/v2\/comments?post=80596"}],"wp:attachment":[{"href":"https:\/\/onlinehardwareshop.de\/index.php\/wp-json\/wp\/v2\/media?parent=80596"}],"wp:term":[{"taxonomy":"brand","embeddable":true,"href":"https:\/\/onlinehardwareshop.de\/index.php\/wp-json\/wp\/v2\/brand?post=80596"},{"taxonomy":"product_brand","embeddable":true,"href":"https:\/\/onlinehardwareshop.de\/index.php\/wp-json\/wp\/v2\/product_brand?post=80596"},{"taxonomy":"product_cat","embeddable":true,"href":"https:\/\/onlinehardwareshop.de\/index.php\/wp-json\/wp\/v2\/product_cat?post=80596"},{"taxonomy":"product_tag","embeddable":true,"href":"https:\/\/onlinehardwareshop.de\/index.php\/wp-json\/wp\/v2\/product_tag?post=80596"}],"curies":[{"name":"wp","href":"https:\/\/api.w.org\/{rel}","templated":true}]}}