{"id":80547,"date":"2024-02-11T10:29:57","date_gmt":"2024-02-11T10:29:57","guid":{"rendered":"https:\/\/onlinehardwareshop.de\/index.php\/produkt\/pocketbook-verse-pro-color-grau-2\/"},"modified":"2025-05-14T13:23:45","modified_gmt":"2025-05-14T13:23:45","slug":"pocketbook-verse-pro-color-grau","status":"publish","type":"product","link":"https:\/\/onlinehardwareshop.de\/index.php\/produkt\/pocketbook-verse-pro-color-grau\/","title":{"rendered":"PocketBook Verse Pro Color Grau"},"content":{"rendered":"<p>Lies unterwegs deine Lieblingsb\u00fccher in Farbe mit dem PocketBook Verse Pro Color Grau. Durch das Farbdisplay wirken Comics, Bilder und Buchcover lebendiger. Der kompakte und leichte 6 Zoll eBook-Reader l\u00e4sst sich leicht mitnehmen. Das ist praktisch, wenn du zum Beispiel mit dem Zug reist. \u00dcber SMARTlight stellst du die Helligkeit und Farbtemperatur des Displays nach Wunsch ein. So liest du auch drau\u00dfen und abends bequem. Du bedienst den eBook-Reader per Touchscreen oder mit den 4 Tasten. H\u00f6rst du oft H\u00f6rb\u00fccher, Musik oder Podcasts? Verbinde deine kabellosen Kopfh\u00f6rer per Bluetooth mit deinem eBook-Reader. Dieses PocketBook hat auch eine eingebaute Vorlesefunktion, um dir deine eBooks vorzulesen. Mit diesem wasserfesten eBook-Reader liest du deine Lieblingsb\u00fccher sicher in der Badewanne oder am Pool. Ein Ladeger\u00e4t wird nicht mitgeliefert. Bestelle es dazu und lade deinen eBook-Reader direkt auf.<\/p>\n","protected":false},"excerpt":{"rendered":"<p>Lies unterwegs deine Lieblingsb\u00fccher in Farbe mit dem PocketBook Verse Pro Color Grau. Durch das Farbdisplay wirken Comics, Bilder und Buchcover lebendiger. Der kompakte und leichte 6 Zoll eBook-Reader l\u00e4sst sich leicht mitnehmen. Das ist praktisch, wenn du zum Beispiel mit dem Zug reist. \u00dcber SMARTlight stellst du die Helligkeit und Farbtemperatur des Displays nach Wunsch ein. So liest du auch drau\u00dfen und abends bequem. Du bedienst den eBook-Reader per Touchscreen oder mit den 4 Tasten. H\u00f6rst du oft H\u00f6rb\u00fccher, Musik oder Podcasts? Verbinde deine kabellosen Kopfh\u00f6rer per Bluetooth mit deinem eBook-Reader. Dieses PocketBook hat auch eine eingebaute Vorlesefunktion, um dir deine eBooks vorzulesen. Mit diesem wasserfesten eBook-Reader liest du deine Lieblingsb\u00fccher sicher in der Badewanne oder am Pool. Ein Ladeger\u00e4t wird nicht mitgeliefert. Bestelle es dazu und lade deinen eBook-Reader direkt auf.<\/p>\n","protected":false},"featured_media":0,"comment_status":"closed","ping_status":"open","template":"","meta":{"_acf_changed":false},"brand":[8955],"product_brand":[],"product_cat":[8609],"product_tag":[8610],"class_list":{"0":"post-80547","1":"product","2":"type-product","3":"status-publish","5":"brand-pocketbook","6":"product_cat-ebook-reader","7":"product_tag-e-readers","8":"pa_condition-new","9":"pa_coolblue-de-verzending-morgen-gratis-geliefert","10":"pa_ean-22025","11":"pa_mpn-pb634k3-1-ww-b","13":"first","14":"instock","15":"product-type-external"},"acf":[],"_links":{"self":[{"href":"https:\/\/onlinehardwareshop.de\/index.php\/wp-json\/wp\/v2\/product\/80547","targetHints":{"allow":["GET"]}}],"collection":[{"href":"https:\/\/onlinehardwareshop.de\/index.php\/wp-json\/wp\/v2\/product"}],"about":[{"href":"https:\/\/onlinehardwareshop.de\/index.php\/wp-json\/wp\/v2\/types\/product"}],"replies":[{"embeddable":true,"href":"https:\/\/onlinehardwareshop.de\/index.php\/wp-json\/wp\/v2\/comments?post=80547"}],"wp:attachment":[{"href":"https:\/\/onlinehardwareshop.de\/index.php\/wp-json\/wp\/v2\/media?parent=80547"}],"wp:term":[{"taxonomy":"brand","embeddable":true,"href":"https:\/\/onlinehardwareshop.de\/index.php\/wp-json\/wp\/v2\/brand?post=80547"},{"taxonomy":"product_brand","embeddable":true,"href":"https:\/\/onlinehardwareshop.de\/index.php\/wp-json\/wp\/v2\/product_brand?post=80547"},{"taxonomy":"product_cat","embeddable":true,"href":"https:\/\/onlinehardwareshop.de\/index.php\/wp-json\/wp\/v2\/product_cat?post=80547"},{"taxonomy":"product_tag","embeddable":true,"href":"https:\/\/onlinehardwareshop.de\/index.php\/wp-json\/wp\/v2\/product_tag?post=80547"}],"curies":[{"name":"wp","href":"https:\/\/api.w.org\/{rel}","templated":true}]}}