{"id":80427,"date":"2024-04-13T14:34:48","date_gmt":"2024-04-13T14:34:48","guid":{"rendered":"https:\/\/onlinehardwareshop.de\/index.php\/produkt\/jbl-quantum-50c-schwarz-2\/"},"modified":"2025-05-14T13:12:51","modified_gmt":"2025-05-14T13:12:51","slug":"jbl-quantum-50c-schwarz","status":"publish","type":"product","link":"https:\/\/onlinehardwareshop.de\/index.php\/produkt\/jbl-quantum-50c-schwarz\/","title":{"rendered":"JBL Quantum 50C Schwarz"},"content":{"rendered":"<p>Spiele deine liebsten Smartphone-Spiele dank der schwarzen JBL Quantum 50C mit Sound in Topqualit\u00e4t. Du verbindest diese In-Ear-Kopfh\u00f6rer f\u00fcrs Gaming einfach \u00fcber den USB-C-Anschluss mit deinem Smartphone. Dank des Surround Sounds in 360 Grad erlebst du dein Spiel intensiver und h\u00f6rst genau, aus welcher Richtung deine Gegner kommen. Damit bist du ihnen jederzeit einen Schritt voraus. Dank der Twistlock Technologie sitzen die In-Ear-Kopfh\u00f6rer sicher in deinen Ohren. Du nimmst diese Kopfh\u00f6rer einfach mit in den Urlaub oder genie\u00dft deine In-Game-Sounds auch unterwegs. Diese Gaming-Kopfh\u00f6rer sind viel leichter als ein Gaming-Headset, sodass du l\u00e4nger durchh\u00e4ltst. Spielst du online? Dann nutze das integrierte Mikrofon und sprich mit deinen Freunden. \u00dcber den Lautst\u00e4rkeregler am Kabel stellst du die Kopfh\u00f6rer bequem lauter oder leiser.  Hinweis: Diese In-Ear-Kopfh\u00f6rer f\u00fcrs Gaming wurden speziell f\u00fcr Mobile Gaming entwickelt, du kannst sie allerdings auch an allen anderen Plattformen anschlie\u00dfen.<\/p>\n","protected":false},"excerpt":{"rendered":"<p>Spiele deine liebsten Smartphone-Spiele dank der schwarzen JBL Quantum 50C mit Sound in Topqualit\u00e4t. Du verbindest diese In-Ear-Kopfh\u00f6rer f\u00fcrs Gaming einfach \u00fcber den USB-C-Anschluss mit deinem Smartphone. Dank des Surround Sounds in 360 Grad erlebst du dein Spiel intensiver und h\u00f6rst genau, aus welcher Richtung deine Gegner kommen. Damit bist du ihnen jederzeit einen Schritt voraus. Dank der Twistlock Technologie sitzen die In-Ear-Kopfh\u00f6rer sicher in deinen Ohren. Du nimmst diese Kopfh\u00f6rer einfach mit in den Urlaub oder genie\u00dft deine In-Game-Sounds auch unterwegs. Diese Gaming-Kopfh\u00f6rer sind viel leichter als ein Gaming-Headset, sodass du l\u00e4nger durchh\u00e4ltst. Spielst du online? Dann nutze das integrierte Mikrofon und sprich mit deinen Freunden. \u00dcber den Lautst\u00e4rkeregler am Kabel stellst du die Kopfh\u00f6rer bequem lauter oder leiser.  Hinweis: Diese In-Ear-Kopfh\u00f6rer f\u00fcrs Gaming wurden speziell f\u00fcr Mobile Gaming entwickelt, du kannst sie allerdings auch an allen anderen Plattformen anschlie\u00dfen.<\/p>\n","protected":false},"featured_media":0,"comment_status":"closed","ping_status":"open","template":"","meta":{"_acf_changed":false},"brand":[5677],"product_brand":[],"product_cat":[3435],"product_tag":[3436],"class_list":{"0":"post-80427","1":"product","2":"type-product","3":"status-publish","5":"brand-jbl","6":"product_cat-gaming-headsets","7":"product_tag-gaming-headsets","8":"pa_condition-new","9":"pa_coolblue-de-verzending-morgen-gratis-geliefert","10":"pa_ean-21811","11":"pa_mpn-jblqtum50cblk","13":"first","14":"instock","15":"product-type-external"},"acf":[],"_links":{"self":[{"href":"https:\/\/onlinehardwareshop.de\/index.php\/wp-json\/wp\/v2\/product\/80427","targetHints":{"allow":["GET"]}}],"collection":[{"href":"https:\/\/onlinehardwareshop.de\/index.php\/wp-json\/wp\/v2\/product"}],"about":[{"href":"https:\/\/onlinehardwareshop.de\/index.php\/wp-json\/wp\/v2\/types\/product"}],"replies":[{"embeddable":true,"href":"https:\/\/onlinehardwareshop.de\/index.php\/wp-json\/wp\/v2\/comments?post=80427"}],"wp:attachment":[{"href":"https:\/\/onlinehardwareshop.de\/index.php\/wp-json\/wp\/v2\/media?parent=80427"}],"wp:term":[{"taxonomy":"brand","embeddable":true,"href":"https:\/\/onlinehardwareshop.de\/index.php\/wp-json\/wp\/v2\/brand?post=80427"},{"taxonomy":"product_brand","embeddable":true,"href":"https:\/\/onlinehardwareshop.de\/index.php\/wp-json\/wp\/v2\/product_brand?post=80427"},{"taxonomy":"product_cat","embeddable":true,"href":"https:\/\/onlinehardwareshop.de\/index.php\/wp-json\/wp\/v2\/product_cat?post=80427"},{"taxonomy":"product_tag","embeddable":true,"href":"https:\/\/onlinehardwareshop.de\/index.php\/wp-json\/wp\/v2\/product_tag?post=80427"}],"curies":[{"name":"wp","href":"https:\/\/api.w.org\/{rel}","templated":true}]}}