{"id":80403,"date":"2024-06-13T06:18:55","date_gmt":"2024-06-13T06:18:55","guid":{"rendered":"https:\/\/onlinehardwareshop.de\/index.php\/produkt\/canon-pixma-ts7451i-1-satz-reservetinte-fotopapier-2\/"},"modified":"2025-05-14T13:10:44","modified_gmt":"2025-05-14T13:10:44","slug":"canon-pixma-ts7451i-1-satz-reservetinte-fotopapier","status":"publish","type":"product","link":"https:\/\/onlinehardwareshop.de\/index.php\/produkt\/canon-pixma-ts7451i-1-satz-reservetinte-fotopapier\/","title":{"rendered":"Canon PIXMA TS7451I  + 1 Satz Reservetinte + Fotopapier"},"content":{"rendered":"<p>Mit diesem Set aus Canon PIXMA TS7451I + 1 Set Reservetinte + Fotopapier druckst du deine Urlaubsfotos direkt aus. Zu diesem Drucker erh\u00e4ltst du einen zus\u00e4tzlichen Satz Patronen und 50 B\u00f6gen Canon Fotopapier. Der Canon PIXMA TS7451I ist ein Multifunktions-Tintenstrahl-Farbdrucker f\u00fcr zu Hause, mit dem du auf kreative Weise Fotos ausdruckst. Dieser Drucker unterst\u00fctzt nicht nur Standard-Fotopapier, sondern auch magnetisches Papier und Klebepapier. Wenn du dein Smartphone oder Tablet nutzt, sendest du deine Druckauftr\u00e4ge einfach kabellos an den PIXMA Drucker. Eine andere praktische Funktion ist der automatische Dokumenteneinzug (ADF). Lege bis zu 35 DIN-A4-Bl\u00e4tter in den ADF-Einzug und scanne oder kopiere den Stapel in einem Durchgang.   Geeignet f\u00fcr Canon PIXMA Print Plan  Dieser Drucker eignet sich f\u00fcr den Canon PIXMA Print Plan. Dabei handelt es sich um einen Tintenservice, der dir eine bestimmte Anzahl Ausdrucke f\u00fcr einen festen Monatsbetrag zur Verf\u00fcgung stellt. Dein Drucker bestellt selbstst\u00e4ndig neue Patronen, wenn diese fast leer sind, die anschlie\u00dfend kostenlos geliefert werden. So geht dir nie mehr die Tinte aus. M\u00f6chtest du mehr \u00fcber den PIXMA Print Plan erfahren? Sieh dir unseren Beratungsartikel an.<\/p>\n","protected":false},"excerpt":{"rendered":"<p>Mit diesem Set aus Canon PIXMA TS7451I + 1 Set Reservetinte + Fotopapier druckst du deine Urlaubsfotos direkt aus. Zu diesem Drucker erh\u00e4ltst du einen zus\u00e4tzlichen Satz Patronen und 50 B\u00f6gen Canon Fotopapier. Der Canon PIXMA TS7451I ist ein Multifunktions-Tintenstrahl-Farbdrucker f\u00fcr zu Hause, mit dem du auf kreative Weise Fotos ausdruckst. Dieser Drucker unterst\u00fctzt nicht nur Standard-Fotopapier, sondern auch magnetisches Papier und Klebepapier. Wenn du dein Smartphone oder Tablet nutzt, sendest du deine Druckauftr\u00e4ge einfach kabellos an den PIXMA Drucker. Eine andere praktische Funktion ist der automatische Dokumenteneinzug (ADF). Lege bis zu 35 DIN-A4-Bl\u00e4tter in den ADF-Einzug und scanne oder kopiere den Stapel in einem Durchgang.   Geeignet f\u00fcr Canon PIXMA Print Plan  Dieser Drucker eignet sich f\u00fcr den Canon PIXMA Print Plan. Dabei handelt es sich um einen Tintenservice, der dir eine bestimmte Anzahl Ausdrucke f\u00fcr einen festen Monatsbetrag zur Verf\u00fcgung stellt. Dein Drucker bestellt selbstst\u00e4ndig neue Patronen, wenn diese fast leer sind, die anschlie\u00dfend kostenlos geliefert werden. So geht dir nie mehr die Tinte aus. M\u00f6chtest du mehr \u00fcber den PIXMA Print Plan erfahren? Sieh dir unseren Beratungsartikel an.<\/p>\n","protected":false},"featured_media":0,"comment_status":"closed","ping_status":"open","template":"","meta":{"_acf_changed":false},"brand":[61],"product_brand":[],"product_cat":[2205],"product_tag":[2206],"class_list":{"0":"post-80403","1":"product","2":"type-product","3":"status-publish","5":"brand-canon","6":"product_cat-drucker","7":"product_tag-inkjetprinters","8":"pa_condition-new","9":"pa_coolblue-de-verzending-morgen-gratis-geliefert","10":"pa_ean-21777","12":"first","13":"instock","14":"product-type-external"},"acf":[],"_links":{"self":[{"href":"https:\/\/onlinehardwareshop.de\/index.php\/wp-json\/wp\/v2\/product\/80403","targetHints":{"allow":["GET"]}}],"collection":[{"href":"https:\/\/onlinehardwareshop.de\/index.php\/wp-json\/wp\/v2\/product"}],"about":[{"href":"https:\/\/onlinehardwareshop.de\/index.php\/wp-json\/wp\/v2\/types\/product"}],"replies":[{"embeddable":true,"href":"https:\/\/onlinehardwareshop.de\/index.php\/wp-json\/wp\/v2\/comments?post=80403"}],"wp:attachment":[{"href":"https:\/\/onlinehardwareshop.de\/index.php\/wp-json\/wp\/v2\/media?parent=80403"}],"wp:term":[{"taxonomy":"brand","embeddable":true,"href":"https:\/\/onlinehardwareshop.de\/index.php\/wp-json\/wp\/v2\/brand?post=80403"},{"taxonomy":"product_brand","embeddable":true,"href":"https:\/\/onlinehardwareshop.de\/index.php\/wp-json\/wp\/v2\/product_brand?post=80403"},{"taxonomy":"product_cat","embeddable":true,"href":"https:\/\/onlinehardwareshop.de\/index.php\/wp-json\/wp\/v2\/product_cat?post=80403"},{"taxonomy":"product_tag","embeddable":true,"href":"https:\/\/onlinehardwareshop.de\/index.php\/wp-json\/wp\/v2\/product_tag?post=80403"}],"curies":[{"name":"wp","href":"https:\/\/api.w.org\/{rel}","templated":true}]}}