{"id":80400,"date":"2025-02-28T03:56:49","date_gmt":"2025-02-28T03:56:49","guid":{"rendered":"https:\/\/onlinehardwareshop.de\/index.php\/produkt\/canon-pixma-ts5350i-1-satz-reservetinte-fotopapier-2\/"},"modified":"2025-05-14T13:10:30","modified_gmt":"2025-05-14T13:10:30","slug":"canon-pixma-ts5350i-1-satz-reservetinte-fotopapier","status":"publish","type":"product","link":"https:\/\/onlinehardwareshop.de\/index.php\/produkt\/canon-pixma-ts5350i-1-satz-reservetinte-fotopapier\/","title":{"rendered":"Canon PIXMA TS5350I + 1 Satz Reservetinte + Fotopapier"},"content":{"rendered":"<p>Lege dir mit dem Set aus Canon PIXMA TS5350I + 1 Satz Reservetinte + Fotopapier einen Tintenvorrat zu. Neben dem Patronenset erh\u00e4ltst du 50 B\u00f6gen Fotopapier. Der Canon PIXMA TS5350I ist ein Multifunktions-Tintenstrahldrucker f\u00fcr den Heimgebrauch. Dieser Drucker eignet sich nicht nur zum Drucken, sondern auch zum Scannen und Kopieren. Durch die hohe Druckaufl\u00f6sung von 4.800\u00a0x 1.200\u00a0dpi werden Abbildungen und Grafiken scharf gedruckt. Das Fotopapier bewahrst du in einer separaten Papierkassette auf. Damit entfallen st\u00e4ndige Papierwechsel. \u00dcber Wi-Fi Direct stellst du eine Verbindung mit dem Drucker her, sodass du den Drucker nicht erst mit einem Modem verbindest. Deine Druckauftr\u00e4ge versendest du \u00fcber ein USB-Kabel, Apple AirPrint oder \u00fcber E-Mail-Druck.   Geeignet f\u00fcr den Canon PIXMA Print Plan  Dieser Drucker eignet sich f\u00fcr den Canon PIXMA Print Plan. Dabei handelt es sich um einen Tintenservice, der dir eine bestimmte Anzahl Ausdrucke f\u00fcr einen festen Monatsbetrag zur Verf\u00fcgung stellt. Dein Drucker bestellt selbstst\u00e4ndig neue Patronen, wenn diese fast leer sind, die kostenlos geliefert werden. So geht dir nie mehr die Tinte aus. M\u00f6chtest du mehr \u00fcber den PIXMA Print Plan erfahren? Sieh dir unseren Beratungsartikel an.<\/p>\n","protected":false},"excerpt":{"rendered":"<p>Lege dir mit dem Set aus Canon PIXMA TS5350I + 1 Satz Reservetinte + Fotopapier einen Tintenvorrat zu. Neben dem Patronenset erh\u00e4ltst du 50 B\u00f6gen Fotopapier. Der Canon PIXMA TS5350I ist ein Multifunktions-Tintenstrahldrucker f\u00fcr den Heimgebrauch. Dieser Drucker eignet sich nicht nur zum Drucken, sondern auch zum Scannen und Kopieren. Durch die hohe Druckaufl\u00f6sung von 4.800\u00a0x 1.200\u00a0dpi werden Abbildungen und Grafiken scharf gedruckt. Das Fotopapier bewahrst du in einer separaten Papierkassette auf. Damit entfallen st\u00e4ndige Papierwechsel. \u00dcber Wi-Fi Direct stellst du eine Verbindung mit dem Drucker her, sodass du den Drucker nicht erst mit einem Modem verbindest. Deine Druckauftr\u00e4ge versendest du \u00fcber ein USB-Kabel, Apple AirPrint oder \u00fcber E-Mail-Druck.   Geeignet f\u00fcr den Canon PIXMA Print Plan  Dieser Drucker eignet sich f\u00fcr den Canon PIXMA Print Plan. Dabei handelt es sich um einen Tintenservice, der dir eine bestimmte Anzahl Ausdrucke f\u00fcr einen festen Monatsbetrag zur Verf\u00fcgung stellt. Dein Drucker bestellt selbstst\u00e4ndig neue Patronen, wenn diese fast leer sind, die kostenlos geliefert werden. So geht dir nie mehr die Tinte aus. M\u00f6chtest du mehr \u00fcber den PIXMA Print Plan erfahren? Sieh dir unseren Beratungsartikel an.<\/p>\n","protected":false},"featured_media":0,"comment_status":"closed","ping_status":"open","template":"","meta":{"_acf_changed":false},"brand":[61],"product_brand":[],"product_cat":[2205],"product_tag":[2206],"class_list":{"0":"post-80400","1":"product","2":"type-product","3":"status-publish","5":"brand-canon","6":"product_cat-drucker","7":"product_tag-inkjetprinters","8":"pa_condition-new","9":"pa_coolblue-de-verzending-morgen-gratis-geliefert","10":"pa_ean-21774","12":"first","13":"instock","14":"product-type-external"},"acf":[],"_links":{"self":[{"href":"https:\/\/onlinehardwareshop.de\/index.php\/wp-json\/wp\/v2\/product\/80400","targetHints":{"allow":["GET"]}}],"collection":[{"href":"https:\/\/onlinehardwareshop.de\/index.php\/wp-json\/wp\/v2\/product"}],"about":[{"href":"https:\/\/onlinehardwareshop.de\/index.php\/wp-json\/wp\/v2\/types\/product"}],"replies":[{"embeddable":true,"href":"https:\/\/onlinehardwareshop.de\/index.php\/wp-json\/wp\/v2\/comments?post=80400"}],"wp:attachment":[{"href":"https:\/\/onlinehardwareshop.de\/index.php\/wp-json\/wp\/v2\/media?parent=80400"}],"wp:term":[{"taxonomy":"brand","embeddable":true,"href":"https:\/\/onlinehardwareshop.de\/index.php\/wp-json\/wp\/v2\/brand?post=80400"},{"taxonomy":"product_brand","embeddable":true,"href":"https:\/\/onlinehardwareshop.de\/index.php\/wp-json\/wp\/v2\/product_brand?post=80400"},{"taxonomy":"product_cat","embeddable":true,"href":"https:\/\/onlinehardwareshop.de\/index.php\/wp-json\/wp\/v2\/product_cat?post=80400"},{"taxonomy":"product_tag","embeddable":true,"href":"https:\/\/onlinehardwareshop.de\/index.php\/wp-json\/wp\/v2\/product_tag?post=80400"}],"curies":[{"name":"wp","href":"https:\/\/api.w.org\/{rel}","templated":true}]}}