{"id":80392,"date":"2024-06-13T14:47:07","date_gmt":"2024-06-13T14:47:07","guid":{"rendered":"https:\/\/onlinehardwareshop.de\/index.php\/produkt\/yamaha-yh-wl500-2\/"},"modified":"2025-05-14T13:09:54","modified_gmt":"2025-05-14T13:09:54","slug":"yamaha-yh-wl500","status":"publish","type":"product","link":"https:\/\/onlinehardwareshop.de\/index.php\/produkt\/yamaha-yh-wl500\/","title":{"rendered":"Yamaha YH-WL500"},"content":{"rendered":"<p>Der Yamaha YH-WL500 ist ein guter Kopfh\u00f6rer, wenn du E-Gitarre oder E-Drums spielst. Der Kopfh\u00f6rer hat eine Latenz von nur 4 Millisekunden. Das sorgt daf\u00fcr, dass du zwischen dem Moment, in dem du eine Klaviertaste ber\u00fchrst, und dem Moment, in dem du den Ton h\u00f6rst, praktisch keine Verz\u00f6gerung wahrnimmst. Der Kopfh\u00f6rer hat ein halboffenes Design. Dadurch h\u00f6rst du neben der Musik, die du spielst, auch deine Umgebung. Das halboffene Design sorgt au\u00dferdem daf\u00fcr, dass mehr frische Luft an deine Ohren gelangt. So h\u00f6rst du l\u00e4nger Musik, ohne dass sich der Kopfh\u00f6rer mit der Zeit unangenehm anf\u00fchlt. \u00dcber Bluetooth verbindest du den Kopfh\u00f6rer auch mit deinem Smartphone. Auf diese Weise machst du \u00fcber Spotify mit deinen Lieblingsk\u00fcnstlern zusammen Musik.<\/p>\n","protected":false},"excerpt":{"rendered":"<p>Der Yamaha YH-WL500 ist ein guter Kopfh\u00f6rer, wenn du E-Gitarre oder E-Drums spielst. Der Kopfh\u00f6rer hat eine Latenz von nur 4 Millisekunden. Das sorgt daf\u00fcr, dass du zwischen dem Moment, in dem du eine Klaviertaste ber\u00fchrst, und dem Moment, in dem du den Ton h\u00f6rst, praktisch keine Verz\u00f6gerung wahrnimmst. Der Kopfh\u00f6rer hat ein halboffenes Design. Dadurch h\u00f6rst du neben der Musik, die du spielst, auch deine Umgebung. Das halboffene Design sorgt au\u00dferdem daf\u00fcr, dass mehr frische Luft an deine Ohren gelangt. So h\u00f6rst du l\u00e4nger Musik, ohne dass sich der Kopfh\u00f6rer mit der Zeit unangenehm anf\u00fchlt. \u00dcber Bluetooth verbindest du den Kopfh\u00f6rer auch mit deinem Smartphone. Auf diese Weise machst du \u00fcber Spotify mit deinen Lieblingsk\u00fcnstlern zusammen Musik.<\/p>\n","protected":false},"featured_media":0,"comment_status":"closed","ping_status":"open","template":"","meta":{"_acf_changed":false},"brand":[2259],"product_brand":[],"product_cat":[1182],"product_tag":[1183],"class_list":{"0":"post-80392","1":"product","2":"type-product","3":"status-publish","5":"brand-yamaha","6":"product_cat-kopfhrer","7":"product_tag-hoofdtelefoons-zonder-noisecancelling","8":"pa_condition-new","9":"pa_coolblue-de-verzending-morgen-gratis-geliefert","10":"pa_ean-21759","11":"pa_mpn-gyhwl500","13":"first","14":"instock","15":"product-type-external"},"acf":[],"_links":{"self":[{"href":"https:\/\/onlinehardwareshop.de\/index.php\/wp-json\/wp\/v2\/product\/80392","targetHints":{"allow":["GET"]}}],"collection":[{"href":"https:\/\/onlinehardwareshop.de\/index.php\/wp-json\/wp\/v2\/product"}],"about":[{"href":"https:\/\/onlinehardwareshop.de\/index.php\/wp-json\/wp\/v2\/types\/product"}],"replies":[{"embeddable":true,"href":"https:\/\/onlinehardwareshop.de\/index.php\/wp-json\/wp\/v2\/comments?post=80392"}],"wp:attachment":[{"href":"https:\/\/onlinehardwareshop.de\/index.php\/wp-json\/wp\/v2\/media?parent=80392"}],"wp:term":[{"taxonomy":"brand","embeddable":true,"href":"https:\/\/onlinehardwareshop.de\/index.php\/wp-json\/wp\/v2\/brand?post=80392"},{"taxonomy":"product_brand","embeddable":true,"href":"https:\/\/onlinehardwareshop.de\/index.php\/wp-json\/wp\/v2\/product_brand?post=80392"},{"taxonomy":"product_cat","embeddable":true,"href":"https:\/\/onlinehardwareshop.de\/index.php\/wp-json\/wp\/v2\/product_cat?post=80392"},{"taxonomy":"product_tag","embeddable":true,"href":"https:\/\/onlinehardwareshop.de\/index.php\/wp-json\/wp\/v2\/product_tag?post=80392"}],"curies":[{"name":"wp","href":"https:\/\/api.w.org\/{rel}","templated":true}]}}