{"id":80385,"date":"2025-05-13T03:31:10","date_gmt":"2025-05-13T03:31:10","guid":{"rendered":"https:\/\/onlinehardwareshop.de\/index.php\/produkt\/makita-kappsgeblatt-holz-efficut-190x-20x-185-25t-2\/"},"modified":"2025-05-14T13:09:11","modified_gmt":"2025-05-14T13:09:11","slug":"makita-kappsgeblatt-holz-efficut-190x-20x-185-25t","status":"publish","type":"product","link":"https:\/\/onlinehardwareshop.de\/index.php\/produkt\/makita-kappsgeblatt-holz-efficut-190x-20x-185-25t\/","title":{"rendered":"Makita Kapps&#xE4;geblatt Holz Efficut 190&#xA0;x 20&#xA0;x 1,85 25&#xA0;T"},"content":{"rendered":"<p>Mit dem Makita Kapps\u00e4geblatt Holz Efficut 190\u00a0x 20\u00a0x 1,85 25\u00a0T s\u00e4gst du im Handumdrehen Laminat, MDF und (Hart-)Holz. Dank der speziellen Zahngeometrie sind die 25 Z\u00e4hne besonders scharf, sodass du deine Werkst\u00fccke im Nu durchs\u00e4gst. Das Kapps\u00e4geblatt hat einen Au\u00dfendurchmesser von 190\u00a0mm und eine Bohrung von 20\u00a0mm. \u00dcberpr\u00fcfe vorab genau, ob es zu deiner Kapps\u00e4ge passt.<\/p>\n","protected":false},"excerpt":{"rendered":"<p>Mit dem Makita Kapps\u00e4geblatt Holz Efficut 190\u00a0x 20\u00a0x 1,85 25\u00a0T s\u00e4gst du im Handumdrehen Laminat, MDF und (Hart-)Holz. Dank der speziellen Zahngeometrie sind die 25 Z\u00e4hne besonders scharf, sodass du deine Werkst\u00fccke im Nu durchs\u00e4gst. Das Kapps\u00e4geblatt hat einen Au\u00dfendurchmesser von 190\u00a0mm und eine Bohrung von 20\u00a0mm. \u00dcberpr\u00fcfe vorab genau, ob es zu deiner Kapps\u00e4ge passt.<\/p>\n","protected":false},"featured_media":0,"comment_status":"closed","ping_status":"open","template":"","meta":{"_acf_changed":false},"brand":[42],"product_brand":[],"product_cat":[333],"product_tag":[334],"class_list":{"0":"post-80385","1":"product","2":"type-product","3":"status-publish","5":"brand-makita","6":"product_cat-sgebltter","7":"product_tag-zaagbladen","8":"pa_condition-new","9":"pa_coolblue-de-verzending-morgen-gratis-geliefert","10":"pa_ean-21725","11":"pa_mpn-e-11140","13":"first","14":"instock","15":"product-type-external"},"acf":[],"_links":{"self":[{"href":"https:\/\/onlinehardwareshop.de\/index.php\/wp-json\/wp\/v2\/product\/80385","targetHints":{"allow":["GET"]}}],"collection":[{"href":"https:\/\/onlinehardwareshop.de\/index.php\/wp-json\/wp\/v2\/product"}],"about":[{"href":"https:\/\/onlinehardwareshop.de\/index.php\/wp-json\/wp\/v2\/types\/product"}],"replies":[{"embeddable":true,"href":"https:\/\/onlinehardwareshop.de\/index.php\/wp-json\/wp\/v2\/comments?post=80385"}],"wp:attachment":[{"href":"https:\/\/onlinehardwareshop.de\/index.php\/wp-json\/wp\/v2\/media?parent=80385"}],"wp:term":[{"taxonomy":"brand","embeddable":true,"href":"https:\/\/onlinehardwareshop.de\/index.php\/wp-json\/wp\/v2\/brand?post=80385"},{"taxonomy":"product_brand","embeddable":true,"href":"https:\/\/onlinehardwareshop.de\/index.php\/wp-json\/wp\/v2\/product_brand?post=80385"},{"taxonomy":"product_cat","embeddable":true,"href":"https:\/\/onlinehardwareshop.de\/index.php\/wp-json\/wp\/v2\/product_cat?post=80385"},{"taxonomy":"product_tag","embeddable":true,"href":"https:\/\/onlinehardwareshop.de\/index.php\/wp-json\/wp\/v2\/product_tag?post=80385"}],"curies":[{"name":"wp","href":"https:\/\/api.w.org\/{rel}","templated":true}]}}