{"id":80368,"date":"2025-02-10T12:19:03","date_gmt":"2025-02-10T12:19:03","guid":{"rendered":"https:\/\/onlinehardwareshop.de\/index.php\/produkt\/owl-labs-meeting-owl-4-und-owl-bar-2\/"},"modified":"2025-05-14T13:07:45","modified_gmt":"2025-05-14T13:07:45","slug":"owl-labs-meeting-owl-4-und-owl-bar","status":"publish","type":"product","link":"https:\/\/onlinehardwareshop.de\/index.php\/produkt\/owl-labs-meeting-owl-4-und-owl-bar\/","title":{"rendered":"Owl Labs Meeting Owl 4+ und Owl Bar"},"content":{"rendered":"<p>Statte deinen mittelgro\u00dfen bis gro\u00dfen Konferenzraum mit diesem Set aus Owl Labs Meeting Owl 4+ und Owl Bar aus und mache ihn damit komplett. Dieses Set eignet sich f\u00fcr R\u00e4ume, in denen die Teilnehmer sowohl auf den Bildschirm schauen als auch miteinander interagieren. So sind alle immer gut im Bild und niemand verpasst irgendwas, auch nicht in der letzten Reihe. Dank der 4K-Aufl\u00f6sung dieser beiden Webcams sind alle Personen gestochen scharf im Bild. Platziere die Owl 4+ zum Beispiel auf einem Tisch und montiere die Owl Bar mithilfe der mitgelieferten Wandhalterung an der Wand. Die Owl Webcams sind smart und stellen immer auf die richtige Person scharf. Die acht omnidirektionalen Smart Mics der Meeting Owl und die vier omnidirektionalen Mikrofone der Owl Bar sorgen daf\u00fcr, dass alle immer gut zu verstehen sind. Du verbindest die Kameras kabellos miteinander und legst sofort los. Die Owl Kameras funktionieren au\u00dferdem mit allen g\u00e4ngigen Programmen f\u00fcr Videoanrufe.<\/p>\n","protected":false},"excerpt":{"rendered":"<p>Statte deinen mittelgro\u00dfen bis gro\u00dfen Konferenzraum mit diesem Set aus Owl Labs Meeting Owl 4+ und Owl Bar aus und mache ihn damit komplett. Dieses Set eignet sich f\u00fcr R\u00e4ume, in denen die Teilnehmer sowohl auf den Bildschirm schauen als auch miteinander interagieren. So sind alle immer gut im Bild und niemand verpasst irgendwas, auch nicht in der letzten Reihe. Dank der 4K-Aufl\u00f6sung dieser beiden Webcams sind alle Personen gestochen scharf im Bild. Platziere die Owl 4+ zum Beispiel auf einem Tisch und montiere die Owl Bar mithilfe der mitgelieferten Wandhalterung an der Wand. Die Owl Webcams sind smart und stellen immer auf die richtige Person scharf. Die acht omnidirektionalen Smart Mics der Meeting Owl und die vier omnidirektionalen Mikrofone der Owl Bar sorgen daf\u00fcr, dass alle immer gut zu verstehen sind. Du verbindest die Kameras kabellos miteinander und legst sofort los. Die Owl Kameras funktionieren au\u00dferdem mit allen g\u00e4ngigen Programmen f\u00fcr Videoanrufe.<\/p>\n","protected":false},"featured_media":0,"comment_status":"closed","ping_status":"open","template":"","meta":{"_acf_changed":false},"brand":[10838],"product_brand":[],"product_cat":[999],"product_tag":[1000],"class_list":{"0":"post-80368","1":"product","2":"type-product","3":"status-publish","5":"brand-owl-labs","6":"product_cat-webcams","7":"product_tag-webcams","8":"pa_condition-new","9":"pa_coolblue-de-verzending-morgen-gratis-geliefert","10":"pa_ean-21692","12":"first","13":"instock","14":"product-type-external"},"acf":[],"_links":{"self":[{"href":"https:\/\/onlinehardwareshop.de\/index.php\/wp-json\/wp\/v2\/product\/80368","targetHints":{"allow":["GET"]}}],"collection":[{"href":"https:\/\/onlinehardwareshop.de\/index.php\/wp-json\/wp\/v2\/product"}],"about":[{"href":"https:\/\/onlinehardwareshop.de\/index.php\/wp-json\/wp\/v2\/types\/product"}],"replies":[{"embeddable":true,"href":"https:\/\/onlinehardwareshop.de\/index.php\/wp-json\/wp\/v2\/comments?post=80368"}],"wp:attachment":[{"href":"https:\/\/onlinehardwareshop.de\/index.php\/wp-json\/wp\/v2\/media?parent=80368"}],"wp:term":[{"taxonomy":"brand","embeddable":true,"href":"https:\/\/onlinehardwareshop.de\/index.php\/wp-json\/wp\/v2\/brand?post=80368"},{"taxonomy":"product_brand","embeddable":true,"href":"https:\/\/onlinehardwareshop.de\/index.php\/wp-json\/wp\/v2\/product_brand?post=80368"},{"taxonomy":"product_cat","embeddable":true,"href":"https:\/\/onlinehardwareshop.de\/index.php\/wp-json\/wp\/v2\/product_cat?post=80368"},{"taxonomy":"product_tag","embeddable":true,"href":"https:\/\/onlinehardwareshop.de\/index.php\/wp-json\/wp\/v2\/product_tag?post=80368"}],"curies":[{"name":"wp","href":"https:\/\/api.w.org\/{rel}","templated":true}]}}