{"id":80367,"date":"2024-10-05T13:33:17","date_gmt":"2024-10-05T13:33:17","guid":{"rendered":"https:\/\/onlinehardwareshop.de\/index.php\/produkt\/owl-labs-meeting-owl-4-und-expansion-mic-2\/"},"modified":"2025-05-14T13:07:40","modified_gmt":"2025-05-14T13:07:40","slug":"owl-labs-meeting-owl-4-und-expansion-mic","status":"publish","type":"product","link":"https:\/\/onlinehardwareshop.de\/index.php\/produkt\/owl-labs-meeting-owl-4-und-expansion-mic\/","title":{"rendered":"Owl Labs Meeting Owl 4+ und Expansion Mic"},"content":{"rendered":"<p>Mit dem Set aus Owl Labs Meeting Owl 4+ und Expansion Mic erweiterst du den Audiobereich der Owl 4+ von 5,5 Meter auf 8 Meter. Damit ist dieses Set f\u00fcr gro\u00dfe Konferenzr\u00e4ume mit vielen Teilnehmern geeignet. Die Owl Labs Meeting Owl 4+ ist eine Konferenzkamera, die ein 360-Grad-Bild aufnimmt. Dank der 4K-UHD-Aufl\u00f6sung sind alle Teilnehmer immer gestochen scharf im Bild. Die in dieser Webcam integrierte Owl Intelligence System Software bringt dank KI-Unterst\u00fctzung dabei immer sofort die Person ins Bild, die gerade spricht. Leisere Stimmen werden mithilfe des Smart Mics automatisch verst\u00e4rkt. Die Owl funktioniert au\u00dferdem mit allen g\u00e4ngigen Videokonferenzprogrammen. Schlie\u00dfe das Expansion Mic \u00fcber das mitgeleiferte Micro-HDMI-Kabel an die Owl 4+ an und lege sofort los. Du bewegst dich damit in einem Radius von 8 Metern, weshalb sich dieses Set auch sehr gut f\u00fcr gr\u00f6\u00dfere Konferenzr\u00e4ume eignet. Da du das Mikrofon in einem Abstand von mindestens 1,8 Metern von der Owl platzierst, k\u00f6nnen auch andere Teilnehmer die Stummschaltetaste auf dem Expansion Mic erreichen.<\/p>\n","protected":false},"excerpt":{"rendered":"<p>Mit dem Set aus Owl Labs Meeting Owl 4+ und Expansion Mic erweiterst du den Audiobereich der Owl 4+ von 5,5 Meter auf 8 Meter. Damit ist dieses Set f\u00fcr gro\u00dfe Konferenzr\u00e4ume mit vielen Teilnehmern geeignet. Die Owl Labs Meeting Owl 4+ ist eine Konferenzkamera, die ein 360-Grad-Bild aufnimmt. Dank der 4K-UHD-Aufl\u00f6sung sind alle Teilnehmer immer gestochen scharf im Bild. Die in dieser Webcam integrierte Owl Intelligence System Software bringt dank KI-Unterst\u00fctzung dabei immer sofort die Person ins Bild, die gerade spricht. Leisere Stimmen werden mithilfe des Smart Mics automatisch verst\u00e4rkt. Die Owl funktioniert au\u00dferdem mit allen g\u00e4ngigen Videokonferenzprogrammen. Schlie\u00dfe das Expansion Mic \u00fcber das mitgeleiferte Micro-HDMI-Kabel an die Owl 4+ an und lege sofort los. Du bewegst dich damit in einem Radius von 8 Metern, weshalb sich dieses Set auch sehr gut f\u00fcr gr\u00f6\u00dfere Konferenzr\u00e4ume eignet. Da du das Mikrofon in einem Abstand von mindestens 1,8 Metern von der Owl platzierst, k\u00f6nnen auch andere Teilnehmer die Stummschaltetaste auf dem Expansion Mic erreichen.<\/p>\n","protected":false},"featured_media":0,"comment_status":"closed","ping_status":"open","template":"","meta":{"_acf_changed":false},"brand":[10838],"product_brand":[],"product_cat":[999],"product_tag":[1000],"class_list":{"0":"post-80367","1":"product","2":"type-product","3":"status-publish","5":"brand-owl-labs","6":"product_cat-webcams","7":"product_tag-webcams","8":"pa_condition-new","9":"pa_coolblue-de-verzending-morgen-gratis-geliefert","10":"pa_ean-21691","12":"first","13":"instock","14":"product-type-external"},"acf":[],"_links":{"self":[{"href":"https:\/\/onlinehardwareshop.de\/index.php\/wp-json\/wp\/v2\/product\/80367","targetHints":{"allow":["GET"]}}],"collection":[{"href":"https:\/\/onlinehardwareshop.de\/index.php\/wp-json\/wp\/v2\/product"}],"about":[{"href":"https:\/\/onlinehardwareshop.de\/index.php\/wp-json\/wp\/v2\/types\/product"}],"replies":[{"embeddable":true,"href":"https:\/\/onlinehardwareshop.de\/index.php\/wp-json\/wp\/v2\/comments?post=80367"}],"wp:attachment":[{"href":"https:\/\/onlinehardwareshop.de\/index.php\/wp-json\/wp\/v2\/media?parent=80367"}],"wp:term":[{"taxonomy":"brand","embeddable":true,"href":"https:\/\/onlinehardwareshop.de\/index.php\/wp-json\/wp\/v2\/brand?post=80367"},{"taxonomy":"product_brand","embeddable":true,"href":"https:\/\/onlinehardwareshop.de\/index.php\/wp-json\/wp\/v2\/product_brand?post=80367"},{"taxonomy":"product_cat","embeddable":true,"href":"https:\/\/onlinehardwareshop.de\/index.php\/wp-json\/wp\/v2\/product_cat?post=80367"},{"taxonomy":"product_tag","embeddable":true,"href":"https:\/\/onlinehardwareshop.de\/index.php\/wp-json\/wp\/v2\/product_tag?post=80367"}],"curies":[{"name":"wp","href":"https:\/\/api.w.org\/{rel}","templated":true}]}}