{"id":80347,"date":"2024-09-05T05:05:21","date_gmt":"2024-09-05T05:05:21","guid":{"rendered":"https:\/\/onlinehardwareshop.de\/index.php\/produkt\/oral-b-pro-junior-frozen-2\/"},"modified":"2025-05-14T13:05:59","modified_gmt":"2025-05-14T13:05:59","slug":"oral-b-pro-junior-frozen","status":"publish","type":"product","link":"https:\/\/onlinehardwareshop.de\/index.php\/produkt\/oral-b-pro-junior-frozen\/","title":{"rendered":"Oral-B Pro Junior Frozen"},"content":{"rendered":"<p>Die Oral-B Pro Junior Frozen ist eine elektrische Zahnb\u00fcrste f\u00fcr Kinder ab sechs Jahren. Mit der Disney Magic Timer App lernt dein Kind auf spielerische Weise, sich gut und selbstst\u00e4ndig die Z\u00e4hne zu putzen. In der App erh\u00e4lt es beispielsweise eine digitale Belohnung, wenn es zwei Minuten lang putzt. Die Zahnb\u00fcrste gibt auch an, wenn die zwei Minuten vorbei sind. Es stehen drei unterschiedliche Putzprogramme zur Auswahl. Neben dem Standardprogramm gibt es auch eine Stufe f\u00fcr empfindliche Z\u00e4hne und zum Polieren. Dank der weichen, d\u00fcnnen Borsten putzt dein Kind immer bequem. Der Putzdrucksensor zeigt mit einem roten Lichtsignal an, wenn dein Kind die Zahnb\u00fcrste zu fest andr\u00fcckt. Das verhindert Besch\u00e4digungen am Zahnfleisch. Mit voller Akkuladung h\u00e4lt die Zahnb\u00fcrste 56 Minuten lang.<\/p>\n","protected":false},"excerpt":{"rendered":"<p>Die Oral-B Pro Junior Frozen ist eine elektrische Zahnb\u00fcrste f\u00fcr Kinder ab sechs Jahren. Mit der Disney Magic Timer App lernt dein Kind auf spielerische Weise, sich gut und selbstst\u00e4ndig die Z\u00e4hne zu putzen. In der App erh\u00e4lt es beispielsweise eine digitale Belohnung, wenn es zwei Minuten lang putzt. Die Zahnb\u00fcrste gibt auch an, wenn die zwei Minuten vorbei sind. Es stehen drei unterschiedliche Putzprogramme zur Auswahl. Neben dem Standardprogramm gibt es auch eine Stufe f\u00fcr empfindliche Z\u00e4hne und zum Polieren. Dank der weichen, d\u00fcnnen Borsten putzt dein Kind immer bequem. Der Putzdrucksensor zeigt mit einem roten Lichtsignal an, wenn dein Kind die Zahnb\u00fcrste zu fest andr\u00fcckt. Das verhindert Besch\u00e4digungen am Zahnfleisch. Mit voller Akkuladung h\u00e4lt die Zahnb\u00fcrste 56 Minuten lang.<\/p>\n","protected":false},"featured_media":0,"comment_status":"closed","ping_status":"open","template":"","meta":{"_acf_changed":false},"brand":[6076],"product_brand":[],"product_cat":[3925],"product_tag":[6242],"class_list":{"0":"post-80347","1":"product","2":"type-product","3":"status-publish","5":"brand-oral-b","6":"product_cat-elektrische-zahnbrsten","7":"product_tag-elektrische-kindertandenborstels","8":"pa_condition-new","9":"pa_coolblue-de-verzending-morgen-gratis-geliefert","10":"pa_ean-21646","11":"pa_mpn-21647","13":"first","14":"instock","15":"product-type-external"},"acf":[],"_links":{"self":[{"href":"https:\/\/onlinehardwareshop.de\/index.php\/wp-json\/wp\/v2\/product\/80347","targetHints":{"allow":["GET"]}}],"collection":[{"href":"https:\/\/onlinehardwareshop.de\/index.php\/wp-json\/wp\/v2\/product"}],"about":[{"href":"https:\/\/onlinehardwareshop.de\/index.php\/wp-json\/wp\/v2\/types\/product"}],"replies":[{"embeddable":true,"href":"https:\/\/onlinehardwareshop.de\/index.php\/wp-json\/wp\/v2\/comments?post=80347"}],"wp:attachment":[{"href":"https:\/\/onlinehardwareshop.de\/index.php\/wp-json\/wp\/v2\/media?parent=80347"}],"wp:term":[{"taxonomy":"brand","embeddable":true,"href":"https:\/\/onlinehardwareshop.de\/index.php\/wp-json\/wp\/v2\/brand?post=80347"},{"taxonomy":"product_brand","embeddable":true,"href":"https:\/\/onlinehardwareshop.de\/index.php\/wp-json\/wp\/v2\/product_brand?post=80347"},{"taxonomy":"product_cat","embeddable":true,"href":"https:\/\/onlinehardwareshop.de\/index.php\/wp-json\/wp\/v2\/product_cat?post=80347"},{"taxonomy":"product_tag","embeddable":true,"href":"https:\/\/onlinehardwareshop.de\/index.php\/wp-json\/wp\/v2\/product_tag?post=80347"}],"curies":[{"name":"wp","href":"https:\/\/api.w.org\/{rel}","templated":true}]}}