{"id":80344,"date":"2024-04-12T01:09:10","date_gmt":"2024-04-12T01:09:10","guid":{"rendered":"https:\/\/onlinehardwareshop.de\/index.php\/produkt\/oral-b-pro-kids-frozen-2\/"},"modified":"2025-05-14T13:05:49","modified_gmt":"2025-05-14T13:05:49","slug":"oral-b-pro-kids-frozen","status":"publish","type":"product","link":"https:\/\/onlinehardwareshop.de\/index.php\/produkt\/oral-b-pro-kids-frozen\/","title":{"rendered":"Oral-B Pro Kids Frozen"},"content":{"rendered":"<p>Die Oral-B Pro Kids Frozen ist eine elektrische Zahnb\u00fcste f\u00fcr Kinder zwischen drei und sechs Jahren. Mit der Disney Magic Timer App bringst du deinem Kind auf spielerische Weise eine gute Putztechnik bei. Die App gibt beispielsweise eine Belohnung, wenn man zwei Minuten lang putzt. Es ist auch ein Timer in der Zahnb\u00fcrste integriert. Das Z\u00e4hneputzen ist f\u00fcr dein Kind immer angenehm, da die Zahnb\u00fcrste eine sanfte Stufe und besonders weiche Borsten hat. Dank der runden Form der B\u00fcrste reinigt diese Milchz\u00e4hne vollst\u00e4ndig und auch bis tief in die Zahnzwischenr\u00e4ume. Du erh\u00e4ltst vier Aufkleber von der Eisk\u00f6nigin dazu. So entscheidet dein Kind selbst, wie die Zahnb\u00fcrste aussieht. Mit voller Akkuladung h\u00e4lt die Zahnb\u00fcste 32 Minuten lang.<\/p>\n","protected":false},"excerpt":{"rendered":"<p>Die Oral-B Pro Kids Frozen ist eine elektrische Zahnb\u00fcste f\u00fcr Kinder zwischen drei und sechs Jahren. Mit der Disney Magic Timer App bringst du deinem Kind auf spielerische Weise eine gute Putztechnik bei. Die App gibt beispielsweise eine Belohnung, wenn man zwei Minuten lang putzt. Es ist auch ein Timer in der Zahnb\u00fcrste integriert. Das Z\u00e4hneputzen ist f\u00fcr dein Kind immer angenehm, da die Zahnb\u00fcrste eine sanfte Stufe und besonders weiche Borsten hat. Dank der runden Form der B\u00fcrste reinigt diese Milchz\u00e4hne vollst\u00e4ndig und auch bis tief in die Zahnzwischenr\u00e4ume. Du erh\u00e4ltst vier Aufkleber von der Eisk\u00f6nigin dazu. So entscheidet dein Kind selbst, wie die Zahnb\u00fcrste aussieht. Mit voller Akkuladung h\u00e4lt die Zahnb\u00fcste 32 Minuten lang.<\/p>\n","protected":false},"featured_media":0,"comment_status":"closed","ping_status":"open","template":"","meta":{"_acf_changed":false},"brand":[6076],"product_brand":[],"product_cat":[3925],"product_tag":[6242],"class_list":{"0":"post-80344","1":"product","2":"type-product","3":"status-publish","5":"brand-oral-b","6":"product_cat-elektrische-zahnbrsten","7":"product_tag-elektrische-kindertandenborstels","8":"pa_condition-new","9":"pa_coolblue-de-verzending-morgen-gratis-geliefert","10":"pa_ean-21640","11":"pa_mpn-21641","13":"first","14":"instock","15":"product-type-external"},"acf":[],"_links":{"self":[{"href":"https:\/\/onlinehardwareshop.de\/index.php\/wp-json\/wp\/v2\/product\/80344","targetHints":{"allow":["GET"]}}],"collection":[{"href":"https:\/\/onlinehardwareshop.de\/index.php\/wp-json\/wp\/v2\/product"}],"about":[{"href":"https:\/\/onlinehardwareshop.de\/index.php\/wp-json\/wp\/v2\/types\/product"}],"replies":[{"embeddable":true,"href":"https:\/\/onlinehardwareshop.de\/index.php\/wp-json\/wp\/v2\/comments?post=80344"}],"wp:attachment":[{"href":"https:\/\/onlinehardwareshop.de\/index.php\/wp-json\/wp\/v2\/media?parent=80344"}],"wp:term":[{"taxonomy":"brand","embeddable":true,"href":"https:\/\/onlinehardwareshop.de\/index.php\/wp-json\/wp\/v2\/brand?post=80344"},{"taxonomy":"product_brand","embeddable":true,"href":"https:\/\/onlinehardwareshop.de\/index.php\/wp-json\/wp\/v2\/product_brand?post=80344"},{"taxonomy":"product_cat","embeddable":true,"href":"https:\/\/onlinehardwareshop.de\/index.php\/wp-json\/wp\/v2\/product_cat?post=80344"},{"taxonomy":"product_tag","embeddable":true,"href":"https:\/\/onlinehardwareshop.de\/index.php\/wp-json\/wp\/v2\/product_tag?post=80344"}],"curies":[{"name":"wp","href":"https:\/\/api.w.org\/{rel}","templated":true}]}}