{"id":80343,"date":"2024-07-06T03:22:17","date_gmt":"2024-07-06T03:22:17","guid":{"rendered":"https:\/\/onlinehardwareshop.de\/index.php\/produkt\/logitech-zone-300-kabelloses-office-headset-schwarz\/"},"modified":"2025-05-14T13:05:39","modified_gmt":"2025-05-14T13:05:39","slug":"logitech-zone-300-kabelloses-office-headset-schwarz","status":"publish","type":"product","link":"https:\/\/onlinehardwareshop.de\/index.php\/produkt\/logitech-zone-300-kabelloses-office-headset-schwarz\/","title":{"rendered":"Logitech Zone 300 kabelloses Office-Headset Schwarz"},"content":{"rendered":"<p>F\u00fchre mit dem Logitech Zone 300 kabelloses Office-Headset Schwarz kabellose Gespr\u00e4che. Dank der Bluetooth-Verbindung mit einem Abstand von maximal 30\u00a0Metern holst du dir w\u00e4hrend des Anrufs bequem einen Kaffee. Du verbindest das Headset \u00fcber Bluetooth mit deinem PC, Smartphone oder Laptop. Dank des rauschunterdr\u00fcckenden Mikrofons werden deine Gespr\u00e4chspartner nicht durch Umgebungsger\u00e4usche gest\u00f6rt. H\u00f6re bis zu 20 Stunden lang Musik und telefoniere bis zu 16 Stunden lang, ohne das Headset zwischendurch aufzuladen. Ist der Akku leer? Dann l\u00e4dst du das Headset innerhalb von 2 Stunden vollst\u00e4ndig wieder auf. Nach 5 Minuten laden ist es f\u00fcr eine weitere Stunde einsatzbereit. Dank Multipoint Bluetooth verbindest du das Headset mit zwei Ger\u00e4ten gleichzeitig. So wechselst du schnell zwischen einem Gespr\u00e4ch und deiner Spotify Playlist.<\/p>\n","protected":false},"excerpt":{"rendered":"<p>F\u00fchre mit dem Logitech Zone 300 kabelloses Office-Headset Schwarz kabellose Gespr\u00e4che. Dank der Bluetooth-Verbindung mit einem Abstand von maximal 30\u00a0Metern holst du dir w\u00e4hrend des Anrufs bequem einen Kaffee. Du verbindest das Headset \u00fcber Bluetooth mit deinem PC, Smartphone oder Laptop. Dank des rauschunterdr\u00fcckenden Mikrofons werden deine Gespr\u00e4chspartner nicht durch Umgebungsger\u00e4usche gest\u00f6rt. H\u00f6re bis zu 20 Stunden lang Musik und telefoniere bis zu 16 Stunden lang, ohne das Headset zwischendurch aufzuladen. Ist der Akku leer? Dann l\u00e4dst du das Headset innerhalb von 2 Stunden vollst\u00e4ndig wieder auf. Nach 5 Minuten laden ist es f\u00fcr eine weitere Stunde einsatzbereit. Dank Multipoint Bluetooth verbindest du das Headset mit zwei Ger\u00e4ten gleichzeitig. So wechselst du schnell zwischen einem Gespr\u00e4ch und deiner Spotify Playlist.<\/p>\n","protected":false},"featured_media":0,"comment_status":"closed","ping_status":"open","template":"","meta":{"_acf_changed":false},"brand":[32],"product_brand":[],"product_cat":[257],"product_tag":[258],"class_list":{"0":"post-80343","1":"product","2":"type-product","3":"status-publish","5":"brand-logitech","6":"product_cat-office-headsets","7":"product_tag-headsets-office","8":"pa_condition-new","9":"pa_coolblue-de-verzending-morgen-gratis-geliefert","10":"pa_ean-34063","11":"pa_mpn-981-001407","13":"first","14":"instock","15":"product-type-external"},"acf":[],"_links":{"self":[{"href":"https:\/\/onlinehardwareshop.de\/index.php\/wp-json\/wp\/v2\/product\/80343","targetHints":{"allow":["GET"]}}],"collection":[{"href":"https:\/\/onlinehardwareshop.de\/index.php\/wp-json\/wp\/v2\/product"}],"about":[{"href":"https:\/\/onlinehardwareshop.de\/index.php\/wp-json\/wp\/v2\/types\/product"}],"replies":[{"embeddable":true,"href":"https:\/\/onlinehardwareshop.de\/index.php\/wp-json\/wp\/v2\/comments?post=80343"}],"wp:attachment":[{"href":"https:\/\/onlinehardwareshop.de\/index.php\/wp-json\/wp\/v2\/media?parent=80343"}],"wp:term":[{"taxonomy":"brand","embeddable":true,"href":"https:\/\/onlinehardwareshop.de\/index.php\/wp-json\/wp\/v2\/brand?post=80343"},{"taxonomy":"product_brand","embeddable":true,"href":"https:\/\/onlinehardwareshop.de\/index.php\/wp-json\/wp\/v2\/product_brand?post=80343"},{"taxonomy":"product_cat","embeddable":true,"href":"https:\/\/onlinehardwareshop.de\/index.php\/wp-json\/wp\/v2\/product_cat?post=80343"},{"taxonomy":"product_tag","embeddable":true,"href":"https:\/\/onlinehardwareshop.de\/index.php\/wp-json\/wp\/v2\/product_tag?post=80343"}],"curies":[{"name":"wp","href":"https:\/\/api.w.org\/{rel}","templated":true}]}}