{"id":80324,"date":"2024-06-30T01:38:17","date_gmt":"2024-06-30T01:38:17","guid":{"rendered":"https:\/\/onlinehardwareshop.de\/index.php\/produkt\/jbl-quantum100m2-wei-2\/"},"modified":"2025-05-14T13:04:08","modified_gmt":"2025-05-14T13:04:08","slug":"jbl-quantum100m2-wei","status":"publish","type":"product","link":"https:\/\/onlinehardwareshop.de\/index.php\/produkt\/jbl-quantum100m2-wei\/","title":{"rendered":"JBL Quantum&#xA0;100M2 Wei&#xDF;"},"content":{"rendered":"<p>Spiele deine Games in Stereo mit dem wei\u00dfen JBL Quantum\u00a0100M2. Du verbindest dieses Gaming-Headset dank des 3,5-mm-Anschlusses einfach mit jeder Plattform. Die QuantumSound Technologie verst\u00e4rkt In-Game-Sounds wie den Bass und andere T\u00f6ne, sodass du deine Spiele in guter Klangqualit\u00e4t erlebst. Dieses leichte Gaming-Headset wiegt nur 220\u00a0Gramm. Dadurch sp\u00fcrst du es beim Tragen kaum und spielst stundenlang ohne Nackenbeschwerden. Spielst du \u00f6fter im Single-Player-Modus oder ben\u00f6tigst kein Mikrofon? Dann l\u00e4sst sich das Mikrofon einfach vom Headset entfernen.<\/p>\n","protected":false},"excerpt":{"rendered":"<p>Spiele deine Games in Stereo mit dem wei\u00dfen JBL Quantum\u00a0100M2. Du verbindest dieses Gaming-Headset dank des 3,5-mm-Anschlusses einfach mit jeder Plattform. Die QuantumSound Technologie verst\u00e4rkt In-Game-Sounds wie den Bass und andere T\u00f6ne, sodass du deine Spiele in guter Klangqualit\u00e4t erlebst. Dieses leichte Gaming-Headset wiegt nur 220\u00a0Gramm. Dadurch sp\u00fcrst du es beim Tragen kaum und spielst stundenlang ohne Nackenbeschwerden. Spielst du \u00f6fter im Single-Player-Modus oder ben\u00f6tigst kein Mikrofon? Dann l\u00e4sst sich das Mikrofon einfach vom Headset entfernen.<\/p>\n","protected":false},"featured_media":0,"comment_status":"closed","ping_status":"open","template":"","meta":{"_acf_changed":false},"brand":[5677],"product_brand":[],"product_cat":[3435],"product_tag":[3436],"class_list":{"0":"post-80324","1":"product","2":"type-product","3":"status-publish","5":"brand-jbl","6":"product_cat-gaming-headsets","7":"product_tag-gaming-headsets","8":"pa_condition-new","9":"pa_coolblue-de-verzending-morgen-gratis-geliefert","10":"pa_ean-31006","11":"pa_mpn-jblqtum100m2wht","13":"first","14":"instock","15":"product-type-external"},"acf":[],"_links":{"self":[{"href":"https:\/\/onlinehardwareshop.de\/index.php\/wp-json\/wp\/v2\/product\/80324","targetHints":{"allow":["GET"]}}],"collection":[{"href":"https:\/\/onlinehardwareshop.de\/index.php\/wp-json\/wp\/v2\/product"}],"about":[{"href":"https:\/\/onlinehardwareshop.de\/index.php\/wp-json\/wp\/v2\/types\/product"}],"replies":[{"embeddable":true,"href":"https:\/\/onlinehardwareshop.de\/index.php\/wp-json\/wp\/v2\/comments?post=80324"}],"wp:attachment":[{"href":"https:\/\/onlinehardwareshop.de\/index.php\/wp-json\/wp\/v2\/media?parent=80324"}],"wp:term":[{"taxonomy":"brand","embeddable":true,"href":"https:\/\/onlinehardwareshop.de\/index.php\/wp-json\/wp\/v2\/brand?post=80324"},{"taxonomy":"product_brand","embeddable":true,"href":"https:\/\/onlinehardwareshop.de\/index.php\/wp-json\/wp\/v2\/product_brand?post=80324"},{"taxonomy":"product_cat","embeddable":true,"href":"https:\/\/onlinehardwareshop.de\/index.php\/wp-json\/wp\/v2\/product_cat?post=80324"},{"taxonomy":"product_tag","embeddable":true,"href":"https:\/\/onlinehardwareshop.de\/index.php\/wp-json\/wp\/v2\/product_tag?post=80324"}],"curies":[{"name":"wp","href":"https:\/\/api.w.org\/{rel}","templated":true}]}}