{"id":80320,"date":"2024-05-30T21:01:35","date_gmt":"2024-05-30T21:01:35","guid":{"rendered":"https:\/\/onlinehardwareshop.de\/index.php\/produkt\/jbl-quantum100n-2\/"},"modified":"2025-05-14T13:03:53","modified_gmt":"2025-05-14T13:03:53","slug":"jbl-quantum100n","status":"publish","type":"product","link":"https:\/\/onlinehardwareshop.de\/index.php\/produkt\/jbl-quantum100n\/","title":{"rendered":"JBL Quantum&#xA0;100N"},"content":{"rendered":"<p>Spiele deine Nintendo-Games in Stereo mit dem JBL Quantum\u00a0100N Gaming-Headset f\u00fcr die Nintendo Switch. Dieses Gaming-Headset schlie\u00dft du \u00fcber ein 3,5-mm-Audiokabel an. Das Headset ist also Plug &#038; Play und sofort einsatzbereit. Die QuantumSound Technologie verst\u00e4rkt In-Game-Sounds wie den Bass und andere T\u00f6ne, sodass du deine Spiele in guter Klangqualit\u00e4t erlebst. Dieses leichte Gaming-Headset wiegt nur 220\u00a0Gramm. Dadurch sp\u00fcrst du es beim Tragen kaum und spielst stundenlang ohne Nackenbeschwerden. Spielst du \u00f6fter im Single-Player-Modus oder ben\u00f6tigst kein Mikrofon? Dann l\u00e4sst sich das Mikrofon einfach vom Headset entfernen. <\/p>\n<p> Hinweis: Dieses Gaming-Headset wurde f\u00fcr die Nintendo Switch entwickelt, l\u00e4sst sich aber auch per Kabel an andere Plattformen anschlie\u00dfen.<\/p>\n","protected":false},"excerpt":{"rendered":"<p>Spiele deine Nintendo-Games in Stereo mit dem JBL Quantum\u00a0100N Gaming-Headset f\u00fcr die Nintendo Switch. Dieses Gaming-Headset schlie\u00dft du \u00fcber ein 3,5-mm-Audiokabel an. Das Headset ist also Plug &#038; Play und sofort einsatzbereit. Die QuantumSound Technologie verst\u00e4rkt In-Game-Sounds wie den Bass und andere T\u00f6ne, sodass du deine Spiele in guter Klangqualit\u00e4t erlebst. Dieses leichte Gaming-Headset wiegt nur 220\u00a0Gramm. Dadurch sp\u00fcrst du es beim Tragen kaum und spielst stundenlang ohne Nackenbeschwerden. Spielst du \u00f6fter im Single-Player-Modus oder ben\u00f6tigst kein Mikrofon? Dann l\u00e4sst sich das Mikrofon einfach vom Headset entfernen. <\/p>\n<p> Hinweis: Dieses Gaming-Headset wurde f\u00fcr die Nintendo Switch entwickelt, l\u00e4sst sich aber auch per Kabel an andere Plattformen anschlie\u00dfen.<\/p>\n","protected":false},"featured_media":0,"comment_status":"closed","ping_status":"open","template":"","meta":{"_acf_changed":false},"brand":[5677],"product_brand":[],"product_cat":[3435],"product_tag":[3436],"class_list":{"0":"post-80320","1":"product","2":"type-product","3":"status-publish","5":"brand-jbl","6":"product_cat-gaming-headsets","7":"product_tag-gaming-headsets","8":"pa_condition-new","9":"pa_coolblue-de-verzending-morgen-gratis-geliefert","10":"pa_ean-21588","11":"pa_mpn-jblqtum100n","13":"first","14":"instock","15":"product-type-external"},"acf":[],"_links":{"self":[{"href":"https:\/\/onlinehardwareshop.de\/index.php\/wp-json\/wp\/v2\/product\/80320","targetHints":{"allow":["GET"]}}],"collection":[{"href":"https:\/\/onlinehardwareshop.de\/index.php\/wp-json\/wp\/v2\/product"}],"about":[{"href":"https:\/\/onlinehardwareshop.de\/index.php\/wp-json\/wp\/v2\/types\/product"}],"replies":[{"embeddable":true,"href":"https:\/\/onlinehardwareshop.de\/index.php\/wp-json\/wp\/v2\/comments?post=80320"}],"wp:attachment":[{"href":"https:\/\/onlinehardwareshop.de\/index.php\/wp-json\/wp\/v2\/media?parent=80320"}],"wp:term":[{"taxonomy":"brand","embeddable":true,"href":"https:\/\/onlinehardwareshop.de\/index.php\/wp-json\/wp\/v2\/brand?post=80320"},{"taxonomy":"product_brand","embeddable":true,"href":"https:\/\/onlinehardwareshop.de\/index.php\/wp-json\/wp\/v2\/product_brand?post=80320"},{"taxonomy":"product_cat","embeddable":true,"href":"https:\/\/onlinehardwareshop.de\/index.php\/wp-json\/wp\/v2\/product_cat?post=80320"},{"taxonomy":"product_tag","embeddable":true,"href":"https:\/\/onlinehardwareshop.de\/index.php\/wp-json\/wp\/v2\/product_tag?post=80320"}],"curies":[{"name":"wp","href":"https:\/\/api.w.org\/{rel}","templated":true}]}}