{"id":80295,"date":"2025-02-09T03:06:03","date_gmt":"2025-02-09T03:06:03","guid":{"rendered":"https:\/\/onlinehardwareshop.de\/index.php\/produkt\/bosch-kreissgeblatt-top-precision-best-for-wood-165x-20x-18mm-48t-2\/"},"modified":"2025-05-14T13:02:12","modified_gmt":"2025-05-14T13:02:12","slug":"bosch-kreissgeblatt-top-precision-best-for-wood-165x-20x-18mm-48t","status":"publish","type":"product","link":"https:\/\/onlinehardwareshop.de\/index.php\/produkt\/bosch-kreissgeblatt-top-precision-best-for-wood-165x-20x-18mm-48t\/","title":{"rendered":"Bosch Kreiss&#xE4;geblatt Top Precision Best for Wood 165&#xA0;x 20&#xA0;x 1,8&#xA0;mm 48&#xA0;T"},"content":{"rendered":"<p>Mit dem Bosch Kreiss\u00e4geblatt Top Precision Best for Wood 165\u00a0x 20\u00a0x 1,8\u00a0mm 48\u00a0T s\u00e4gst du die verschiedensten Holzarten. Die 48 Z\u00e4hne garantieren dir ein sch\u00f6nes und splitterfreies Ergebnis. Dank der Cleantex Schutzschicht ist es noch dazu besonders glatt. Das Kreiss\u00e4geblatt Top Precision Best for Wood hat einen Au\u00dfendurchmesser von 165\u00a0mm. Die Bohrung betr\u00e4gt 20\u00a0mm. \u00dcberpr\u00fcfe vorab genau, ob es zu deiner S\u00e4ge passt.<\/p>\n","protected":false},"excerpt":{"rendered":"<p>Mit dem Bosch Kreiss\u00e4geblatt Top Precision Best for Wood 165\u00a0x 20\u00a0x 1,8\u00a0mm 48\u00a0T s\u00e4gst du die verschiedensten Holzarten. Die 48 Z\u00e4hne garantieren dir ein sch\u00f6nes und splitterfreies Ergebnis. Dank der Cleantex Schutzschicht ist es noch dazu besonders glatt. Das Kreiss\u00e4geblatt Top Precision Best for Wood hat einen Au\u00dfendurchmesser von 165\u00a0mm. Die Bohrung betr\u00e4gt 20\u00a0mm. \u00dcberpr\u00fcfe vorab genau, ob es zu deiner S\u00e4ge passt.<\/p>\n","protected":false},"featured_media":0,"comment_status":"closed","ping_status":"open","template":"","meta":{"_acf_changed":false},"brand":[332],"product_brand":[],"product_cat":[333],"product_tag":[334],"class_list":{"0":"post-80295","1":"product","2":"type-product","3":"status-publish","5":"brand-bosch-professional","6":"product_cat-sgebltter","7":"product_tag-zaagbladen","8":"pa_condition-new","9":"pa_coolblue-de-verzending-morgen-gratis-geliefert","10":"pa_ean-21538","11":"pa_mpn-21539","13":"first","14":"instock","15":"product-type-external"},"acf":[],"_links":{"self":[{"href":"https:\/\/onlinehardwareshop.de\/index.php\/wp-json\/wp\/v2\/product\/80295","targetHints":{"allow":["GET"]}}],"collection":[{"href":"https:\/\/onlinehardwareshop.de\/index.php\/wp-json\/wp\/v2\/product"}],"about":[{"href":"https:\/\/onlinehardwareshop.de\/index.php\/wp-json\/wp\/v2\/types\/product"}],"replies":[{"embeddable":true,"href":"https:\/\/onlinehardwareshop.de\/index.php\/wp-json\/wp\/v2\/comments?post=80295"}],"wp:attachment":[{"href":"https:\/\/onlinehardwareshop.de\/index.php\/wp-json\/wp\/v2\/media?parent=80295"}],"wp:term":[{"taxonomy":"brand","embeddable":true,"href":"https:\/\/onlinehardwareshop.de\/index.php\/wp-json\/wp\/v2\/brand?post=80295"},{"taxonomy":"product_brand","embeddable":true,"href":"https:\/\/onlinehardwareshop.de\/index.php\/wp-json\/wp\/v2\/product_brand?post=80295"},{"taxonomy":"product_cat","embeddable":true,"href":"https:\/\/onlinehardwareshop.de\/index.php\/wp-json\/wp\/v2\/product_cat?post=80295"},{"taxonomy":"product_tag","embeddable":true,"href":"https:\/\/onlinehardwareshop.de\/index.php\/wp-json\/wp\/v2\/product_tag?post=80295"}],"curies":[{"name":"wp","href":"https:\/\/api.w.org\/{rel}","templated":true}]}}