{"id":80294,"date":"2024-08-03T00:46:31","date_gmt":"2024-08-03T00:46:31","guid":{"rendered":"https:\/\/onlinehardwareshop.de\/index.php\/produkt\/bosch-kreissgeblatt-optiline-wood-190x-30x-2mm-16t-2\/"},"modified":"2025-05-14T13:02:07","modified_gmt":"2025-05-14T13:02:07","slug":"bosch-kreissgeblatt-optiline-wood-190x-30x-2mm-16t","status":"publish","type":"product","link":"https:\/\/onlinehardwareshop.de\/index.php\/produkt\/bosch-kreissgeblatt-optiline-wood-190x-30x-2mm-16t\/","title":{"rendered":"Bosch Kreiss&#xE4;geblatt Optiline Wood 190&#xA0;x 30&#xA0;x 2&#xA0;mm 16&#xA0;T"},"content":{"rendered":"<p>Mit dem Bosch Kreiss\u00e4geblatt Optiline Wood 190\u00a0x 30 \/ 2\u00a0mm 16\u00a0T s\u00e4gst du die verschiedensten Holzarten. Dank der 16 Z\u00e4hne s\u00e4gst du dein Material wie weiche Butter. Das S\u00e4geblatt hat einen Au\u00dfendurchmesser von 190\u00a0mm und eine Bohrung von 30\u00a0mm. \u00dcberpr\u00fcfe vorab genau, ob dieses Kreiss\u00e4geblatt Optiline Wood auf deine S\u00e4ge passt.<\/p>\n","protected":false},"excerpt":{"rendered":"<p>Mit dem Bosch Kreiss\u00e4geblatt Optiline Wood 190\u00a0x 30 \/ 2\u00a0mm 16\u00a0T s\u00e4gst du die verschiedensten Holzarten. Dank der 16 Z\u00e4hne s\u00e4gst du dein Material wie weiche Butter. Das S\u00e4geblatt hat einen Au\u00dfendurchmesser von 190\u00a0mm und eine Bohrung von 30\u00a0mm. \u00dcberpr\u00fcfe vorab genau, ob dieses Kreiss\u00e4geblatt Optiline Wood auf deine S\u00e4ge passt.<\/p>\n","protected":false},"featured_media":0,"comment_status":"closed","ping_status":"open","template":"","meta":{"_acf_changed":false},"brand":[332],"product_brand":[],"product_cat":[333],"product_tag":[334],"class_list":{"0":"post-80294","1":"product","2":"type-product","3":"status-publish","5":"brand-bosch-professional","6":"product_cat-sgebltter","7":"product_tag-zaagbladen","8":"pa_condition-new","9":"pa_coolblue-de-verzending-morgen-gratis-geliefert","10":"pa_ean-21536","11":"pa_mpn-21537","13":"first","14":"instock","15":"product-type-external"},"acf":[],"_links":{"self":[{"href":"https:\/\/onlinehardwareshop.de\/index.php\/wp-json\/wp\/v2\/product\/80294","targetHints":{"allow":["GET"]}}],"collection":[{"href":"https:\/\/onlinehardwareshop.de\/index.php\/wp-json\/wp\/v2\/product"}],"about":[{"href":"https:\/\/onlinehardwareshop.de\/index.php\/wp-json\/wp\/v2\/types\/product"}],"replies":[{"embeddable":true,"href":"https:\/\/onlinehardwareshop.de\/index.php\/wp-json\/wp\/v2\/comments?post=80294"}],"wp:attachment":[{"href":"https:\/\/onlinehardwareshop.de\/index.php\/wp-json\/wp\/v2\/media?parent=80294"}],"wp:term":[{"taxonomy":"brand","embeddable":true,"href":"https:\/\/onlinehardwareshop.de\/index.php\/wp-json\/wp\/v2\/brand?post=80294"},{"taxonomy":"product_brand","embeddable":true,"href":"https:\/\/onlinehardwareshop.de\/index.php\/wp-json\/wp\/v2\/product_brand?post=80294"},{"taxonomy":"product_cat","embeddable":true,"href":"https:\/\/onlinehardwareshop.de\/index.php\/wp-json\/wp\/v2\/product_cat?post=80294"},{"taxonomy":"product_tag","embeddable":true,"href":"https:\/\/onlinehardwareshop.de\/index.php\/wp-json\/wp\/v2\/product_tag?post=80294"}],"curies":[{"name":"wp","href":"https:\/\/api.w.org\/{rel}","templated":true}]}}