{"id":80293,"date":"2024-07-18T11:36:45","date_gmt":"2024-07-18T11:36:45","guid":{"rendered":"https:\/\/onlinehardwareshop.de\/index.php\/produkt\/bosch-kreissgeblatt-expert-for-multi-material-305x-30x-24mm-96t-2\/"},"modified":"2025-05-14T13:01:57","modified_gmt":"2025-05-14T13:01:57","slug":"bosch-kreissgeblatt-expert-for-multi-material-305x-30x-24mm-96t","status":"publish","type":"product","link":"https:\/\/onlinehardwareshop.de\/index.php\/produkt\/bosch-kreissgeblatt-expert-for-multi-material-305x-30x-24mm-96t\/","title":{"rendered":"Bosch Kreiss&#xE4;geblatt Expert for Multi Material 305&#xA0;x 30&#xA0;x 2,4&#xA0;mm 96&#xA0;T"},"content":{"rendered":"<p>Mit dem Bosch Kreiss\u00e4geblatt Expert for Material 305\u00a0x 30\u00a0x 2,4\u00a0mm 96\u00a0T s\u00e4gst du verschiedene Materialien, darunter zum Beispiel Holz, Aluminium oder Kunststoff. Die 96 Z\u00e4hne sorgen dabei f\u00fcr ein sch\u00f6nes und  splitterfreies Ergebnis. Dank der besonderen Schutzschicht h\u00e4lt das S\u00e4geblatt au\u00dferdem l\u00e4nger. Es verf\u00fcgt \u00fcber einen Au\u00dfendurchmesser von 305\u00a0mm und eine Bohrung von 30\u00a0mm. \u00dcberpr\u00fcfe vorab genau, ob das Kreiss\u00e4geblatt Expert for Multi Material auf deine S\u00e4ge passt.<\/p>\n","protected":false},"excerpt":{"rendered":"<p>Mit dem Bosch Kreiss\u00e4geblatt Expert for Material 305\u00a0x 30\u00a0x 2,4\u00a0mm 96\u00a0T s\u00e4gst du verschiedene Materialien, darunter zum Beispiel Holz, Aluminium oder Kunststoff. Die 96 Z\u00e4hne sorgen dabei f\u00fcr ein sch\u00f6nes und  splitterfreies Ergebnis. Dank der besonderen Schutzschicht h\u00e4lt das S\u00e4geblatt au\u00dferdem l\u00e4nger. Es verf\u00fcgt \u00fcber einen Au\u00dfendurchmesser von 305\u00a0mm und eine Bohrung von 30\u00a0mm. \u00dcberpr\u00fcfe vorab genau, ob das Kreiss\u00e4geblatt Expert for Multi Material auf deine S\u00e4ge passt.<\/p>\n","protected":false},"featured_media":0,"comment_status":"closed","ping_status":"open","template":"","meta":{"_acf_changed":false},"brand":[332],"product_brand":[],"product_cat":[333],"product_tag":[334],"class_list":{"0":"post-80293","1":"product","2":"type-product","3":"status-publish","5":"brand-bosch-professional","6":"product_cat-sgebltter","7":"product_tag-zaagbladen","8":"pa_condition-new","9":"pa_coolblue-de-verzending-morgen-gratis-geliefert","10":"pa_ean-21532","11":"pa_mpn-21533","13":"first","14":"instock","15":"product-type-external"},"acf":[],"_links":{"self":[{"href":"https:\/\/onlinehardwareshop.de\/index.php\/wp-json\/wp\/v2\/product\/80293","targetHints":{"allow":["GET"]}}],"collection":[{"href":"https:\/\/onlinehardwareshop.de\/index.php\/wp-json\/wp\/v2\/product"}],"about":[{"href":"https:\/\/onlinehardwareshop.de\/index.php\/wp-json\/wp\/v2\/types\/product"}],"replies":[{"embeddable":true,"href":"https:\/\/onlinehardwareshop.de\/index.php\/wp-json\/wp\/v2\/comments?post=80293"}],"wp:attachment":[{"href":"https:\/\/onlinehardwareshop.de\/index.php\/wp-json\/wp\/v2\/media?parent=80293"}],"wp:term":[{"taxonomy":"brand","embeddable":true,"href":"https:\/\/onlinehardwareshop.de\/index.php\/wp-json\/wp\/v2\/brand?post=80293"},{"taxonomy":"product_brand","embeddable":true,"href":"https:\/\/onlinehardwareshop.de\/index.php\/wp-json\/wp\/v2\/product_brand?post=80293"},{"taxonomy":"product_cat","embeddable":true,"href":"https:\/\/onlinehardwareshop.de\/index.php\/wp-json\/wp\/v2\/product_cat?post=80293"},{"taxonomy":"product_tag","embeddable":true,"href":"https:\/\/onlinehardwareshop.de\/index.php\/wp-json\/wp\/v2\/product_tag?post=80293"}],"curies":[{"name":"wp","href":"https:\/\/api.w.org\/{rel}","templated":true}]}}