{"id":80292,"date":"2024-10-24T04:01:58","date_gmt":"2024-10-24T04:01:58","guid":{"rendered":"https:\/\/onlinehardwareshop.de\/index.php\/produkt\/bosch-kreissgeblatt-multi-material-254x-30x-32mm-60t-2\/"},"modified":"2025-05-14T13:01:52","modified_gmt":"2025-05-14T13:01:52","slug":"bosch-kreissgeblatt-multi-material-254x-30x-32mm-60t","status":"publish","type":"product","link":"https:\/\/onlinehardwareshop.de\/index.php\/produkt\/bosch-kreissgeblatt-multi-material-254x-30x-32mm-60t\/","title":{"rendered":"Bosch Kreiss&#xE4;geblatt Multi Material 254&#xA0;x 30&#xA0;x 3,2&#xA0;mm 60&#xA0;T"},"content":{"rendered":"<p>Mit dem Bosch Kreiss\u00e4geblatt Expert for Material 254\u00a0x 30\u00a0x 3,2\u00a0mm 60\u00a0T s\u00e4gst du verschiedene Materialien, darunter zum Beispiel Holz, Aluminium oder Kunststoff. Die 60 Z\u00e4hne sorgen dabei f\u00fcr ein sch\u00f6nes und  splitterfreies Ergebnis. Es verf\u00fcgt \u00fcber einen Au\u00dfendurchmesser von 254\u00a0mm und eine Bohrung von 30\u00a0mm. \u00dcberpr\u00fcfe vorab genau, ob das Kreiss\u00e4geblatt Multi Material auf deine S\u00e4ge passt.<\/p>\n","protected":false},"excerpt":{"rendered":"<p>Mit dem Bosch Kreiss\u00e4geblatt Expert for Material 254\u00a0x 30\u00a0x 3,2\u00a0mm 60\u00a0T s\u00e4gst du verschiedene Materialien, darunter zum Beispiel Holz, Aluminium oder Kunststoff. Die 60 Z\u00e4hne sorgen dabei f\u00fcr ein sch\u00f6nes und  splitterfreies Ergebnis. Es verf\u00fcgt \u00fcber einen Au\u00dfendurchmesser von 254\u00a0mm und eine Bohrung von 30\u00a0mm. \u00dcberpr\u00fcfe vorab genau, ob das Kreiss\u00e4geblatt Multi Material auf deine S\u00e4ge passt.<\/p>\n","protected":false},"featured_media":0,"comment_status":"closed","ping_status":"open","template":"","meta":{"_acf_changed":false},"brand":[332],"product_brand":[],"product_cat":[333],"product_tag":[334],"class_list":{"0":"post-80292","1":"product","2":"type-product","3":"status-publish","5":"brand-bosch-professional","6":"product_cat-sgebltter","7":"product_tag-zaagbladen","8":"pa_condition-new","9":"pa_coolblue-de-verzending-morgen-gratis-geliefert","10":"pa_ean-21530","11":"pa_mpn-21531","13":"first","14":"instock","15":"product-type-external"},"acf":[],"_links":{"self":[{"href":"https:\/\/onlinehardwareshop.de\/index.php\/wp-json\/wp\/v2\/product\/80292","targetHints":{"allow":["GET"]}}],"collection":[{"href":"https:\/\/onlinehardwareshop.de\/index.php\/wp-json\/wp\/v2\/product"}],"about":[{"href":"https:\/\/onlinehardwareshop.de\/index.php\/wp-json\/wp\/v2\/types\/product"}],"replies":[{"embeddable":true,"href":"https:\/\/onlinehardwareshop.de\/index.php\/wp-json\/wp\/v2\/comments?post=80292"}],"wp:attachment":[{"href":"https:\/\/onlinehardwareshop.de\/index.php\/wp-json\/wp\/v2\/media?parent=80292"}],"wp:term":[{"taxonomy":"brand","embeddable":true,"href":"https:\/\/onlinehardwareshop.de\/index.php\/wp-json\/wp\/v2\/brand?post=80292"},{"taxonomy":"product_brand","embeddable":true,"href":"https:\/\/onlinehardwareshop.de\/index.php\/wp-json\/wp\/v2\/product_brand?post=80292"},{"taxonomy":"product_cat","embeddable":true,"href":"https:\/\/onlinehardwareshop.de\/index.php\/wp-json\/wp\/v2\/product_cat?post=80292"},{"taxonomy":"product_tag","embeddable":true,"href":"https:\/\/onlinehardwareshop.de\/index.php\/wp-json\/wp\/v2\/product_tag?post=80292"}],"curies":[{"name":"wp","href":"https:\/\/api.w.org\/{rel}","templated":true}]}}