{"id":80287,"date":"2024-09-02T11:34:18","date_gmt":"2024-09-02T11:34:18","guid":{"rendered":"https:\/\/onlinehardwareshop.de\/index.php\/produkt\/bosch-kreissgeblatt-fr-akkusgen-standard-for-wood-216x-30x-17-12x-2-2\/"},"modified":"2025-05-14T13:01:28","modified_gmt":"2025-05-14T13:01:28","slug":"bosch-kreissgeblatt-fr-akkusgen-standard-for-wood-216x-30x-17-12x-2","status":"publish","type":"product","link":"https:\/\/onlinehardwareshop.de\/index.php\/produkt\/bosch-kreissgeblatt-fr-akkusgen-standard-for-wood-216x-30x-17-12x-2\/","title":{"rendered":"Bosch Kreiss&#xE4;geblatt f&#xFC;r Akkus&#xE4;gen Standard for Wood 216&#xA0;x 30&#xA0;x 1,7 \/ 1,2&#xA0;x 2"},"content":{"rendered":"<p>Das Bosch Kreiss\u00e4geblatt f\u00fcr Akkus\u00e4gen Standard for Wood 216\u00a0x 30\u00a0x 1,7 \/ 1,2\u00a0x 24\u00a0T ist ein Kreiss\u00e4geblatt f\u00fcr Akkus\u00e4gen. Dieses S\u00e4geblatt ist besonders d\u00fcnn, weshalb der Widerstand geringer ist. Die Maschine ben\u00f6tigt dadurch weniger Energie und du arbeitest l\u00e4nger mit einer Akkuladung. Das S\u00e4geblatt hat einen Au\u00dfendurchmesser von 216\u00a0mm und eine Bohrung von 30\u00a0mm. \u00dcberpr\u00fcfe vorab genau, ob es auf deine S\u00e4ge passt. Mit den 24 Z\u00e4hnen des Kreiss\u00e4geblatts f\u00fcr Akkus\u00e4gen Standard for Wood s\u00e4gst du (Hart-)Holz wie Butter.<\/p>\n","protected":false},"excerpt":{"rendered":"<p>Das Bosch Kreiss\u00e4geblatt f\u00fcr Akkus\u00e4gen Standard for Wood 216\u00a0x 30\u00a0x 1,7 \/ 1,2\u00a0x 24\u00a0T ist ein Kreiss\u00e4geblatt f\u00fcr Akkus\u00e4gen. Dieses S\u00e4geblatt ist besonders d\u00fcnn, weshalb der Widerstand geringer ist. Die Maschine ben\u00f6tigt dadurch weniger Energie und du arbeitest l\u00e4nger mit einer Akkuladung. Das S\u00e4geblatt hat einen Au\u00dfendurchmesser von 216\u00a0mm und eine Bohrung von 30\u00a0mm. \u00dcberpr\u00fcfe vorab genau, ob es auf deine S\u00e4ge passt. Mit den 24 Z\u00e4hnen des Kreiss\u00e4geblatts f\u00fcr Akkus\u00e4gen Standard for Wood s\u00e4gst du (Hart-)Holz wie Butter.<\/p>\n","protected":false},"featured_media":0,"comment_status":"closed","ping_status":"open","template":"","meta":{"_acf_changed":false},"brand":[250],"product_brand":[],"product_cat":[333],"product_tag":[334],"class_list":{"0":"post-80287","1":"product","2":"type-product","3":"status-publish","5":"brand-bosch","6":"product_cat-sgebltter","7":"product_tag-zaagbladen","8":"pa_condition-new","9":"pa_coolblue-de-verzending-morgen-gratis-geliefert","10":"pa_ean-21520","11":"pa_mpn-21521","13":"first","14":"instock","15":"product-type-external"},"acf":[],"_links":{"self":[{"href":"https:\/\/onlinehardwareshop.de\/index.php\/wp-json\/wp\/v2\/product\/80287","targetHints":{"allow":["GET"]}}],"collection":[{"href":"https:\/\/onlinehardwareshop.de\/index.php\/wp-json\/wp\/v2\/product"}],"about":[{"href":"https:\/\/onlinehardwareshop.de\/index.php\/wp-json\/wp\/v2\/types\/product"}],"replies":[{"embeddable":true,"href":"https:\/\/onlinehardwareshop.de\/index.php\/wp-json\/wp\/v2\/comments?post=80287"}],"wp:attachment":[{"href":"https:\/\/onlinehardwareshop.de\/index.php\/wp-json\/wp\/v2\/media?parent=80287"}],"wp:term":[{"taxonomy":"brand","embeddable":true,"href":"https:\/\/onlinehardwareshop.de\/index.php\/wp-json\/wp\/v2\/brand?post=80287"},{"taxonomy":"product_brand","embeddable":true,"href":"https:\/\/onlinehardwareshop.de\/index.php\/wp-json\/wp\/v2\/product_brand?post=80287"},{"taxonomy":"product_cat","embeddable":true,"href":"https:\/\/onlinehardwareshop.de\/index.php\/wp-json\/wp\/v2\/product_cat?post=80287"},{"taxonomy":"product_tag","embeddable":true,"href":"https:\/\/onlinehardwareshop.de\/index.php\/wp-json\/wp\/v2\/product_tag?post=80287"}],"curies":[{"name":"wp","href":"https:\/\/api.w.org\/{rel}","templated":true}]}}