{"id":80285,"date":"2024-12-02T23:15:33","date_gmt":"2024-12-02T23:15:33","guid":{"rendered":"https:\/\/onlinehardwareshop.de\/index.php\/produkt\/bosch-stichsgeblatt-t144-d-speed-for-wood-3x-2\/"},"modified":"2025-05-14T13:01:19","modified_gmt":"2025-05-14T13:01:19","slug":"bosch-stichsgeblatt-t144-d-speed-for-wood-3x","status":"publish","type":"product","link":"https:\/\/onlinehardwareshop.de\/index.php\/produkt\/bosch-stichsgeblatt-t144-d-speed-for-wood-3x\/","title":{"rendered":"Bosch Stichs&#xE4;geblatt T144 D Speed for Wood 3x"},"content":{"rendered":"<p>S\u00e4ge mit dem Bosch Stichs\u00e4geblatt T144 D Speed for Wood 3x Set im Handumdrehen Holz und MDF. Das S\u00e4geblatt ist 100\u00a0mm lang, sodass du damit problemlos Bretter mit einer maximalen Dicke von 50\u00a0mm s\u00e4gst. Du bekommst insgesamt drei Stichs\u00e4gebl\u00e4tter und hast dadurch direkt einen Vorrat f\u00fcr deine Werkstatt. So arbeitest du ohne Unterbrechungen und greifst im Notfall auf das Stichs\u00e4geblatt T144 D Speed for Wood 3x Set als Reserve zur\u00fcck.<\/p>\n","protected":false},"excerpt":{"rendered":"<p>S\u00e4ge mit dem Bosch Stichs\u00e4geblatt T144 D Speed for Wood 3x Set im Handumdrehen Holz und MDF. Das S\u00e4geblatt ist 100\u00a0mm lang, sodass du damit problemlos Bretter mit einer maximalen Dicke von 50\u00a0mm s\u00e4gst. Du bekommst insgesamt drei Stichs\u00e4gebl\u00e4tter und hast dadurch direkt einen Vorrat f\u00fcr deine Werkstatt. So arbeitest du ohne Unterbrechungen und greifst im Notfall auf das Stichs\u00e4geblatt T144 D Speed for Wood 3x Set als Reserve zur\u00fcck.<\/p>\n","protected":false},"featured_media":0,"comment_status":"closed","ping_status":"open","template":"","meta":{"_acf_changed":false},"brand":[250],"product_brand":[],"product_cat":[333],"product_tag":[334],"class_list":{"0":"post-80285","1":"product","2":"type-product","3":"status-publish","5":"brand-bosch","6":"product_cat-sgebltter","7":"product_tag-zaagbladen","8":"pa_condition-new","9":"pa_coolblue-de-verzending-morgen-gratis-geliefert","10":"pa_ean-21516","11":"pa_mpn-21517","13":"first","14":"instock","15":"product-type-external"},"acf":[],"_links":{"self":[{"href":"https:\/\/onlinehardwareshop.de\/index.php\/wp-json\/wp\/v2\/product\/80285","targetHints":{"allow":["GET"]}}],"collection":[{"href":"https:\/\/onlinehardwareshop.de\/index.php\/wp-json\/wp\/v2\/product"}],"about":[{"href":"https:\/\/onlinehardwareshop.de\/index.php\/wp-json\/wp\/v2\/types\/product"}],"replies":[{"embeddable":true,"href":"https:\/\/onlinehardwareshop.de\/index.php\/wp-json\/wp\/v2\/comments?post=80285"}],"wp:attachment":[{"href":"https:\/\/onlinehardwareshop.de\/index.php\/wp-json\/wp\/v2\/media?parent=80285"}],"wp:term":[{"taxonomy":"brand","embeddable":true,"href":"https:\/\/onlinehardwareshop.de\/index.php\/wp-json\/wp\/v2\/brand?post=80285"},{"taxonomy":"product_brand","embeddable":true,"href":"https:\/\/onlinehardwareshop.de\/index.php\/wp-json\/wp\/v2\/product_brand?post=80285"},{"taxonomy":"product_cat","embeddable":true,"href":"https:\/\/onlinehardwareshop.de\/index.php\/wp-json\/wp\/v2\/product_cat?post=80285"},{"taxonomy":"product_tag","embeddable":true,"href":"https:\/\/onlinehardwareshop.de\/index.php\/wp-json\/wp\/v2\/product_tag?post=80285"}],"curies":[{"name":"wp","href":"https:\/\/api.w.org\/{rel}","templated":true}]}}