{"id":80246,"date":"2024-10-17T02:11:02","date_gmt":"2024-10-17T02:11:02","guid":{"rendered":"https:\/\/onlinehardwareshop.de\/index.php\/produkt\/sennheiser-hd620s-2\/"},"modified":"2025-05-14T12:57:52","modified_gmt":"2025-05-14T12:57:52","slug":"sennheiser-hd620s","status":"publish","type":"product","link":"https:\/\/onlinehardwareshop.de\/index.php\/produkt\/sennheiser-hd620s\/","title":{"rendered":"Sennheiser HD620S"},"content":{"rendered":"<p>Du genie\u00dft realistischen Klang mit dem Sennheiser HD620S. Der Kopfh\u00f6rer ist kabelgebunden, weshalb du einen detaillierten Sound h\u00f6rst. Dank des Over-Ear-Designs tauchst du ganz in deine Lieblingsmusik ein. Zudem profitierst du dank des Designs von einem hohen Tragekomfort und tr\u00e4gst den Kopfh\u00f6rer problemlos mehrere Stunden lang. Der Kopfh\u00f6rer hat einen geschlossenen Resonanzk\u00f6rper. Dadurch dringt wenig Sound nach drau\u00dfen und h\u00f6rst du viele Details in der Musik.<\/p>\n","protected":false},"excerpt":{"rendered":"<p>Du genie\u00dft realistischen Klang mit dem Sennheiser HD620S. Der Kopfh\u00f6rer ist kabelgebunden, weshalb du einen detaillierten Sound h\u00f6rst. Dank des Over-Ear-Designs tauchst du ganz in deine Lieblingsmusik ein. Zudem profitierst du dank des Designs von einem hohen Tragekomfort und tr\u00e4gst den Kopfh\u00f6rer problemlos mehrere Stunden lang. Der Kopfh\u00f6rer hat einen geschlossenen Resonanzk\u00f6rper. Dadurch dringt wenig Sound nach drau\u00dfen und h\u00f6rst du viele Details in der Musik.<\/p>\n","protected":false},"featured_media":0,"comment_status":"closed","ping_status":"open","template":"","meta":{"_acf_changed":false},"brand":[1474],"product_brand":[],"product_cat":[1182],"product_tag":[1183],"class_list":{"0":"post-80246","1":"product","2":"type-product","3":"status-publish","5":"brand-sennheiser","6":"product_cat-kopfhrer","7":"product_tag-hoofdtelefoons-zonder-noisecancelling","8":"pa_condition-new","9":"pa_coolblue-de-verzending-morgen-gratis-geliefert","10":"pa_ean-21427","11":"pa_mpn-21428","13":"first","14":"instock","15":"product-type-external"},"acf":[],"_links":{"self":[{"href":"https:\/\/onlinehardwareshop.de\/index.php\/wp-json\/wp\/v2\/product\/80246","targetHints":{"allow":["GET"]}}],"collection":[{"href":"https:\/\/onlinehardwareshop.de\/index.php\/wp-json\/wp\/v2\/product"}],"about":[{"href":"https:\/\/onlinehardwareshop.de\/index.php\/wp-json\/wp\/v2\/types\/product"}],"replies":[{"embeddable":true,"href":"https:\/\/onlinehardwareshop.de\/index.php\/wp-json\/wp\/v2\/comments?post=80246"}],"wp:attachment":[{"href":"https:\/\/onlinehardwareshop.de\/index.php\/wp-json\/wp\/v2\/media?parent=80246"}],"wp:term":[{"taxonomy":"brand","embeddable":true,"href":"https:\/\/onlinehardwareshop.de\/index.php\/wp-json\/wp\/v2\/brand?post=80246"},{"taxonomy":"product_brand","embeddable":true,"href":"https:\/\/onlinehardwareshop.de\/index.php\/wp-json\/wp\/v2\/product_brand?post=80246"},{"taxonomy":"product_cat","embeddable":true,"href":"https:\/\/onlinehardwareshop.de\/index.php\/wp-json\/wp\/v2\/product_cat?post=80246"},{"taxonomy":"product_tag","embeddable":true,"href":"https:\/\/onlinehardwareshop.de\/index.php\/wp-json\/wp\/v2\/product_tag?post=80246"}],"curies":[{"name":"wp","href":"https:\/\/api.w.org\/{rel}","templated":true}]}}