{"id":80245,"date":"2024-10-06T11:36:34","date_gmt":"2024-10-06T11:36:34","guid":{"rendered":"https:\/\/onlinehardwareshop.de\/index.php\/produkt\/makita-trennscheibe-edelstahl-115-millimeter-12-stck-2\/"},"modified":"2025-05-14T12:57:47","modified_gmt":"2025-05-14T12:57:47","slug":"makita-trennscheibe-edelstahl-115-millimeter-12-stck","status":"publish","type":"product","link":"https:\/\/onlinehardwareshop.de\/index.php\/produkt\/makita-trennscheibe-edelstahl-115-millimeter-12-stck\/","title":{"rendered":"Makita Trennscheibe Edelstahl 115 Millimeter 12 St&#xFC;ck"},"content":{"rendered":"<p>Mit der Makita Trennscheibe Edelstahl 125 Millimeter (12 St\u00fcck) schleifst du ohne Anstrengung durch Edelstahl. Die Scheibe ist 1 Millimeter dick und passt auf einen 115-Millimeter-Winkelschleifer.  Deshalb kannst du sie f\u00fcr viele kleine Aufgaben nutzen, zum Beispiel zum Trennen von d\u00fcnnen Edelstahlrohren. Zu diesem Set geh\u00f6rten 12 Trennscheiben.<\/p>\n","protected":false},"excerpt":{"rendered":"<p>Mit der Makita Trennscheibe Edelstahl 125 Millimeter (12 St\u00fcck) schleifst du ohne Anstrengung durch Edelstahl. Die Scheibe ist 1 Millimeter dick und passt auf einen 115-Millimeter-Winkelschleifer.  Deshalb kannst du sie f\u00fcr viele kleine Aufgaben nutzen, zum Beispiel zum Trennen von d\u00fcnnen Edelstahlrohren. Zu diesem Set geh\u00f6rten 12 Trennscheiben.<\/p>\n","protected":false},"featured_media":0,"comment_status":"closed","ping_status":"open","template":"","meta":{"_acf_changed":false},"brand":[42],"product_brand":[],"product_cat":[3140],"product_tag":[3141],"class_list":{"0":"post-80245","1":"product","2":"type-product","3":"status-publish","5":"brand-makita","6":"product_cat-schleifscheiben","7":"product_tag-slijpschijven","8":"pa_condition-new","9":"pa_coolblue-de-verzending-morgen-gratis-geliefert","10":"pa_ean-21425","11":"pa_mpn-e-03034-12","13":"first","14":"instock","15":"product-type-external"},"acf":[],"_links":{"self":[{"href":"https:\/\/onlinehardwareshop.de\/index.php\/wp-json\/wp\/v2\/product\/80245","targetHints":{"allow":["GET"]}}],"collection":[{"href":"https:\/\/onlinehardwareshop.de\/index.php\/wp-json\/wp\/v2\/product"}],"about":[{"href":"https:\/\/onlinehardwareshop.de\/index.php\/wp-json\/wp\/v2\/types\/product"}],"replies":[{"embeddable":true,"href":"https:\/\/onlinehardwareshop.de\/index.php\/wp-json\/wp\/v2\/comments?post=80245"}],"wp:attachment":[{"href":"https:\/\/onlinehardwareshop.de\/index.php\/wp-json\/wp\/v2\/media?parent=80245"}],"wp:term":[{"taxonomy":"brand","embeddable":true,"href":"https:\/\/onlinehardwareshop.de\/index.php\/wp-json\/wp\/v2\/brand?post=80245"},{"taxonomy":"product_brand","embeddable":true,"href":"https:\/\/onlinehardwareshop.de\/index.php\/wp-json\/wp\/v2\/product_brand?post=80245"},{"taxonomy":"product_cat","embeddable":true,"href":"https:\/\/onlinehardwareshop.de\/index.php\/wp-json\/wp\/v2\/product_cat?post=80245"},{"taxonomy":"product_tag","embeddable":true,"href":"https:\/\/onlinehardwareshop.de\/index.php\/wp-json\/wp\/v2\/product_tag?post=80245"}],"curies":[{"name":"wp","href":"https:\/\/api.w.org\/{rel}","templated":true}]}}