{"id":80233,"date":"2024-11-13T08:19:07","date_gmt":"2024-11-13T08:19:07","guid":{"rendered":"https:\/\/onlinehardwareshop.de\/index.php\/produkt\/miele-milchbehlter-mb-cm-g-2\/"},"modified":"2025-05-14T12:56:53","modified_gmt":"2025-05-14T12:56:53","slug":"miele-milchbehlter-mb-cm-g","status":"publish","type":"product","link":"https:\/\/onlinehardwareshop.de\/index.php\/produkt\/miele-milchbehlter-mb-cm-g\/","title":{"rendered":"Miele Milchbeh&#xE4;lter MB-CM-G"},"content":{"rendered":"<p>Dank des Miele Milchbeh\u00e4lters MB-CM-G aus Glas genie\u00dft du deinen morgendlichen Kaffee mit besonders cremigem Milchschaum. Mit einem maximalen F\u00fcllvolumen von 0,7 Litern eignet sich das Gef\u00e4\u00df zudem besonders gut, wenn du Besuch hast. So bereitest du mehrere Kaffeespezialit\u00e4ten hintereinander zu. Du verwendest den Miele Milchbeh\u00e4lter mit allen freistehenden Miele CM Kaffeevollautomaten. Da er bereits mit einem Deckel und einer Milchlanze geliefert wird, ist er sofort einsatzbereit. Du schlie\u00dft ihn einfach an die Kaffeemaschine an und innerhalb weniger Minuten hast du einen leckeren Cappuccino mit einer perfekten Haube aus Milchschaum.<\/p>\n","protected":false},"excerpt":{"rendered":"<p>Dank des Miele Milchbeh\u00e4lters MB-CM-G aus Glas genie\u00dft du deinen morgendlichen Kaffee mit besonders cremigem Milchschaum. Mit einem maximalen F\u00fcllvolumen von 0,7 Litern eignet sich das Gef\u00e4\u00df zudem besonders gut, wenn du Besuch hast. So bereitest du mehrere Kaffeespezialit\u00e4ten hintereinander zu. Du verwendest den Miele Milchbeh\u00e4lter mit allen freistehenden Miele CM Kaffeevollautomaten. Da er bereits mit einem Deckel und einer Milchlanze geliefert wird, ist er sofort einsatzbereit. Du schlie\u00dft ihn einfach an die Kaffeemaschine an und innerhalb weniger Minuten hast du einen leckeren Cappuccino mit einer perfekten Haube aus Milchschaum.<\/p>\n","protected":false},"featured_media":0,"comment_status":"closed","ping_status":"open","template":"","meta":{"_acf_changed":false},"brand":[551],"product_brand":[],"product_cat":[2291],"product_tag":[2292],"class_list":{"0":"post-80233","1":"product","2":"type-product","3":"status-publish","5":"brand-miele","6":"product_cat-milchbehlter-fr-kaffeemaschinen","7":"product_tag-melkreservoirs-voor-koffiezetapparaten","8":"pa_condition-new","9":"pa_coolblue-de-verzending-morgen-gratis-geliefert","10":"pa_ean-33629","11":"pa_mpn-33630","13":"first","14":"instock","15":"product-type-external"},"acf":[],"_links":{"self":[{"href":"https:\/\/onlinehardwareshop.de\/index.php\/wp-json\/wp\/v2\/product\/80233","targetHints":{"allow":["GET"]}}],"collection":[{"href":"https:\/\/onlinehardwareshop.de\/index.php\/wp-json\/wp\/v2\/product"}],"about":[{"href":"https:\/\/onlinehardwareshop.de\/index.php\/wp-json\/wp\/v2\/types\/product"}],"replies":[{"embeddable":true,"href":"https:\/\/onlinehardwareshop.de\/index.php\/wp-json\/wp\/v2\/comments?post=80233"}],"wp:attachment":[{"href":"https:\/\/onlinehardwareshop.de\/index.php\/wp-json\/wp\/v2\/media?parent=80233"}],"wp:term":[{"taxonomy":"brand","embeddable":true,"href":"https:\/\/onlinehardwareshop.de\/index.php\/wp-json\/wp\/v2\/brand?post=80233"},{"taxonomy":"product_brand","embeddable":true,"href":"https:\/\/onlinehardwareshop.de\/index.php\/wp-json\/wp\/v2\/product_brand?post=80233"},{"taxonomy":"product_cat","embeddable":true,"href":"https:\/\/onlinehardwareshop.de\/index.php\/wp-json\/wp\/v2\/product_cat?post=80233"},{"taxonomy":"product_tag","embeddable":true,"href":"https:\/\/onlinehardwareshop.de\/index.php\/wp-json\/wp\/v2\/product_tag?post=80233"}],"curies":[{"name":"wp","href":"https:\/\/api.w.org\/{rel}","templated":true}]}}