{"id":80200,"date":"2024-07-21T08:47:42","date_gmt":"2024-07-21T08:47:42","guid":{"rendered":"https:\/\/onlinehardwareshop.de\/index.php\/produkt\/kenwood-kr-w8000scd-b-2\/"},"modified":"2025-05-14T12:54:03","modified_gmt":"2025-05-14T12:54:03","slug":"kenwood-kr-w8000scd-b","status":"publish","type":"product","link":"https:\/\/onlinehardwareshop.de\/index.php\/produkt\/kenwood-kr-w8000scd-b\/","title":{"rendered":"Kenwood KR-W8000SCD-B"},"content":{"rendered":"<p>Der Kenwood KR-W8000SCD-B ist ein All-in-One-Receiver, \u00fcber den du dein gesamtes Audio-System anschlie\u00dft. So verf\u00fcgt er \u00fcber einen integrierten CD-Player, mit dem du ganz einfach deine komplette CD-Sammlung h\u00f6rst. Au\u00dferdem schlie\u00dft du deine Gaming-Konsolen, einen Subwoofer oder einen Turntable \u00fcber die verschiedenen Eing\u00e4nge an. So richtest du dir mit mehreren Lautsprechern zum Beispiel dein Heimkino mit Surround-Sound-Setup ein. Der Receiver unterst\u00fctzt au\u00dferdem kabellose Verbindungen wie Bluetooth und WLAN. Stelle also eine Verbindung zu deinem Smartphone her und h\u00f6re dir deine Online-Musik \u00fcber die an den Receiver angeschlossenen Lautsprecher an. Dank des Kopfh\u00f6reranschlusses schaust du dir deine Filme in aller Ruhe an und genie\u00dft deine Musik in vollen Z\u00fcgen.<\/p>\n","protected":false},"excerpt":{"rendered":"<p>Der Kenwood KR-W8000SCD-B ist ein All-in-One-Receiver, \u00fcber den du dein gesamtes Audio-System anschlie\u00dft. So verf\u00fcgt er \u00fcber einen integrierten CD-Player, mit dem du ganz einfach deine komplette CD-Sammlung h\u00f6rst. Au\u00dferdem schlie\u00dft du deine Gaming-Konsolen, einen Subwoofer oder einen Turntable \u00fcber die verschiedenen Eing\u00e4nge an. So richtest du dir mit mehreren Lautsprechern zum Beispiel dein Heimkino mit Surround-Sound-Setup ein. Der Receiver unterst\u00fctzt au\u00dferdem kabellose Verbindungen wie Bluetooth und WLAN. Stelle also eine Verbindung zu deinem Smartphone her und h\u00f6re dir deine Online-Musik \u00fcber die an den Receiver angeschlossenen Lautsprecher an. Dank des Kopfh\u00f6reranschlusses schaust du dir deine Filme in aller Ruhe an und genie\u00dft deine Musik in vollen Z\u00fcgen.<\/p>\n","protected":false},"featured_media":0,"comment_status":"closed","ping_status":"open","template":"","meta":{"_acf_changed":false},"brand":[5429],"product_brand":[],"product_cat":[2260],"product_tag":[2261],"class_list":{"0":"post-80200","1":"product","2":"type-product","3":"status-publish","5":"brand-kenwood-audio","6":"product_cat-receiver","7":"product_tag-receivers-av","8":"pa_condition-new","9":"pa_coolblue-de-verzending-morgen-gratis-geliefert","10":"pa_ean-21341","11":"pa_mpn-krw8000scdb","13":"first","14":"instock","15":"product-type-external"},"acf":[],"_links":{"self":[{"href":"https:\/\/onlinehardwareshop.de\/index.php\/wp-json\/wp\/v2\/product\/80200","targetHints":{"allow":["GET"]}}],"collection":[{"href":"https:\/\/onlinehardwareshop.de\/index.php\/wp-json\/wp\/v2\/product"}],"about":[{"href":"https:\/\/onlinehardwareshop.de\/index.php\/wp-json\/wp\/v2\/types\/product"}],"replies":[{"embeddable":true,"href":"https:\/\/onlinehardwareshop.de\/index.php\/wp-json\/wp\/v2\/comments?post=80200"}],"wp:attachment":[{"href":"https:\/\/onlinehardwareshop.de\/index.php\/wp-json\/wp\/v2\/media?parent=80200"}],"wp:term":[{"taxonomy":"brand","embeddable":true,"href":"https:\/\/onlinehardwareshop.de\/index.php\/wp-json\/wp\/v2\/brand?post=80200"},{"taxonomy":"product_brand","embeddable":true,"href":"https:\/\/onlinehardwareshop.de\/index.php\/wp-json\/wp\/v2\/product_brand?post=80200"},{"taxonomy":"product_cat","embeddable":true,"href":"https:\/\/onlinehardwareshop.de\/index.php\/wp-json\/wp\/v2\/product_cat?post=80200"},{"taxonomy":"product_tag","embeddable":true,"href":"https:\/\/onlinehardwareshop.de\/index.php\/wp-json\/wp\/v2\/product_tag?post=80200"}],"curies":[{"name":"wp","href":"https:\/\/api.w.org\/{rel}","templated":true}]}}