{"id":80191,"date":"2025-05-13T15:48:39","date_gmt":"2025-05-13T15:48:39","guid":{"rendered":"https:\/\/onlinehardwareshop.de\/index.php\/produkt\/owl-labs-meeting-owl-4-4k-conference-camera-2\/"},"modified":"2025-05-14T12:53:08","modified_gmt":"2025-05-14T12:53:08","slug":"owl-labs-meeting-owl-4-4k-conference-camera","status":"publish","type":"product","link":"https:\/\/onlinehardwareshop.de\/index.php\/produkt\/owl-labs-meeting-owl-4-4k-conference-camera\/","title":{"rendered":"Owl Labs Meeting Owl 4+ 4K Conference Camera"},"content":{"rendered":"<p>Die Owl Labs Meeting Owl 4+ 4K Conference Camera eignet sich f\u00fcr Konferenzen in mittelgro\u00dfen Konferenzr\u00e4umen. Im Vergleich zur Owl 3 weist die Owl 4+ eine Reihe weitreichender Verbesserungen auf. So nimmt diese Konferenzkamera Bilder in 4K Ultra HD auf, wodurch jeder w\u00e4hrend der Besprechung gestochen scharf im Bild ist. Die Owl Intelligence System Software in dieser Webcam richtet sich mithilfe von KI sofort auf denjenigen der das Wort hat. Spricht einer der Teilnehmer leise? Kein Problem. Die Smart Mics passen die Lautst\u00e4rke der Lautsprecher an, sodass seine Stimme verst\u00e4rkt wird. Diese Konferenz-Webcam verf\u00fcgt insgesamt \u00fcber acht omnidirektionale Mikrofone und zwei Lautsprecher, wodurch du immer gut verst\u00e4ndlich bist. Der Ton wird aus jeder Ecke des Raums erfasst. Du verwendest die Owl 4+ \u00fcber WLAN oder Ethernet mit einem USB-Adapter. Dar\u00fcber hinaus funktioniert sie mit allen bekannten Programmen f\u00fcr Videoanrufe. Du verbindest sie mit maximal zwei zus\u00e4tzlichen Owl-Ger\u00e4ten wie Whiteboard Owl und Owl Bar.<\/p>\n","protected":false},"excerpt":{"rendered":"<p>Die Owl Labs Meeting Owl 4+ 4K Conference Camera eignet sich f\u00fcr Konferenzen in mittelgro\u00dfen Konferenzr\u00e4umen. Im Vergleich zur Owl 3 weist die Owl 4+ eine Reihe weitreichender Verbesserungen auf. So nimmt diese Konferenzkamera Bilder in 4K Ultra HD auf, wodurch jeder w\u00e4hrend der Besprechung gestochen scharf im Bild ist. Die Owl Intelligence System Software in dieser Webcam richtet sich mithilfe von KI sofort auf denjenigen der das Wort hat. Spricht einer der Teilnehmer leise? Kein Problem. Die Smart Mics passen die Lautst\u00e4rke der Lautsprecher an, sodass seine Stimme verst\u00e4rkt wird. Diese Konferenz-Webcam verf\u00fcgt insgesamt \u00fcber acht omnidirektionale Mikrofone und zwei Lautsprecher, wodurch du immer gut verst\u00e4ndlich bist. Der Ton wird aus jeder Ecke des Raums erfasst. Du verwendest die Owl 4+ \u00fcber WLAN oder Ethernet mit einem USB-Adapter. Dar\u00fcber hinaus funktioniert sie mit allen bekannten Programmen f\u00fcr Videoanrufe. Du verbindest sie mit maximal zwei zus\u00e4tzlichen Owl-Ger\u00e4ten wie Whiteboard Owl und Owl Bar.<\/p>\n","protected":false},"featured_media":0,"comment_status":"closed","ping_status":"open","template":"","meta":{"_acf_changed":false},"brand":[10838],"product_brand":[],"product_cat":[999],"product_tag":[2983],"class_list":{"0":"post-80191","1":"product","2":"type-product","3":"status-publish","5":"brand-owl-labs","6":"product_cat-webcams","7":"product_tag-conference-cameras","8":"pa_condition-new","9":"pa_coolblue-de-verzending-morgen-gratis-geliefert","10":"pa_ean-21319","11":"pa_mpn-mtw405-2000","13":"first","14":"instock","15":"product-type-external"},"acf":[],"_links":{"self":[{"href":"https:\/\/onlinehardwareshop.de\/index.php\/wp-json\/wp\/v2\/product\/80191","targetHints":{"allow":["GET"]}}],"collection":[{"href":"https:\/\/onlinehardwareshop.de\/index.php\/wp-json\/wp\/v2\/product"}],"about":[{"href":"https:\/\/onlinehardwareshop.de\/index.php\/wp-json\/wp\/v2\/types\/product"}],"replies":[{"embeddable":true,"href":"https:\/\/onlinehardwareshop.de\/index.php\/wp-json\/wp\/v2\/comments?post=80191"}],"wp:attachment":[{"href":"https:\/\/onlinehardwareshop.de\/index.php\/wp-json\/wp\/v2\/media?parent=80191"}],"wp:term":[{"taxonomy":"brand","embeddable":true,"href":"https:\/\/onlinehardwareshop.de\/index.php\/wp-json\/wp\/v2\/brand?post=80191"},{"taxonomy":"product_brand","embeddable":true,"href":"https:\/\/onlinehardwareshop.de\/index.php\/wp-json\/wp\/v2\/product_brand?post=80191"},{"taxonomy":"product_cat","embeddable":true,"href":"https:\/\/onlinehardwareshop.de\/index.php\/wp-json\/wp\/v2\/product_cat?post=80191"},{"taxonomy":"product_tag","embeddable":true,"href":"https:\/\/onlinehardwareshop.de\/index.php\/wp-json\/wp\/v2\/product_tag?post=80191"}],"curies":[{"name":"wp","href":"https:\/\/api.w.org\/{rel}","templated":true}]}}