{"id":80170,"date":"2024-03-04T12:42:34","date_gmt":"2024-03-04T12:42:34","guid":{"rendered":"https:\/\/onlinehardwareshop.de\/index.php\/produkt\/displayschutz-just-in-case-tempered-glass-sony-xperia-1-vi-2\/"},"modified":"2025-05-14T12:51:28","modified_gmt":"2025-05-14T12:51:28","slug":"displayschutz-just-in-case-tempered-glass-sony-xperia-1-vi","status":"publish","type":"product","link":"https:\/\/onlinehardwareshop.de\/index.php\/produkt\/displayschutz-just-in-case-tempered-glass-sony-xperia-1-vi\/","title":{"rendered":"Displayschutz Just In Case Tempered Glass Sony Xperia 1 VI"},"content":{"rendered":"<p>Mit dem Displayschutz Just In Case Tempered Glass Sony Xperia 1 VI sch\u00fctzt du das Display deines Smartphones vor Sch\u00e4den. So verstaust du dein Ger\u00e4t unbesorgt zusammen mit deinen Schl\u00fcsseln in deiner Tasche. Bei einem harten Schlag bricht das Glas zwar, jedoch wird das Display deines Smartphones dabei gesch\u00fctzt. Das Panzerglas hat eine Antireflexionsschicht, sodass du auch bei grellem Licht noch siehst, was auf dem Bildschirm steht. Das Case-freundliche Panzerglas reicht nicht ganz bis zu den Displaykanten. So wird verhindert, dass deine Handyh\u00fclle das Just In Case Panzerglas vom Display dr\u00fcckt. Dieses Panzerglas ist ma\u00dfgefertigt f\u00fcr dein Sony Xperia 1 VI und verf\u00fcgt \u00fcber eine Aussparung f\u00fcr deine Selfie-Kamera.<\/p>\n","protected":false},"excerpt":{"rendered":"<p>Mit dem Displayschutz Just In Case Tempered Glass Sony Xperia 1 VI sch\u00fctzt du das Display deines Smartphones vor Sch\u00e4den. So verstaust du dein Ger\u00e4t unbesorgt zusammen mit deinen Schl\u00fcsseln in deiner Tasche. Bei einem harten Schlag bricht das Glas zwar, jedoch wird das Display deines Smartphones dabei gesch\u00fctzt. Das Panzerglas hat eine Antireflexionsschicht, sodass du auch bei grellem Licht noch siehst, was auf dem Bildschirm steht. Das Case-freundliche Panzerglas reicht nicht ganz bis zu den Displaykanten. So wird verhindert, dass deine Handyh\u00fclle das Just In Case Panzerglas vom Display dr\u00fcckt. Dieses Panzerglas ist ma\u00dfgefertigt f\u00fcr dein Sony Xperia 1 VI und verf\u00fcgt \u00fcber eine Aussparung f\u00fcr deine Selfie-Kamera.<\/p>\n","protected":false},"featured_media":0,"comment_status":"closed","ping_status":"open","template":"","meta":{"_acf_changed":false},"brand":[4982],"product_brand":[],"product_cat":[5188],"product_tag":[10372],"class_list":{"0":"post-80170","1":"product","2":"type-product","3":"status-publish","5":"brand-just-in-case","6":"product_cat-displayschutzfolien-fr-mobiltelefone","7":"product_tag-screenprotectors-voor-overige-merken","8":"pa_condition-new","9":"pa_coolblue-de-verzending-morgen-gratis-geliefert","10":"pa_ean-21265","11":"pa_mpn-21266","13":"first","14":"instock","15":"product-type-external"},"acf":[],"_links":{"self":[{"href":"https:\/\/onlinehardwareshop.de\/index.php\/wp-json\/wp\/v2\/product\/80170","targetHints":{"allow":["GET"]}}],"collection":[{"href":"https:\/\/onlinehardwareshop.de\/index.php\/wp-json\/wp\/v2\/product"}],"about":[{"href":"https:\/\/onlinehardwareshop.de\/index.php\/wp-json\/wp\/v2\/types\/product"}],"replies":[{"embeddable":true,"href":"https:\/\/onlinehardwareshop.de\/index.php\/wp-json\/wp\/v2\/comments?post=80170"}],"wp:attachment":[{"href":"https:\/\/onlinehardwareshop.de\/index.php\/wp-json\/wp\/v2\/media?parent=80170"}],"wp:term":[{"taxonomy":"brand","embeddable":true,"href":"https:\/\/onlinehardwareshop.de\/index.php\/wp-json\/wp\/v2\/brand?post=80170"},{"taxonomy":"product_brand","embeddable":true,"href":"https:\/\/onlinehardwareshop.de\/index.php\/wp-json\/wp\/v2\/product_brand?post=80170"},{"taxonomy":"product_cat","embeddable":true,"href":"https:\/\/onlinehardwareshop.de\/index.php\/wp-json\/wp\/v2\/product_cat?post=80170"},{"taxonomy":"product_tag","embeddable":true,"href":"https:\/\/onlinehardwareshop.de\/index.php\/wp-json\/wp\/v2\/product_tag?post=80170"}],"curies":[{"name":"wp","href":"https:\/\/api.w.org\/{rel}","templated":true}]}}