{"id":80067,"date":"2025-05-05T03:28:16","date_gmt":"2025-05-05T03:28:16","guid":{"rendered":"https:\/\/onlinehardwareshop.de\/index.php\/produkt\/owl-labs-owl-bar-4k-conference-camera-dunkelgrau-2\/"},"modified":"2025-05-14T12:42:38","modified_gmt":"2025-05-14T12:42:38","slug":"owl-labs-owl-bar-4k-conference-camera-dunkelgrau","status":"publish","type":"product","link":"https:\/\/onlinehardwareshop.de\/index.php\/produkt\/owl-labs-owl-bar-4k-conference-camera-dunkelgrau\/","title":{"rendered":"Owl Labs Owl Bar 4K Conference Camera Dunkelgrau"},"content":{"rendered":"<p>Die Owl Labs Owl Bar 4K Conference Camera Dunkelgrau vervollst\u00e4ndigt die Ausstattung jedes mittelgro\u00dfen oder gro\u00dfen Konferenzraums. Du nutzt diese l\u00e4ngliche Videokonferenzkamera in R\u00e4umen, in denen Teilnehmende eines Meetings sowohl einander als auch den Bildschirm ansehen. So gestaltet sich die hybride Zusammenarbeit effizienter. Mit dem mitgelieferten Tischst\u00e4nder und der Wandhalterung montierst du diese Webcam ganz einfach auf einem Tisch oder an einer Wand. Soll die Kamera lieber unter einem Fernseher h\u00e4ngen? Das geht mit einer separat erh\u00e4ltlichen Fernseherhalterung. Dank der 4K-Aufl\u00f6sung der Kamera und der vier omnidirektionalen Mikrofone sind alle gut zu sehen und zu verstehen. Der Ton wird aus dem ganzen Raum aufgenommen. F\u00fcr gr\u00f6\u00dfere Meetings koppelst du die Owl Bar kabellos an die Meeting Owl und die Whiteboard Owl. Die Owl Bar ist Microsoft Teams Certified, um beste Qualit\u00e4t bei Teams Anrufen zu gew\u00e4hrleisten.<\/p>\n","protected":false},"excerpt":{"rendered":"<p>Die Owl Labs Owl Bar 4K Conference Camera Dunkelgrau vervollst\u00e4ndigt die Ausstattung jedes mittelgro\u00dfen oder gro\u00dfen Konferenzraums. Du nutzt diese l\u00e4ngliche Videokonferenzkamera in R\u00e4umen, in denen Teilnehmende eines Meetings sowohl einander als auch den Bildschirm ansehen. So gestaltet sich die hybride Zusammenarbeit effizienter. Mit dem mitgelieferten Tischst\u00e4nder und der Wandhalterung montierst du diese Webcam ganz einfach auf einem Tisch oder an einer Wand. Soll die Kamera lieber unter einem Fernseher h\u00e4ngen? Das geht mit einer separat erh\u00e4ltlichen Fernseherhalterung. Dank der 4K-Aufl\u00f6sung der Kamera und der vier omnidirektionalen Mikrofone sind alle gut zu sehen und zu verstehen. Der Ton wird aus dem ganzen Raum aufgenommen. F\u00fcr gr\u00f6\u00dfere Meetings koppelst du die Owl Bar kabellos an die Meeting Owl und die Whiteboard Owl. Die Owl Bar ist Microsoft Teams Certified, um beste Qualit\u00e4t bei Teams Anrufen zu gew\u00e4hrleisten.<\/p>\n","protected":false},"featured_media":0,"comment_status":"closed","ping_status":"open","template":"","meta":{"_acf_changed":false},"brand":[10838],"product_brand":[],"product_cat":[999],"product_tag":[2983],"class_list":{"0":"post-80067","1":"product","2":"type-product","3":"status-publish","5":"brand-owl-labs","6":"product_cat-webcams","7":"product_tag-conference-cameras","8":"pa_condition-new","9":"pa_coolblue-de-verzending-morgen-gratis-geliefert","10":"pa_ean-21039","11":"pa_mpn-frs100-2100","13":"first","14":"instock","15":"product-type-external"},"acf":[],"_links":{"self":[{"href":"https:\/\/onlinehardwareshop.de\/index.php\/wp-json\/wp\/v2\/product\/80067","targetHints":{"allow":["GET"]}}],"collection":[{"href":"https:\/\/onlinehardwareshop.de\/index.php\/wp-json\/wp\/v2\/product"}],"about":[{"href":"https:\/\/onlinehardwareshop.de\/index.php\/wp-json\/wp\/v2\/types\/product"}],"replies":[{"embeddable":true,"href":"https:\/\/onlinehardwareshop.de\/index.php\/wp-json\/wp\/v2\/comments?post=80067"}],"wp:attachment":[{"href":"https:\/\/onlinehardwareshop.de\/index.php\/wp-json\/wp\/v2\/media?parent=80067"}],"wp:term":[{"taxonomy":"brand","embeddable":true,"href":"https:\/\/onlinehardwareshop.de\/index.php\/wp-json\/wp\/v2\/brand?post=80067"},{"taxonomy":"product_brand","embeddable":true,"href":"https:\/\/onlinehardwareshop.de\/index.php\/wp-json\/wp\/v2\/product_brand?post=80067"},{"taxonomy":"product_cat","embeddable":true,"href":"https:\/\/onlinehardwareshop.de\/index.php\/wp-json\/wp\/v2\/product_cat?post=80067"},{"taxonomy":"product_tag","embeddable":true,"href":"https:\/\/onlinehardwareshop.de\/index.php\/wp-json\/wp\/v2\/product_tag?post=80067"}],"curies":[{"name":"wp","href":"https:\/\/api.w.org\/{rel}","templated":true}]}}