{"id":80045,"date":"2024-09-18T15:04:49","date_gmt":"2024-09-18T15:04:49","guid":{"rendered":"https:\/\/onlinehardwareshop.de\/index.php\/produkt\/wd-blue-sn580-1tb-nvme-m-2-ssd-2\/"},"modified":"2025-05-14T12:40:44","modified_gmt":"2025-05-14T12:40:44","slug":"wd-blue-sn580-1tb-nvme-m-2-ssd","status":"publish","type":"product","link":"https:\/\/onlinehardwareshop.de\/index.php\/produkt\/wd-blue-sn580-1tb-nvme-m-2-ssd\/","title":{"rendered":"WD Blue SN580 1TB NVMe M.2 SSD"},"content":{"rendered":"<p>Hinweis: Diese M.2 SSD hat ein PCI Express 4.0 x4 (NVMe) Interface und funktioniert nur dann, wenn dein System PCIe\/NVMe unterst\u00fctzt. Zudem hat die SSD einen M-Key, der nur auf Systeme mit einem M-Slot passt. Dies solltest du in der Gebrauchsanleitung deines Laptops oder Motherboards \u00fcberpr\u00fcfen.  Nutze problemlos anspruchsvolle Programme oder zocke auf hohem Niveau mit der WD Blue SN580 NVMe SSD 1\u00a0TB. Diese SSD hat einen M-Key mit f\u00fcnf Stiften. Dank des Gesamtspeicherplatzes von 1\u00a0TB hast du genug Speicher f\u00fcr etwa 100.000 Fotos oder 20 Spiele mit einer Gr\u00f6\u00dfe von 50\u00a0GB. Die WD Blue SN580 hat eine maximale Lese- und Schreibgeschwindigkeit von 4.150\u00a0MB\/s. Daher \u00f6ffnest du blitzschnell gro\u00dfe Programme und Spiele. Dank des PCIe 4.0 Interface erbringt diese interne SSD besonders gute Leistungen. So f\u00e4hrst du deinen Laptop oder PC schnell hoch. Western Digital gibt dir nicht weniger als f\u00fcnf Jahre Garantie.<\/p>\n","protected":false},"excerpt":{"rendered":"<p>Hinweis: Diese M.2 SSD hat ein PCI Express 4.0 x4 (NVMe) Interface und funktioniert nur dann, wenn dein System PCIe\/NVMe unterst\u00fctzt. Zudem hat die SSD einen M-Key, der nur auf Systeme mit einem M-Slot passt. Dies solltest du in der Gebrauchsanleitung deines Laptops oder Motherboards \u00fcberpr\u00fcfen.  Nutze problemlos anspruchsvolle Programme oder zocke auf hohem Niveau mit der WD Blue SN580 NVMe SSD 1\u00a0TB. Diese SSD hat einen M-Key mit f\u00fcnf Stiften. Dank des Gesamtspeicherplatzes von 1\u00a0TB hast du genug Speicher f\u00fcr etwa 100.000 Fotos oder 20 Spiele mit einer Gr\u00f6\u00dfe von 50\u00a0GB. Die WD Blue SN580 hat eine maximale Lese- und Schreibgeschwindigkeit von 4.150\u00a0MB\/s. Daher \u00f6ffnest du blitzschnell gro\u00dfe Programme und Spiele. Dank des PCIe 4.0 Interface erbringt diese interne SSD besonders gute Leistungen. So f\u00e4hrst du deinen Laptop oder PC schnell hoch. Western Digital gibt dir nicht weniger als f\u00fcnf Jahre Garantie.<\/p>\n","protected":false},"featured_media":0,"comment_status":"closed","ping_status":"open","template":"","meta":{"_acf_changed":false},"brand":[645],"product_brand":[],"product_cat":[2957],"product_tag":[7168],"class_list":{"0":"post-80045","1":"product","2":"type-product","3":"status-publish","5":"brand-western-digital","6":"product_cat-solid-state-drives-ssd","7":"product_tag-m-2-ssd","8":"pa_condition-new","9":"pa_coolblue-de-verzending-morgen-gratis-geliefert","10":"pa_ean-20979","11":"pa_mpn-wds100t3b0e","13":"first","14":"instock","15":"product-type-external"},"acf":[],"_links":{"self":[{"href":"https:\/\/onlinehardwareshop.de\/index.php\/wp-json\/wp\/v2\/product\/80045","targetHints":{"allow":["GET"]}}],"collection":[{"href":"https:\/\/onlinehardwareshop.de\/index.php\/wp-json\/wp\/v2\/product"}],"about":[{"href":"https:\/\/onlinehardwareshop.de\/index.php\/wp-json\/wp\/v2\/types\/product"}],"replies":[{"embeddable":true,"href":"https:\/\/onlinehardwareshop.de\/index.php\/wp-json\/wp\/v2\/comments?post=80045"}],"wp:attachment":[{"href":"https:\/\/onlinehardwareshop.de\/index.php\/wp-json\/wp\/v2\/media?parent=80045"}],"wp:term":[{"taxonomy":"brand","embeddable":true,"href":"https:\/\/onlinehardwareshop.de\/index.php\/wp-json\/wp\/v2\/brand?post=80045"},{"taxonomy":"product_brand","embeddable":true,"href":"https:\/\/onlinehardwareshop.de\/index.php\/wp-json\/wp\/v2\/product_brand?post=80045"},{"taxonomy":"product_cat","embeddable":true,"href":"https:\/\/onlinehardwareshop.de\/index.php\/wp-json\/wp\/v2\/product_cat?post=80045"},{"taxonomy":"product_tag","embeddable":true,"href":"https:\/\/onlinehardwareshop.de\/index.php\/wp-json\/wp\/v2\/product_tag?post=80045"}],"curies":[{"name":"wp","href":"https:\/\/api.w.org\/{rel}","templated":true}]}}