{"id":80041,"date":"2024-12-05T00:17:10","date_gmt":"2024-12-05T00:17:10","guid":{"rendered":"https:\/\/onlinehardwareshop.de\/index.php\/produkt\/crucial-32gb-ddr5-sodimm-cl46-5-600mt-s-2\/"},"modified":"2025-05-14T12:40:29","modified_gmt":"2025-05-14T12:40:29","slug":"crucial-32gb-ddr5-sodimm-cl46-5-600mt-s","status":"publish","type":"product","link":"https:\/\/onlinehardwareshop.de\/index.php\/produkt\/crucial-32gb-ddr5-sodimm-cl46-5-600mt-s\/","title":{"rendered":"Crucial 32GB DDR5 SODIMM CL46 5.600&#xA0;MT\/s"},"content":{"rendered":"<p>Hinweis: Dieser DDR5 DIMM Speicher ist nur f\u00fcr PCs und Laptops geeignet, nicht aber f\u00fcr Macs. Der Computer ben\u00f6tigt dazu einen DDR5-Anschluss. \u00dcberpr\u00fcfe dies \u00fcber Windows Taskmanager > Mehr Details > unter dem Reiter &#8222;Leistung&#8220;. Unter &#8222;Speicher&#8220; steht dann DDR5.  Verpasse deinem PC oder Laptop mit dem Crucial 32\u00a0GB DDR5 SODIMM CL46 5.600\u00a0MT\/s ein Upgrade. Dieses Modul hat eine Taktfrequenz von 5.600\u00a0MT\/s und eine CAS-Latenz von 46. Dadurch verarbeitet dein interner Speicher Aufgaben schnell, sodass er sich auch f\u00fcr Multitasking wie Grafikdesign oder f\u00fcr dein Studium eignet. Verwende den Crucial 32\u00a0GB DDR5 auch f\u00fcr dein Gaming. Das DDR5-RAM-Modul ist fast doppelt so schnell wie ein DDR4-Modul und au\u00dferdem energieeffizienter als sein Vorg\u00e4nger.<\/p>\n","protected":false},"excerpt":{"rendered":"<p>Hinweis: Dieser DDR5 DIMM Speicher ist nur f\u00fcr PCs und Laptops geeignet, nicht aber f\u00fcr Macs. Der Computer ben\u00f6tigt dazu einen DDR5-Anschluss. \u00dcberpr\u00fcfe dies \u00fcber Windows Taskmanager > Mehr Details > unter dem Reiter &#8222;Leistung&#8220;. Unter &#8222;Speicher&#8220; steht dann DDR5.  Verpasse deinem PC oder Laptop mit dem Crucial 32\u00a0GB DDR5 SODIMM CL46 5.600\u00a0MT\/s ein Upgrade. Dieses Modul hat eine Taktfrequenz von 5.600\u00a0MT\/s und eine CAS-Latenz von 46. Dadurch verarbeitet dein interner Speicher Aufgaben schnell, sodass er sich auch f\u00fcr Multitasking wie Grafikdesign oder f\u00fcr dein Studium eignet. Verwende den Crucial 32\u00a0GB DDR5 auch f\u00fcr dein Gaming. Das DDR5-RAM-Modul ist fast doppelt so schnell wie ein DDR4-Modul und au\u00dferdem energieeffizienter als sein Vorg\u00e4nger.<\/p>\n","protected":false},"featured_media":0,"comment_status":"closed","ping_status":"open","template":"","meta":{"_acf_changed":false},"brand":[3456],"product_brand":[],"product_cat":[2796],"product_tag":[3457],"class_list":{"0":"post-80041","1":"product","2":"type-product","3":"status-publish","5":"brand-crucial","6":"product_cat-ram","7":"product_tag-intern-geheugen-voor-laptop","8":"pa_condition-new","9":"pa_coolblue-de-verzending-morgen-gratis-geliefert","10":"pa_ean-28107","11":"pa_mpn-ct32g56c46s5","13":"first","14":"instock","15":"product-type-external"},"acf":[],"_links":{"self":[{"href":"https:\/\/onlinehardwareshop.de\/index.php\/wp-json\/wp\/v2\/product\/80041","targetHints":{"allow":["GET"]}}],"collection":[{"href":"https:\/\/onlinehardwareshop.de\/index.php\/wp-json\/wp\/v2\/product"}],"about":[{"href":"https:\/\/onlinehardwareshop.de\/index.php\/wp-json\/wp\/v2\/types\/product"}],"replies":[{"embeddable":true,"href":"https:\/\/onlinehardwareshop.de\/index.php\/wp-json\/wp\/v2\/comments?post=80041"}],"wp:attachment":[{"href":"https:\/\/onlinehardwareshop.de\/index.php\/wp-json\/wp\/v2\/media?parent=80041"}],"wp:term":[{"taxonomy":"brand","embeddable":true,"href":"https:\/\/onlinehardwareshop.de\/index.php\/wp-json\/wp\/v2\/brand?post=80041"},{"taxonomy":"product_brand","embeddable":true,"href":"https:\/\/onlinehardwareshop.de\/index.php\/wp-json\/wp\/v2\/product_brand?post=80041"},{"taxonomy":"product_cat","embeddable":true,"href":"https:\/\/onlinehardwareshop.de\/index.php\/wp-json\/wp\/v2\/product_cat?post=80041"},{"taxonomy":"product_tag","embeddable":true,"href":"https:\/\/onlinehardwareshop.de\/index.php\/wp-json\/wp\/v2\/product_tag?post=80041"}],"curies":[{"name":"wp","href":"https:\/\/api.w.org\/{rel}","templated":true}]}}