{"id":80038,"date":"2024-03-27T23:28:15","date_gmt":"2024-03-27T23:28:15","guid":{"rendered":"https:\/\/onlinehardwareshop.de\/index.php\/produkt\/crucial-pro-48gb-2x24gb-ddr5-dimm-cl48-6-000mhz-2\/"},"modified":"2025-05-14T12:40:07","modified_gmt":"2025-05-14T12:40:07","slug":"crucial-pro-48gb-2x24gb-ddr5-dimm-cl48-6-000mhz","status":"publish","type":"product","link":"https:\/\/onlinehardwareshop.de\/index.php\/produkt\/crucial-pro-48gb-2x24gb-ddr5-dimm-cl48-6-000mhz\/","title":{"rendered":"Crucial Pro 48GB (2x24GB) DDR5 DIMM CL48 6.000&#xA0;MHz"},"content":{"rendered":"<p>Hinweis:Dieser DDR5 DIMM Speicher ist nur f\u00fcr PCs geeignet, nicht aber f\u00fcr Laptops oder Macs. Der Computer ben\u00f6tigt dazu einen DDR5-Anschluss. \u00dcberpr\u00fcfe dies \u00fcber Windows Taskmanager > Mehr Details > unter dem Reiter &#8222;Leistung&#8220;. Unter &#8222;Speicher&#8220; steht dann DDR5. Ein DDR5-Speichermodul funktioniert nicht mit einem DDR3- oder DDR4-Motherboard. Au\u00dferdem ben\u00f6tigst du mindestens einen Intel Prozessor der 12. Generation oder einen Zen\u00a04 AMD Prozessor.  Verpasse dem Speicher deines Gaming-PCs mit dem Crucial Pro 48\u00a0GB (2&#215;24\u00a0GB) DDR5 DIMM CL48 6.000\u00a0MHz RAM-Modul ein Upgrade. Der Crucial Pro 48\u00a0GB DDR5 wurde speziell f\u00fcr Hardcore-Gamer entwickelt. Du verwendest die beiden Speichermodule im Dual-Channel-Modus, sodass sie auf H\u00f6chstgeschwindigkeit arbeiten. Die RAM-Module haben eine Taktfrequenz von 6.000\u00a0MHz und eine CAS-Latenz von 48. Dadurch verarbeitet der interne Speicher Aufgaben schnell. Au\u00dferdem passt sich das Modul automatisch an die maximale Taktfrequenz deines Motherboards an. Verwendest du lieber deine eigenen Einstellungen? Dann passe sie dank der XMP-3.0-Unterst\u00fctzung einfach selbst an. Dieses RAM-Modul ist f\u00fcr Android, Chrome, Linux, Synology und Windows geeignet. Du erh\u00e4ltst auf dieses Modul eine lebenslange Garantie.<\/p>\n","protected":false},"excerpt":{"rendered":"<p>Hinweis:Dieser DDR5 DIMM Speicher ist nur f\u00fcr PCs geeignet, nicht aber f\u00fcr Laptops oder Macs. Der Computer ben\u00f6tigt dazu einen DDR5-Anschluss. \u00dcberpr\u00fcfe dies \u00fcber Windows Taskmanager > Mehr Details > unter dem Reiter &#8222;Leistung&#8220;. Unter &#8222;Speicher&#8220; steht dann DDR5. Ein DDR5-Speichermodul funktioniert nicht mit einem DDR3- oder DDR4-Motherboard. Au\u00dferdem ben\u00f6tigst du mindestens einen Intel Prozessor der 12. Generation oder einen Zen\u00a04 AMD Prozessor.  Verpasse dem Speicher deines Gaming-PCs mit dem Crucial Pro 48\u00a0GB (2&#215;24\u00a0GB) DDR5 DIMM CL48 6.000\u00a0MHz RAM-Modul ein Upgrade. Der Crucial Pro 48\u00a0GB DDR5 wurde speziell f\u00fcr Hardcore-Gamer entwickelt. Du verwendest die beiden Speichermodule im Dual-Channel-Modus, sodass sie auf H\u00f6chstgeschwindigkeit arbeiten. Die RAM-Module haben eine Taktfrequenz von 6.000\u00a0MHz und eine CAS-Latenz von 48. Dadurch verarbeitet der interne Speicher Aufgaben schnell. Au\u00dferdem passt sich das Modul automatisch an die maximale Taktfrequenz deines Motherboards an. Verwendest du lieber deine eigenen Einstellungen? Dann passe sie dank der XMP-3.0-Unterst\u00fctzung einfach selbst an. Dieses RAM-Modul ist f\u00fcr Android, Chrome, Linux, Synology und Windows geeignet. Du erh\u00e4ltst auf dieses Modul eine lebenslange Garantie.<\/p>\n","protected":false},"featured_media":0,"comment_status":"closed","ping_status":"open","template":"","meta":{"_acf_changed":false},"brand":[3456],"product_brand":[],"product_cat":[2796],"product_tag":[2797],"class_list":{"0":"post-80038","1":"product","2":"type-product","3":"status-publish","5":"brand-crucial","6":"product_cat-ram","7":"product_tag-intern-geheugen-voor-desktop","8":"pa_condition-new","9":"pa_coolblue-de-verzending-morgen-gratis-geliefert","10":"pa_ean-20965","11":"pa_mpn-cp2k24g60c48u5","13":"first","14":"instock","15":"product-type-external"},"acf":[],"_links":{"self":[{"href":"https:\/\/onlinehardwareshop.de\/index.php\/wp-json\/wp\/v2\/product\/80038","targetHints":{"allow":["GET"]}}],"collection":[{"href":"https:\/\/onlinehardwareshop.de\/index.php\/wp-json\/wp\/v2\/product"}],"about":[{"href":"https:\/\/onlinehardwareshop.de\/index.php\/wp-json\/wp\/v2\/types\/product"}],"replies":[{"embeddable":true,"href":"https:\/\/onlinehardwareshop.de\/index.php\/wp-json\/wp\/v2\/comments?post=80038"}],"wp:attachment":[{"href":"https:\/\/onlinehardwareshop.de\/index.php\/wp-json\/wp\/v2\/media?parent=80038"}],"wp:term":[{"taxonomy":"brand","embeddable":true,"href":"https:\/\/onlinehardwareshop.de\/index.php\/wp-json\/wp\/v2\/brand?post=80038"},{"taxonomy":"product_brand","embeddable":true,"href":"https:\/\/onlinehardwareshop.de\/index.php\/wp-json\/wp\/v2\/product_brand?post=80038"},{"taxonomy":"product_cat","embeddable":true,"href":"https:\/\/onlinehardwareshop.de\/index.php\/wp-json\/wp\/v2\/product_cat?post=80038"},{"taxonomy":"product_tag","embeddable":true,"href":"https:\/\/onlinehardwareshop.de\/index.php\/wp-json\/wp\/v2\/product_tag?post=80038"}],"curies":[{"name":"wp","href":"https:\/\/api.w.org\/{rel}","templated":true}]}}