{"id":80037,"date":"2024-09-01T15:28:07","date_gmt":"2024-09-01T15:28:07","guid":{"rendered":"https:\/\/onlinehardwareshop.de\/index.php\/produkt\/crucial-t705-4tb-heatsink-pcie-5-0-m-2-ssd-2\/"},"modified":"2025-05-14T12:40:02","modified_gmt":"2025-05-14T12:40:02","slug":"crucial-t705-4tb-heatsink-pcie-5-0-m-2-ssd","status":"publish","type":"product","link":"https:\/\/onlinehardwareshop.de\/index.php\/produkt\/crucial-t705-4tb-heatsink-pcie-5-0-m-2-ssd\/","title":{"rendered":"Crucial T705 4TB Heatsink PCIe 5.0 M.2 SSD"},"content":{"rendered":"<p>Hinweis: Diese M.2 SSD verf\u00fcgt \u00fcber einen M-Key, der nur auf Systeme mit M-Slot passt. \u00dcberpr\u00fcfe dies in der Gebrauchsanleitung deines Laptops oder Motherboards.  Mit der Crucial T705 4\u00a0TB Heatsink PCIe 5.0 M.2 SSD spielst du deine Lieblingsspiele in der besten Grafik und \u00fcbertr\u00e4gst Dateien besonders schnell. Diese interne SSD verwendest du f\u00fcr Laptops, PCs und Gaming-Konsolen. Dank der extrem hohen Lesegeschwindigkeit von 14.100\u00a0Mbit\/s sowie der Schreibgeschwindigkeit von 12.600\u00a0Mbit\/s \u00e4rgerst du dich nicht \u00fcber lange Ladebalken. Au\u00dferdem f\u00e4hrt dein Computer schnell hoch und deine Dateien \u00f6ffnen sich in nur wenigen Sekunden. Der 4-TB-Speicher bietet dir gen\u00fcgend Platz f\u00fcr deine Spiele und Projekte. Weiterhin leitet der eingebaute K\u00fchlk\u00f6rper die W\u00e4rme von der SSD weg. Das sorgt daf\u00fcr, dass sie nicht \u00fcberhitzt und dein PC oder deine Konsole auch weiterhin eine gute Leistung bringen. Du erh\u00e4ltst auf diese SSD 5 Jahre Garantie von Crucial.<\/p>\n","protected":false},"excerpt":{"rendered":"<p>Hinweis: Diese M.2 SSD verf\u00fcgt \u00fcber einen M-Key, der nur auf Systeme mit M-Slot passt. \u00dcberpr\u00fcfe dies in der Gebrauchsanleitung deines Laptops oder Motherboards.  Mit der Crucial T705 4\u00a0TB Heatsink PCIe 5.0 M.2 SSD spielst du deine Lieblingsspiele in der besten Grafik und \u00fcbertr\u00e4gst Dateien besonders schnell. Diese interne SSD verwendest du f\u00fcr Laptops, PCs und Gaming-Konsolen. Dank der extrem hohen Lesegeschwindigkeit von 14.100\u00a0Mbit\/s sowie der Schreibgeschwindigkeit von 12.600\u00a0Mbit\/s \u00e4rgerst du dich nicht \u00fcber lange Ladebalken. Au\u00dferdem f\u00e4hrt dein Computer schnell hoch und deine Dateien \u00f6ffnen sich in nur wenigen Sekunden. Der 4-TB-Speicher bietet dir gen\u00fcgend Platz f\u00fcr deine Spiele und Projekte. Weiterhin leitet der eingebaute K\u00fchlk\u00f6rper die W\u00e4rme von der SSD weg. Das sorgt daf\u00fcr, dass sie nicht \u00fcberhitzt und dein PC oder deine Konsole auch weiterhin eine gute Leistung bringen. Du erh\u00e4ltst auf diese SSD 5 Jahre Garantie von Crucial.<\/p>\n","protected":false},"featured_media":0,"comment_status":"closed","ping_status":"open","template":"","meta":{"_acf_changed":false},"brand":[3456],"product_brand":[],"product_cat":[2957],"product_tag":[7168],"class_list":{"0":"post-80037","1":"product","2":"type-product","3":"status-publish","5":"brand-crucial","6":"product_cat-solid-state-drives-ssd","7":"product_tag-m-2-ssd","8":"pa_condition-new","9":"pa_coolblue-de-verzending-morgen-gratis-geliefert","10":"pa_ean-29703","11":"pa_mpn-ct4000t705ssd5","13":"first","14":"instock","15":"product-type-external"},"acf":[],"_links":{"self":[{"href":"https:\/\/onlinehardwareshop.de\/index.php\/wp-json\/wp\/v2\/product\/80037","targetHints":{"allow":["GET"]}}],"collection":[{"href":"https:\/\/onlinehardwareshop.de\/index.php\/wp-json\/wp\/v2\/product"}],"about":[{"href":"https:\/\/onlinehardwareshop.de\/index.php\/wp-json\/wp\/v2\/types\/product"}],"replies":[{"embeddable":true,"href":"https:\/\/onlinehardwareshop.de\/index.php\/wp-json\/wp\/v2\/comments?post=80037"}],"wp:attachment":[{"href":"https:\/\/onlinehardwareshop.de\/index.php\/wp-json\/wp\/v2\/media?parent=80037"}],"wp:term":[{"taxonomy":"brand","embeddable":true,"href":"https:\/\/onlinehardwareshop.de\/index.php\/wp-json\/wp\/v2\/brand?post=80037"},{"taxonomy":"product_brand","embeddable":true,"href":"https:\/\/onlinehardwareshop.de\/index.php\/wp-json\/wp\/v2\/product_brand?post=80037"},{"taxonomy":"product_cat","embeddable":true,"href":"https:\/\/onlinehardwareshop.de\/index.php\/wp-json\/wp\/v2\/product_cat?post=80037"},{"taxonomy":"product_tag","embeddable":true,"href":"https:\/\/onlinehardwareshop.de\/index.php\/wp-json\/wp\/v2\/product_tag?post=80037"}],"curies":[{"name":"wp","href":"https:\/\/api.w.org\/{rel}","templated":true}]}}