{"id":80034,"date":"2024-02-05T13:43:07","date_gmt":"2024-02-05T13:43:07","guid":{"rendered":"https:\/\/onlinehardwareshop.de\/index.php\/produkt\/crucial-t705-1tb-pcie-5-0-m-2-ssd-2\/"},"modified":"2025-05-14T12:39:48","modified_gmt":"2025-05-14T12:39:48","slug":"crucial-t705-1tb-pcie-5-0-m-2-ssd","status":"publish","type":"product","link":"https:\/\/onlinehardwareshop.de\/index.php\/produkt\/crucial-t705-1tb-pcie-5-0-m-2-ssd\/","title":{"rendered":"Crucial T705 1TB PCIe 5.0 M.2 SSD"},"content":{"rendered":"<p>Hinweis: Diese M.2 SSD verf\u00fcgt \u00fcber einen M-Key, der nur auf Systeme mit M-Slot passt. \u00dcberpr\u00fcfe dies in der Gebrauchsanleitung deines Laptops oder Motherboards.  Mit der Crucial T705 1\u00a0TB PCIe 5.0 M.2 SSD speicherst du noch mehr deiner Spiele und hast deine Spieldaten immer zur Hand. Diese SSD verwendest du in deiner PlayStation\u00a05 und in deinem Motherboard. Dank der extrem hohen Schreibgeschwindigkeit von 10.200\u00a0Mbit\/s sowie der Lesegeschwindigkeit von 13.600\u00a0Mbit\/s stocken deine Spiele nicht und du \u00e4rgerst dich nicht \u00fcber lange Ladebalken. So l\u00e4dst du deine Spiele ganz einfach von der SSD und erlebst beim Spielen die beste Grafik. Der K\u00fchlk\u00f6rper leitet die W\u00e4rme weg von der SSD, sodass dein PC und deine Konsole auch weiterhin eine gute Leistung bringen. Du erh\u00e4ltst auf diese SSD 5 Jahre Garantie von Crucial.<\/p>\n","protected":false},"excerpt":{"rendered":"<p>Hinweis: Diese M.2 SSD verf\u00fcgt \u00fcber einen M-Key, der nur auf Systeme mit M-Slot passt. \u00dcberpr\u00fcfe dies in der Gebrauchsanleitung deines Laptops oder Motherboards.  Mit der Crucial T705 1\u00a0TB PCIe 5.0 M.2 SSD speicherst du noch mehr deiner Spiele und hast deine Spieldaten immer zur Hand. Diese SSD verwendest du in deiner PlayStation\u00a05 und in deinem Motherboard. Dank der extrem hohen Schreibgeschwindigkeit von 10.200\u00a0Mbit\/s sowie der Lesegeschwindigkeit von 13.600\u00a0Mbit\/s stocken deine Spiele nicht und du \u00e4rgerst dich nicht \u00fcber lange Ladebalken. So l\u00e4dst du deine Spiele ganz einfach von der SSD und erlebst beim Spielen die beste Grafik. Der K\u00fchlk\u00f6rper leitet die W\u00e4rme weg von der SSD, sodass dein PC und deine Konsole auch weiterhin eine gute Leistung bringen. Du erh\u00e4ltst auf diese SSD 5 Jahre Garantie von Crucial.<\/p>\n","protected":false},"featured_media":0,"comment_status":"closed","ping_status":"open","template":"","meta":{"_acf_changed":false},"brand":[3456],"product_brand":[],"product_cat":[2957],"product_tag":[7168],"class_list":{"0":"post-80034","1":"product","2":"type-product","3":"status-publish","5":"brand-crucial","6":"product_cat-solid-state-drives-ssd","7":"product_tag-m-2-ssd","8":"pa_condition-new","9":"pa_coolblue-de-verzending-morgen-gratis-geliefert","10":"pa_ean-20959","11":"pa_mpn-ct1000t705ssd3","13":"first","14":"instock","15":"product-type-external"},"acf":[],"_links":{"self":[{"href":"https:\/\/onlinehardwareshop.de\/index.php\/wp-json\/wp\/v2\/product\/80034","targetHints":{"allow":["GET"]}}],"collection":[{"href":"https:\/\/onlinehardwareshop.de\/index.php\/wp-json\/wp\/v2\/product"}],"about":[{"href":"https:\/\/onlinehardwareshop.de\/index.php\/wp-json\/wp\/v2\/types\/product"}],"replies":[{"embeddable":true,"href":"https:\/\/onlinehardwareshop.de\/index.php\/wp-json\/wp\/v2\/comments?post=80034"}],"wp:attachment":[{"href":"https:\/\/onlinehardwareshop.de\/index.php\/wp-json\/wp\/v2\/media?parent=80034"}],"wp:term":[{"taxonomy":"brand","embeddable":true,"href":"https:\/\/onlinehardwareshop.de\/index.php\/wp-json\/wp\/v2\/brand?post=80034"},{"taxonomy":"product_brand","embeddable":true,"href":"https:\/\/onlinehardwareshop.de\/index.php\/wp-json\/wp\/v2\/product_brand?post=80034"},{"taxonomy":"product_cat","embeddable":true,"href":"https:\/\/onlinehardwareshop.de\/index.php\/wp-json\/wp\/v2\/product_cat?post=80034"},{"taxonomy":"product_tag","embeddable":true,"href":"https:\/\/onlinehardwareshop.de\/index.php\/wp-json\/wp\/v2\/product_tag?post=80034"}],"curies":[{"name":"wp","href":"https:\/\/api.w.org\/{rel}","templated":true}]}}