{"id":80033,"date":"2025-03-04T16:42:08","date_gmt":"2025-03-04T16:42:08","guid":{"rendered":"https:\/\/onlinehardwareshop.de\/index.php\/produkt\/crucial-x9-pro-fr-mac-4tb-portable-ssd-2\/"},"modified":"2025-05-14T12:39:43","modified_gmt":"2025-05-14T12:39:43","slug":"crucial-x9-pro-fr-mac-4tb-portable-ssd","status":"publish","type":"product","link":"https:\/\/onlinehardwareshop.de\/index.php\/produkt\/crucial-x9-pro-fr-mac-4tb-portable-ssd\/","title":{"rendered":"Crucial X9 Pro f&#xFC;r Mac 4TB Portable SSD"},"content":{"rendered":"<p>Speichere all deine Fotos, Videos und andere Dateien sicher auf der Crucial X9 Pro f\u00fcr Mac 4\u00a0TB Portable SSD. Diese SSD eignet sich f\u00fcr macOS Betriebssysteme. Mit 4\u00a0TB Speicherplatz sicherst du bis zu 400.000 Fotos oder bis zu 132 Stunden an 4K-Bildmaterial. M\u00f6chtest du innerhalb kurzer Zeit viele Dateien \u00fcbertragen? Dank der Lese- und Schreibgeschwindigkeit von 1.050\u00a0MB\/s kopierst und \u00f6ffnest du Dateien innerhalb weniger Sekunden. Das ist zum Beispiel praktisch f\u00fcr die Foto- oder Videobearbeitung. Du verbindest die SSD ganz einfach mit deinem Mac, iPhone oder iPad \u00fcber den USB-C-3.1-Anschluss. Dank der Fall-, Sto\u00df-, Wasser- und Staubbest\u00e4ndigkeit ist die SSD allen Elementen gewachsen. Mit der Hardware-Verschl\u00fcsselung sind deine Dateien gut gesch\u00fctzt. Datenschutz ist also garantiert. Crucial bietet dir nicht weniger als f\u00fcnf Jahre Garantie. Zudem erh\u00e4ltst du zu dieser macOS SSD einen Monat lang kostenlos Adobe Creative Cloud. Damit legst du sofort mit der Bearbeitung los.<\/p>\n","protected":false},"excerpt":{"rendered":"<p>Speichere all deine Fotos, Videos und andere Dateien sicher auf der Crucial X9 Pro f\u00fcr Mac 4\u00a0TB Portable SSD. Diese SSD eignet sich f\u00fcr macOS Betriebssysteme. Mit 4\u00a0TB Speicherplatz sicherst du bis zu 400.000 Fotos oder bis zu 132 Stunden an 4K-Bildmaterial. M\u00f6chtest du innerhalb kurzer Zeit viele Dateien \u00fcbertragen? Dank der Lese- und Schreibgeschwindigkeit von 1.050\u00a0MB\/s kopierst und \u00f6ffnest du Dateien innerhalb weniger Sekunden. Das ist zum Beispiel praktisch f\u00fcr die Foto- oder Videobearbeitung. Du verbindest die SSD ganz einfach mit deinem Mac, iPhone oder iPad \u00fcber den USB-C-3.1-Anschluss. Dank der Fall-, Sto\u00df-, Wasser- und Staubbest\u00e4ndigkeit ist die SSD allen Elementen gewachsen. Mit der Hardware-Verschl\u00fcsselung sind deine Dateien gut gesch\u00fctzt. Datenschutz ist also garantiert. Crucial bietet dir nicht weniger als f\u00fcnf Jahre Garantie. Zudem erh\u00e4ltst du zu dieser macOS SSD einen Monat lang kostenlos Adobe Creative Cloud. Damit legst du sofort mit der Bearbeitung los.<\/p>\n","protected":false},"featured_media":0,"comment_status":"closed","ping_status":"open","template":"","meta":{"_acf_changed":false},"brand":[3456],"product_brand":[],"product_cat":[4819],"product_tag":[4820],"class_list":{"0":"post-80033","1":"product","2":"type-product","3":"status-publish","5":"brand-crucial","6":"product_cat-externe-ssds","7":"product_tag-harde-schijven-extern-ssd","8":"pa_condition-new","9":"pa_coolblue-de-verzending-morgen-gratis-geliefert","10":"pa_ean-20957","11":"pa_mpn-ct4000x9promacssd9b","13":"first","14":"instock","15":"product-type-external"},"acf":[],"_links":{"self":[{"href":"https:\/\/onlinehardwareshop.de\/index.php\/wp-json\/wp\/v2\/product\/80033","targetHints":{"allow":["GET"]}}],"collection":[{"href":"https:\/\/onlinehardwareshop.de\/index.php\/wp-json\/wp\/v2\/product"}],"about":[{"href":"https:\/\/onlinehardwareshop.de\/index.php\/wp-json\/wp\/v2\/types\/product"}],"replies":[{"embeddable":true,"href":"https:\/\/onlinehardwareshop.de\/index.php\/wp-json\/wp\/v2\/comments?post=80033"}],"wp:attachment":[{"href":"https:\/\/onlinehardwareshop.de\/index.php\/wp-json\/wp\/v2\/media?parent=80033"}],"wp:term":[{"taxonomy":"brand","embeddable":true,"href":"https:\/\/onlinehardwareshop.de\/index.php\/wp-json\/wp\/v2\/brand?post=80033"},{"taxonomy":"product_brand","embeddable":true,"href":"https:\/\/onlinehardwareshop.de\/index.php\/wp-json\/wp\/v2\/product_brand?post=80033"},{"taxonomy":"product_cat","embeddable":true,"href":"https:\/\/onlinehardwareshop.de\/index.php\/wp-json\/wp\/v2\/product_cat?post=80033"},{"taxonomy":"product_tag","embeddable":true,"href":"https:\/\/onlinehardwareshop.de\/index.php\/wp-json\/wp\/v2\/product_tag?post=80033"}],"curies":[{"name":"wp","href":"https:\/\/api.w.org\/{rel}","templated":true}]}}