{"id":79997,"date":"2024-07-04T06:42:27","date_gmt":"2024-07-04T06:42:27","guid":{"rendered":"https:\/\/onlinehardwareshop.de\/index.php\/produkt\/kreissgeblatt-holz-makita-specialized-136x20x15-16t-2\/"},"modified":"2025-05-14T12:36:12","modified_gmt":"2025-05-14T12:36:12","slug":"kreissgeblatt-holz-makita-specialized-136x20x15-16t","status":"publish","type":"product","link":"https:\/\/onlinehardwareshop.de\/index.php\/produkt\/kreissgeblatt-holz-makita-specialized-136x20x15-16t\/","title":{"rendered":"Kreiss&#xE4;geblatt Holz Makita Specialized 136x20x1,5 16T"},"content":{"rendered":"<p>Mit dem Kreiss\u00e4geblatt Holz Makita Specialized 136x20x1,5 16T s\u00e4gst du mit deiner Akku-Handkreiss\u00e4ge durch verschiedene Holzarten. Das Blatt ist besonders d\u00fcnn, wodurch es weniger Widerstand gibt. Deshalb verbraucht die Maschine weniger Energie und funktioniert l\u00e4nger mit einer einzigen Akkuladung. Das S\u00e4geblatt passt auf 136-mm-Handkreiss\u00e4gen und hat 16 Z\u00e4hne. Deshalb s\u00e4gst du mit dem Kreiss\u00e4geblatt Holz Specialized 136x20x1,5 16T blitzschnell durch dein Material.<\/p>\n","protected":false},"excerpt":{"rendered":"<p>Mit dem Kreiss\u00e4geblatt Holz Makita Specialized 136x20x1,5 16T s\u00e4gst du mit deiner Akku-Handkreiss\u00e4ge durch verschiedene Holzarten. Das Blatt ist besonders d\u00fcnn, wodurch es weniger Widerstand gibt. Deshalb verbraucht die Maschine weniger Energie und funktioniert l\u00e4nger mit einer einzigen Akkuladung. Das S\u00e4geblatt passt auf 136-mm-Handkreiss\u00e4gen und hat 16 Z\u00e4hne. Deshalb s\u00e4gst du mit dem Kreiss\u00e4geblatt Holz Specialized 136x20x1,5 16T blitzschnell durch dein Material.<\/p>\n","protected":false},"featured_media":0,"comment_status":"closed","ping_status":"open","template":"","meta":{"_acf_changed":false},"brand":[42],"product_brand":[],"product_cat":[333],"product_tag":[334],"class_list":{"0":"post-79997","1":"product","2":"type-product","3":"status-publish","5":"brand-makita","6":"product_cat-sgebltter","7":"product_tag-zaagbladen","8":"pa_condition-new","9":"pa_coolblue-de-verzending-morgen-gratis-geliefert","10":"pa_ean-20865","11":"pa_mpn-b-33532","13":"first","14":"instock","15":"product-type-external"},"acf":[],"_links":{"self":[{"href":"https:\/\/onlinehardwareshop.de\/index.php\/wp-json\/wp\/v2\/product\/79997","targetHints":{"allow":["GET"]}}],"collection":[{"href":"https:\/\/onlinehardwareshop.de\/index.php\/wp-json\/wp\/v2\/product"}],"about":[{"href":"https:\/\/onlinehardwareshop.de\/index.php\/wp-json\/wp\/v2\/types\/product"}],"replies":[{"embeddable":true,"href":"https:\/\/onlinehardwareshop.de\/index.php\/wp-json\/wp\/v2\/comments?post=79997"}],"wp:attachment":[{"href":"https:\/\/onlinehardwareshop.de\/index.php\/wp-json\/wp\/v2\/media?parent=79997"}],"wp:term":[{"taxonomy":"brand","embeddable":true,"href":"https:\/\/onlinehardwareshop.de\/index.php\/wp-json\/wp\/v2\/brand?post=79997"},{"taxonomy":"product_brand","embeddable":true,"href":"https:\/\/onlinehardwareshop.de\/index.php\/wp-json\/wp\/v2\/product_brand?post=79997"},{"taxonomy":"product_cat","embeddable":true,"href":"https:\/\/onlinehardwareshop.de\/index.php\/wp-json\/wp\/v2\/product_cat?post=79997"},{"taxonomy":"product_tag","embeddable":true,"href":"https:\/\/onlinehardwareshop.de\/index.php\/wp-json\/wp\/v2\/product_tag?post=79997"}],"curies":[{"name":"wp","href":"https:\/\/api.w.org\/{rel}","templated":true}]}}