{"id":79996,"date":"2024-11-21T05:45:33","date_gmt":"2024-11-21T05:45:33","guid":{"rendered":"https:\/\/onlinehardwareshop.de\/index.php\/produkt\/kappsgeblatt-holz-makita-makblade-260x30x23-60t-2\/"},"modified":"2025-05-14T12:36:07","modified_gmt":"2025-05-14T12:36:07","slug":"kappsgeblatt-holz-makita-makblade-260x30x23-60t","status":"publish","type":"product","link":"https:\/\/onlinehardwareshop.de\/index.php\/produkt\/kappsgeblatt-holz-makita-makblade-260x30x23-60t\/","title":{"rendered":"Kapps&#xE4;geblatt Holz Makita Makblade 260x30x2,3 60T"},"content":{"rendered":"<p>Mit dem Kapps\u00e4geblatt f\u00fcr Holz Makita Makblade 260x30x2,3 60T s\u00e4gst du einfach durch verschiedene Holzsorten. Das S\u00e4geblatt passt dank seiner Gr\u00f6\u00dfe auf mittelgro\u00dfe 260-mm-Kapps\u00e4gen. Au\u00dferdem hat dieses S\u00e4geblatt 60 Z\u00e4hne, die ein sehr sauberes und splitterfreies Ergebnis liefern. Das ist praktisch, wenn du Laminat oder Fu\u00dfleisten f\u00fcr den Wohnbereich s\u00e4gst. Das Kapps\u00e4geblatt f\u00fcr Holz Makblade 260x30x2,3 60T geh\u00f6rt zur Makblade-Serie. Das bedeutet, dass das S\u00e4geblatt dicker und st\u00e4rker ist, als ein S\u00e4geblatt f\u00fcr eine Handkreiss\u00e4ge.<\/p>\n","protected":false},"excerpt":{"rendered":"<p>Mit dem Kapps\u00e4geblatt f\u00fcr Holz Makita Makblade 260x30x2,3 60T s\u00e4gst du einfach durch verschiedene Holzsorten. Das S\u00e4geblatt passt dank seiner Gr\u00f6\u00dfe auf mittelgro\u00dfe 260-mm-Kapps\u00e4gen. Au\u00dferdem hat dieses S\u00e4geblatt 60 Z\u00e4hne, die ein sehr sauberes und splitterfreies Ergebnis liefern. Das ist praktisch, wenn du Laminat oder Fu\u00dfleisten f\u00fcr den Wohnbereich s\u00e4gst. Das Kapps\u00e4geblatt f\u00fcr Holz Makblade 260x30x2,3 60T geh\u00f6rt zur Makblade-Serie. Das bedeutet, dass das S\u00e4geblatt dicker und st\u00e4rker ist, als ein S\u00e4geblatt f\u00fcr eine Handkreiss\u00e4ge.<\/p>\n","protected":false},"featured_media":0,"comment_status":"closed","ping_status":"open","template":"","meta":{"_acf_changed":false},"brand":[42],"product_brand":[],"product_cat":[333],"product_tag":[334],"class_list":{"0":"post-79996","1":"product","2":"type-product","3":"status-publish","5":"brand-makita","6":"product_cat-sgebltter","7":"product_tag-zaagbladen","8":"pa_condition-new","9":"pa_coolblue-de-verzending-morgen-gratis-geliefert","10":"pa_ean-20863","11":"pa_mpn-b-32801","13":"first","14":"instock","15":"product-type-external"},"acf":[],"_links":{"self":[{"href":"https:\/\/onlinehardwareshop.de\/index.php\/wp-json\/wp\/v2\/product\/79996","targetHints":{"allow":["GET"]}}],"collection":[{"href":"https:\/\/onlinehardwareshop.de\/index.php\/wp-json\/wp\/v2\/product"}],"about":[{"href":"https:\/\/onlinehardwareshop.de\/index.php\/wp-json\/wp\/v2\/types\/product"}],"replies":[{"embeddable":true,"href":"https:\/\/onlinehardwareshop.de\/index.php\/wp-json\/wp\/v2\/comments?post=79996"}],"wp:attachment":[{"href":"https:\/\/onlinehardwareshop.de\/index.php\/wp-json\/wp\/v2\/media?parent=79996"}],"wp:term":[{"taxonomy":"brand","embeddable":true,"href":"https:\/\/onlinehardwareshop.de\/index.php\/wp-json\/wp\/v2\/brand?post=79996"},{"taxonomy":"product_brand","embeddable":true,"href":"https:\/\/onlinehardwareshop.de\/index.php\/wp-json\/wp\/v2\/product_brand?post=79996"},{"taxonomy":"product_cat","embeddable":true,"href":"https:\/\/onlinehardwareshop.de\/index.php\/wp-json\/wp\/v2\/product_cat?post=79996"},{"taxonomy":"product_tag","embeddable":true,"href":"https:\/\/onlinehardwareshop.de\/index.php\/wp-json\/wp\/v2\/product_tag?post=79996"}],"curies":[{"name":"wp","href":"https:\/\/api.w.org\/{rel}","templated":true}]}}