{"id":79993,"date":"2025-05-04T23:21:01","date_gmt":"2025-05-04T23:21:01","guid":{"rendered":"https:\/\/onlinehardwareshop.de\/index.php\/produkt\/makita-stichsgeblattset-10-teilig-2\/"},"modified":"2025-05-14T12:35:53","modified_gmt":"2025-05-14T12:35:53","slug":"makita-stichsgeblattset-10-teilig","status":"publish","type":"product","link":"https:\/\/onlinehardwareshop.de\/index.php\/produkt\/makita-stichsgeblattset-10-teilig\/","title":{"rendered":"Makita Stichs&#xE4;geblattset 10-teilig"},"content":{"rendered":"<p>Mit diesem Makita Stichs\u00e4geblattset 10-teilig hast du direkt einen Vorrat an S\u00e4gebl\u00e4ttern parat. Ziemlich praktisch, denn so arbeitest du ohne Unterbrechungen einfach weiter. Das Set enth\u00e4lt zehn S\u00e4gebl\u00e4tter mit Arbeitsl\u00e4ngen von 60 und 77\u00a0mm. Damit kommst du problemlos auch durch dicke Materialien durch. Mit dem Stichs\u00e4geblattset 10-teilig s\u00e4gst du (Hart-)Holz, MDF-Platten, Laminat und Metall.<\/p>\n","protected":false},"excerpt":{"rendered":"<p>Mit diesem Makita Stichs\u00e4geblattset 10-teilig hast du direkt einen Vorrat an S\u00e4gebl\u00e4ttern parat. Ziemlich praktisch, denn so arbeitest du ohne Unterbrechungen einfach weiter. Das Set enth\u00e4lt zehn S\u00e4gebl\u00e4tter mit Arbeitsl\u00e4ngen von 60 und 77\u00a0mm. Damit kommst du problemlos auch durch dicke Materialien durch. Mit dem Stichs\u00e4geblattset 10-teilig s\u00e4gst du (Hart-)Holz, MDF-Platten, Laminat und Metall.<\/p>\n","protected":false},"featured_media":0,"comment_status":"closed","ping_status":"open","template":"","meta":{"_acf_changed":false},"brand":[42],"product_brand":[],"product_cat":[333],"product_tag":[334],"class_list":{"0":"post-79993","1":"product","2":"type-product","3":"status-publish","5":"brand-makita","6":"product_cat-sgebltter","7":"product_tag-zaagbladen","8":"pa_condition-new","9":"pa_coolblue-de-verzending-morgen-gratis-geliefert","10":"pa_ean-20857","11":"pa_mpn-b-44426","13":"first","14":"instock","15":"product-type-external"},"acf":[],"_links":{"self":[{"href":"https:\/\/onlinehardwareshop.de\/index.php\/wp-json\/wp\/v2\/product\/79993","targetHints":{"allow":["GET"]}}],"collection":[{"href":"https:\/\/onlinehardwareshop.de\/index.php\/wp-json\/wp\/v2\/product"}],"about":[{"href":"https:\/\/onlinehardwareshop.de\/index.php\/wp-json\/wp\/v2\/types\/product"}],"replies":[{"embeddable":true,"href":"https:\/\/onlinehardwareshop.de\/index.php\/wp-json\/wp\/v2\/comments?post=79993"}],"wp:attachment":[{"href":"https:\/\/onlinehardwareshop.de\/index.php\/wp-json\/wp\/v2\/media?parent=79993"}],"wp:term":[{"taxonomy":"brand","embeddable":true,"href":"https:\/\/onlinehardwareshop.de\/index.php\/wp-json\/wp\/v2\/brand?post=79993"},{"taxonomy":"product_brand","embeddable":true,"href":"https:\/\/onlinehardwareshop.de\/index.php\/wp-json\/wp\/v2\/product_brand?post=79993"},{"taxonomy":"product_cat","embeddable":true,"href":"https:\/\/onlinehardwareshop.de\/index.php\/wp-json\/wp\/v2\/product_cat?post=79993"},{"taxonomy":"product_tag","embeddable":true,"href":"https:\/\/onlinehardwareshop.de\/index.php\/wp-json\/wp\/v2\/product_tag?post=79993"}],"curies":[{"name":"wp","href":"https:\/\/api.w.org\/{rel}","templated":true}]}}