{"id":79991,"date":"2024-02-19T07:09:55","date_gmt":"2024-02-19T07:09:55","guid":{"rendered":"https:\/\/onlinehardwareshop.de\/index.php\/produkt\/makita-stichsgeblatt-metall-aluminium-52mm-2\/"},"modified":"2025-05-14T12:35:43","modified_gmt":"2025-05-14T12:35:43","slug":"makita-stichsgeblatt-metall-aluminium-52mm","status":"publish","type":"product","link":"https:\/\/onlinehardwareshop.de\/index.php\/produkt\/makita-stichsgeblatt-metall-aluminium-52mm\/","title":{"rendered":"Makita Stichs&#xE4;geblatt Metall\/Aluminium 52&#xA0;mm"},"content":{"rendered":"<p>Mit diesem Makita Stichs\u00e4geblatt Metall\/Aluminium 52\u00a0mm s\u00e4gst du einfach durch Metall, Aluminium und Kunststoff. Das S\u00e4geblatt hat eine Arbeitsl\u00e4nge von 52\u00a0mm, sodass du auch problemlos durch dickes Material s\u00e4gst. Das Set enth\u00e4lt f\u00fcnf S\u00e4gebl\u00e4tter. So arbeitest du ohne Unterbrechung weiter, weil du jederzeit ein Stichs\u00e4geblatt Metall\/Aluminium 52\u00a0mm zur Hand hast.<\/p>\n","protected":false},"excerpt":{"rendered":"<p>Mit diesem Makita Stichs\u00e4geblatt Metall\/Aluminium 52\u00a0mm s\u00e4gst du einfach durch Metall, Aluminium und Kunststoff. Das S\u00e4geblatt hat eine Arbeitsl\u00e4nge von 52\u00a0mm, sodass du auch problemlos durch dickes Material s\u00e4gst. Das Set enth\u00e4lt f\u00fcnf S\u00e4gebl\u00e4tter. So arbeitest du ohne Unterbrechung weiter, weil du jederzeit ein Stichs\u00e4geblatt Metall\/Aluminium 52\u00a0mm zur Hand hast.<\/p>\n","protected":false},"featured_media":0,"comment_status":"closed","ping_status":"open","template":"","meta":{"_acf_changed":false},"brand":[42],"product_brand":[],"product_cat":[333],"product_tag":[334],"class_list":{"0":"post-79991","1":"product","2":"type-product","3":"status-publish","5":"brand-makita","6":"product_cat-sgebltter","7":"product_tag-zaagbladen","8":"pa_condition-new","9":"pa_coolblue-de-verzending-morgen-gratis-geliefert","10":"pa_ean-20853","11":"pa_mpn-a-85737","13":"first","14":"instock","15":"product-type-external"},"acf":[],"_links":{"self":[{"href":"https:\/\/onlinehardwareshop.de\/index.php\/wp-json\/wp\/v2\/product\/79991","targetHints":{"allow":["GET"]}}],"collection":[{"href":"https:\/\/onlinehardwareshop.de\/index.php\/wp-json\/wp\/v2\/product"}],"about":[{"href":"https:\/\/onlinehardwareshop.de\/index.php\/wp-json\/wp\/v2\/types\/product"}],"replies":[{"embeddable":true,"href":"https:\/\/onlinehardwareshop.de\/index.php\/wp-json\/wp\/v2\/comments?post=79991"}],"wp:attachment":[{"href":"https:\/\/onlinehardwareshop.de\/index.php\/wp-json\/wp\/v2\/media?parent=79991"}],"wp:term":[{"taxonomy":"brand","embeddable":true,"href":"https:\/\/onlinehardwareshop.de\/index.php\/wp-json\/wp\/v2\/brand?post=79991"},{"taxonomy":"product_brand","embeddable":true,"href":"https:\/\/onlinehardwareshop.de\/index.php\/wp-json\/wp\/v2\/product_brand?post=79991"},{"taxonomy":"product_cat","embeddable":true,"href":"https:\/\/onlinehardwareshop.de\/index.php\/wp-json\/wp\/v2\/product_cat?post=79991"},{"taxonomy":"product_tag","embeddable":true,"href":"https:\/\/onlinehardwareshop.de\/index.php\/wp-json\/wp\/v2\/product_tag?post=79991"}],"curies":[{"name":"wp","href":"https:\/\/api.w.org\/{rel}","templated":true}]}}