{"id":79953,"date":"2024-04-03T13:11:55","date_gmt":"2024-04-03T13:11:55","guid":{"rendered":"https:\/\/onlinehardwareshop.de\/index.php\/produkt\/sandisk-ssd-desk-drive-usb-c-4-tb-2\/"},"modified":"2025-05-14T12:32:12","modified_gmt":"2025-05-14T12:32:12","slug":"sandisk-ssd-desk-drive-usb-c-4-tb","status":"publish","type":"product","link":"https:\/\/onlinehardwareshop.de\/index.php\/produkt\/sandisk-ssd-desk-drive-usb-c-4-tb\/","title":{"rendered":"SanDisk SSD Desk Drive USB-C 4 TB"},"content":{"rendered":"<p>Du \u00fcbertr\u00e4gst Dateien schnell mit dem SanDisk SSD Desk Drive USB-C 4 TB. Auf den 4 Terabyte Speicherplatz speicherst du bis zu 400.000 Fotos oder 132 Stunden 4K-Filmmaterial. Dank der maximalen Schreibgeschwindigkeit von 900 MB\/s kannst du viele Dateien in kurzer Zeit \u00fcbertragen. Dar\u00fcber hinaus weist diese externe SSD eine Lesegeschwindigkeit von 1.000 MB\/s auf.  Du verbindest die SSD \u00fcber USB-C mit deiner Kamera oder deinem Laptop. Dank ihrer handlichen Gr\u00f6\u00dfe kannst du diese externe SSD \u00fcberallhin mitnehmen. Du verwendest den SanDisk SSD Desk Drive mit macOS- oder Windows-Ger\u00e4ten. Die SSD ist au\u00dferdem dank ihrer Sturz-, Sto\u00df- und Staubbest\u00e4ndigkeit gegen alle Widrigkeiten gewappnet. Die externe SSD verf\u00fcgt zudem \u00fcber eine automatische Backup-Funktion. Du erh\u00e4ltst drei Jahre Garantie von SanDisk.<\/p>\n","protected":false},"excerpt":{"rendered":"<p>Du \u00fcbertr\u00e4gst Dateien schnell mit dem SanDisk SSD Desk Drive USB-C 4 TB. Auf den 4 Terabyte Speicherplatz speicherst du bis zu 400.000 Fotos oder 132 Stunden 4K-Filmmaterial. Dank der maximalen Schreibgeschwindigkeit von 900 MB\/s kannst du viele Dateien in kurzer Zeit \u00fcbertragen. Dar\u00fcber hinaus weist diese externe SSD eine Lesegeschwindigkeit von 1.000 MB\/s auf.  Du verbindest die SSD \u00fcber USB-C mit deiner Kamera oder deinem Laptop. Dank ihrer handlichen Gr\u00f6\u00dfe kannst du diese externe SSD \u00fcberallhin mitnehmen. Du verwendest den SanDisk SSD Desk Drive mit macOS- oder Windows-Ger\u00e4ten. Die SSD ist au\u00dferdem dank ihrer Sturz-, Sto\u00df- und Staubbest\u00e4ndigkeit gegen alle Widrigkeiten gewappnet. Die externe SSD verf\u00fcgt zudem \u00fcber eine automatische Backup-Funktion. Du erh\u00e4ltst drei Jahre Garantie von SanDisk.<\/p>\n","protected":false},"featured_media":0,"comment_status":"closed","ping_status":"open","template":"","meta":{"_acf_changed":false},"brand":[991],"product_brand":[],"product_cat":[4819],"product_tag":[4820],"class_list":{"0":"post-79953","1":"product","2":"type-product","3":"status-publish","5":"brand-sandisk","6":"product_cat-externe-ssds","7":"product_tag-harde-schijven-extern-ssd","8":"pa_condition-new","9":"pa_coolblue-de-verzending-morgen-gratis-geliefert","10":"pa_ean-20755","11":"pa_mpn-sdssdt40-4t00-em25","13":"first","14":"instock","15":"product-type-external"},"acf":[],"_links":{"self":[{"href":"https:\/\/onlinehardwareshop.de\/index.php\/wp-json\/wp\/v2\/product\/79953","targetHints":{"allow":["GET"]}}],"collection":[{"href":"https:\/\/onlinehardwareshop.de\/index.php\/wp-json\/wp\/v2\/product"}],"about":[{"href":"https:\/\/onlinehardwareshop.de\/index.php\/wp-json\/wp\/v2\/types\/product"}],"replies":[{"embeddable":true,"href":"https:\/\/onlinehardwareshop.de\/index.php\/wp-json\/wp\/v2\/comments?post=79953"}],"wp:attachment":[{"href":"https:\/\/onlinehardwareshop.de\/index.php\/wp-json\/wp\/v2\/media?parent=79953"}],"wp:term":[{"taxonomy":"brand","embeddable":true,"href":"https:\/\/onlinehardwareshop.de\/index.php\/wp-json\/wp\/v2\/brand?post=79953"},{"taxonomy":"product_brand","embeddable":true,"href":"https:\/\/onlinehardwareshop.de\/index.php\/wp-json\/wp\/v2\/product_brand?post=79953"},{"taxonomy":"product_cat","embeddable":true,"href":"https:\/\/onlinehardwareshop.de\/index.php\/wp-json\/wp\/v2\/product_cat?post=79953"},{"taxonomy":"product_tag","embeddable":true,"href":"https:\/\/onlinehardwareshop.de\/index.php\/wp-json\/wp\/v2\/product_tag?post=79953"}],"curies":[{"name":"wp","href":"https:\/\/api.w.org\/{rel}","templated":true}]}}