{"id":79920,"date":"2025-05-02T14:17:43","date_gmt":"2025-05-02T14:17:43","guid":{"rendered":"https:\/\/onlinehardwareshop.de\/index.php\/produkt\/garmin-fenix-e-grau-47mm-2\/"},"modified":"2025-05-14T12:29:37","modified_gmt":"2025-05-14T12:29:37","slug":"garmin-fenix-e-grau-47mm","status":"publish","type":"product","link":"https:\/\/onlinehardwareshop.de\/index.php\/produkt\/garmin-fenix-e-grau-47mm\/","title":{"rendered":"Garmin Fenix E Grau 47&#xA0;mm"},"content":{"rendered":"<p>Die Garmin Fenix E Grau 47\u00a0mm ist eine robuste Smartwatch f\u00fcr alle deine Outdoor-Abenteuer. Sie misst alle deine sportlichen Ergebnisse besonders pr\u00e4zise. Au\u00dferdem erh\u00e4ltst du Tipps, mit denen du deine Ausdauer und deine sportlichen Leistungen verbesserst. Von dem hellen und farbenfrohen AMOLED-Display liest du alle deine Daten bequem ab. Bei einer durchschnittlichen Nutzung h\u00e4lt der Akku bis zu 16 Tage lang, daher brauchst du die Uhr nicht so h\u00e4ufig aufzuladen. Dank des robusten Uhrengeh\u00e4uses aus Edelstahl ist die Fenix E auch f\u00fcr raue Bedingungen geeignet. Das Uhrengeh\u00e4use dieser Smartwatch ist relativ dick, weshalb es etwas \u00fcber dein Handgelenk herausragt.      Hinweis: Es ist kein Ladeger\u00e4t im Lieferumfang enthalten. M\u00f6chtest du die Uhr an der Steckdose aufladen? Dann verwende das Ladeger\u00e4t deines Smartphones oder bestelle separat ein Ladeger\u00e4t dazu.  Diese Uhr wird f\u00fcr einen Handgelenkumfang von 17 bis 19\u00a0cm empfohlen.<\/p>\n","protected":false},"excerpt":{"rendered":"<p>Die Garmin Fenix E Grau 47\u00a0mm ist eine robuste Smartwatch f\u00fcr alle deine Outdoor-Abenteuer. Sie misst alle deine sportlichen Ergebnisse besonders pr\u00e4zise. Au\u00dferdem erh\u00e4ltst du Tipps, mit denen du deine Ausdauer und deine sportlichen Leistungen verbesserst. Von dem hellen und farbenfrohen AMOLED-Display liest du alle deine Daten bequem ab. Bei einer durchschnittlichen Nutzung h\u00e4lt der Akku bis zu 16 Tage lang, daher brauchst du die Uhr nicht so h\u00e4ufig aufzuladen. Dank des robusten Uhrengeh\u00e4uses aus Edelstahl ist die Fenix E auch f\u00fcr raue Bedingungen geeignet. Das Uhrengeh\u00e4use dieser Smartwatch ist relativ dick, weshalb es etwas \u00fcber dein Handgelenk herausragt.      Hinweis: Es ist kein Ladeger\u00e4t im Lieferumfang enthalten. M\u00f6chtest du die Uhr an der Steckdose aufladen? Dann verwende das Ladeger\u00e4t deines Smartphones oder bestelle separat ein Ladeger\u00e4t dazu.  Diese Uhr wird f\u00fcr einen Handgelenkumfang von 17 bis 19\u00a0cm empfohlen.<\/p>\n","protected":false},"featured_media":0,"comment_status":"closed","ping_status":"open","template":"","meta":{"_acf_changed":false},"brand":[3804],"product_brand":[],"product_cat":[6848],"product_tag":[6849],"class_list":{"0":"post-79920","1":"product","2":"type-product","3":"status-publish","5":"brand-garmin","6":"product_cat-smartwatches","7":"product_tag-slimme-horloges","8":"pa_condition-new","9":"pa_coolblue-de-verzending-morgen-gratis-geliefert","10":"pa_ean-20703","11":"pa_mpn-010-03025-00","13":"first","14":"instock","15":"product-type-external"},"acf":[],"_links":{"self":[{"href":"https:\/\/onlinehardwareshop.de\/index.php\/wp-json\/wp\/v2\/product\/79920","targetHints":{"allow":["GET"]}}],"collection":[{"href":"https:\/\/onlinehardwareshop.de\/index.php\/wp-json\/wp\/v2\/product"}],"about":[{"href":"https:\/\/onlinehardwareshop.de\/index.php\/wp-json\/wp\/v2\/types\/product"}],"replies":[{"embeddable":true,"href":"https:\/\/onlinehardwareshop.de\/index.php\/wp-json\/wp\/v2\/comments?post=79920"}],"wp:attachment":[{"href":"https:\/\/onlinehardwareshop.de\/index.php\/wp-json\/wp\/v2\/media?parent=79920"}],"wp:term":[{"taxonomy":"brand","embeddable":true,"href":"https:\/\/onlinehardwareshop.de\/index.php\/wp-json\/wp\/v2\/brand?post=79920"},{"taxonomy":"product_brand","embeddable":true,"href":"https:\/\/onlinehardwareshop.de\/index.php\/wp-json\/wp\/v2\/product_brand?post=79920"},{"taxonomy":"product_cat","embeddable":true,"href":"https:\/\/onlinehardwareshop.de\/index.php\/wp-json\/wp\/v2\/product_cat?post=79920"},{"taxonomy":"product_tag","embeddable":true,"href":"https:\/\/onlinehardwareshop.de\/index.php\/wp-json\/wp\/v2\/product_tag?post=79920"}],"curies":[{"name":"wp","href":"https:\/\/api.w.org\/{rel}","templated":true}]}}