{"id":79905,"date":"2024-01-03T11:37:16","date_gmt":"2024-01-03T11:37:16","guid":{"rendered":"https:\/\/onlinehardwareshop.de\/index.php\/produkt\/nikon-aculon-t02-10x21-schwarz-2\/"},"modified":"2025-05-14T12:28:17","modified_gmt":"2025-05-14T12:28:17","slug":"nikon-aculon-t02-10x21-schwarz","status":"publish","type":"product","link":"https:\/\/onlinehardwareshop.de\/index.php\/produkt\/nikon-aculon-t02-10x21-schwarz\/","title":{"rendered":"Nikon Aculon T02 10&#215;21 Schwarz"},"content":{"rendered":"<p>Das Nikon Aculon T02 10&#215;21 Schwarz ist ein kompaktes Fernglas mit zehnfacher Vergr\u00f6\u00dferung. Es wiegt nur 195 Gramm, sodass du es m\u00fchelos mitnimmst &#8211; einfach in die Tasche stecken und deine Wanderung kann beginnen. Dank der maximal achtfachen Vergr\u00f6\u00dferung holst du Objekte in der Ferne nah heran. So entdeckst du beispielsweise einen besonderen Vogel, der in einem Baum sitzt. Die Objektive haben eine spezielle Mehrschichtverg\u00fctung, die f\u00fcr eine besonders scharfe und helle Sicht sorgen. Deshalb siehst du durch das Fernglas ein naturgetreues Bild. Dank des rutschfest beschichteten Geh\u00e4uses h\u00e4ltst du das Fernglas gut fest und es f\u00e4llt dir weniger schnell aus den H\u00e4nden.<\/p>\n","protected":false},"excerpt":{"rendered":"<p>Das Nikon Aculon T02 10&#215;21 Schwarz ist ein kompaktes Fernglas mit zehnfacher Vergr\u00f6\u00dferung. Es wiegt nur 195 Gramm, sodass du es m\u00fchelos mitnimmst &#8211; einfach in die Tasche stecken und deine Wanderung kann beginnen. Dank der maximal achtfachen Vergr\u00f6\u00dferung holst du Objekte in der Ferne nah heran. So entdeckst du beispielsweise einen besonderen Vogel, der in einem Baum sitzt. Die Objektive haben eine spezielle Mehrschichtverg\u00fctung, die f\u00fcr eine besonders scharfe und helle Sicht sorgen. Deshalb siehst du durch das Fernglas ein naturgetreues Bild. Dank des rutschfest beschichteten Geh\u00e4uses h\u00e4ltst du das Fernglas gut fest und es f\u00e4llt dir weniger schnell aus den H\u00e4nden.<\/p>\n","protected":false},"featured_media":0,"comment_status":"closed","ping_status":"open","template":"","meta":{"_acf_changed":false},"brand":[133],"product_brand":[],"product_cat":[448],"product_tag":[1304],"class_list":{"0":"post-79905","1":"product","2":"type-product","3":"status-publish","5":"brand-nikon","6":"product_cat-fernglser","7":"product_tag-dakkant-verrekijkers","8":"pa_condition-new","9":"pa_coolblue-de-verzending-morgen-gratis-geliefert","10":"pa_ean-20673","11":"pa_mpn-baa861wa","13":"first","14":"instock","15":"product-type-external"},"acf":[],"_links":{"self":[{"href":"https:\/\/onlinehardwareshop.de\/index.php\/wp-json\/wp\/v2\/product\/79905","targetHints":{"allow":["GET"]}}],"collection":[{"href":"https:\/\/onlinehardwareshop.de\/index.php\/wp-json\/wp\/v2\/product"}],"about":[{"href":"https:\/\/onlinehardwareshop.de\/index.php\/wp-json\/wp\/v2\/types\/product"}],"replies":[{"embeddable":true,"href":"https:\/\/onlinehardwareshop.de\/index.php\/wp-json\/wp\/v2\/comments?post=79905"}],"wp:attachment":[{"href":"https:\/\/onlinehardwareshop.de\/index.php\/wp-json\/wp\/v2\/media?parent=79905"}],"wp:term":[{"taxonomy":"brand","embeddable":true,"href":"https:\/\/onlinehardwareshop.de\/index.php\/wp-json\/wp\/v2\/brand?post=79905"},{"taxonomy":"product_brand","embeddable":true,"href":"https:\/\/onlinehardwareshop.de\/index.php\/wp-json\/wp\/v2\/product_brand?post=79905"},{"taxonomy":"product_cat","embeddable":true,"href":"https:\/\/onlinehardwareshop.de\/index.php\/wp-json\/wp\/v2\/product_cat?post=79905"},{"taxonomy":"product_tag","embeddable":true,"href":"https:\/\/onlinehardwareshop.de\/index.php\/wp-json\/wp\/v2\/product_tag?post=79905"}],"curies":[{"name":"wp","href":"https:\/\/api.w.org\/{rel}","templated":true}]}}