{"id":79903,"date":"2024-02-11T05:49:19","date_gmt":"2024-02-11T05:49:19","guid":{"rendered":"https:\/\/onlinehardwareshop.de\/index.php\/produkt\/nikon-sportstar-zoom-8-24x25-schwarz-2\/"},"modified":"2025-05-14T12:28:07","modified_gmt":"2025-05-14T12:28:07","slug":"nikon-sportstar-zoom-8-24x25-schwarz","status":"publish","type":"product","link":"https:\/\/onlinehardwareshop.de\/index.php\/produkt\/nikon-sportstar-zoom-8-24x25-schwarz\/","title":{"rendered":"Nikon Sportstar Zoom 8-24&#215;25 Schwarz"},"content":{"rendered":"<p>Das Nikon Sportstar Zoom 8-24&#215;25 Schwarz ist ein handliches Fernglas mit acht- bis zehnfachem Zoom, sodass du Dinge in der N\u00e4he oder weiter weg betrachten kannst. Das ist praktisch, wenn du beispielsweise einem Fu\u00dfballer folgst, der \u00fcber den Platz rennt. Du beh\u00e4ltst ihn deutlich im Bilde, ohne selbst deinen Standpunkt zu ver\u00e4ndern. Mit dem Hebel auf der Oberseite zoomst du stufenlos hinein oder heraus. Durch das geringe Gewicht von 305 Gramm nimmst du das Fernglas problemlos mit, wenn du unterwegs bist. So hast du es immer zur Hand. Die Verg\u00fctungen der Objektive des Fernglases sorgen f\u00fcr ein besonders helles und farbiges Bild, sodass die betrachteten Objekte realistisch aussehen.<\/p>\n","protected":false},"excerpt":{"rendered":"<p>Das Nikon Sportstar Zoom 8-24&#215;25 Schwarz ist ein handliches Fernglas mit acht- bis zehnfachem Zoom, sodass du Dinge in der N\u00e4he oder weiter weg betrachten kannst. Das ist praktisch, wenn du beispielsweise einem Fu\u00dfballer folgst, der \u00fcber den Platz rennt. Du beh\u00e4ltst ihn deutlich im Bilde, ohne selbst deinen Standpunkt zu ver\u00e4ndern. Mit dem Hebel auf der Oberseite zoomst du stufenlos hinein oder heraus. Durch das geringe Gewicht von 305 Gramm nimmst du das Fernglas problemlos mit, wenn du unterwegs bist. So hast du es immer zur Hand. Die Verg\u00fctungen der Objektive des Fernglases sorgen f\u00fcr ein besonders helles und farbiges Bild, sodass die betrachteten Objekte realistisch aussehen.<\/p>\n","protected":false},"featured_media":0,"comment_status":"closed","ping_status":"open","template":"","meta":{"_acf_changed":false},"brand":[133],"product_brand":[],"product_cat":[448],"product_tag":[1304],"class_list":{"0":"post-79903","1":"product","2":"type-product","3":"status-publish","5":"brand-nikon","6":"product_cat-fernglser","7":"product_tag-dakkant-verrekijkers","8":"pa_condition-new","9":"pa_coolblue-de-verzending-morgen-gratis-geliefert","10":"pa_ean-20669","11":"pa_mpn-baa870wa","13":"first","14":"instock","15":"product-type-external"},"acf":[],"_links":{"self":[{"href":"https:\/\/onlinehardwareshop.de\/index.php\/wp-json\/wp\/v2\/product\/79903","targetHints":{"allow":["GET"]}}],"collection":[{"href":"https:\/\/onlinehardwareshop.de\/index.php\/wp-json\/wp\/v2\/product"}],"about":[{"href":"https:\/\/onlinehardwareshop.de\/index.php\/wp-json\/wp\/v2\/types\/product"}],"replies":[{"embeddable":true,"href":"https:\/\/onlinehardwareshop.de\/index.php\/wp-json\/wp\/v2\/comments?post=79903"}],"wp:attachment":[{"href":"https:\/\/onlinehardwareshop.de\/index.php\/wp-json\/wp\/v2\/media?parent=79903"}],"wp:term":[{"taxonomy":"brand","embeddable":true,"href":"https:\/\/onlinehardwareshop.de\/index.php\/wp-json\/wp\/v2\/brand?post=79903"},{"taxonomy":"product_brand","embeddable":true,"href":"https:\/\/onlinehardwareshop.de\/index.php\/wp-json\/wp\/v2\/product_brand?post=79903"},{"taxonomy":"product_cat","embeddable":true,"href":"https:\/\/onlinehardwareshop.de\/index.php\/wp-json\/wp\/v2\/product_cat?post=79903"},{"taxonomy":"product_tag","embeddable":true,"href":"https:\/\/onlinehardwareshop.de\/index.php\/wp-json\/wp\/v2\/product_tag?post=79903"}],"curies":[{"name":"wp","href":"https:\/\/api.w.org\/{rel}","templated":true}]}}