{"id":79900,"date":"2024-09-05T02:26:41","date_gmt":"2024-09-05T02:26:41","guid":{"rendered":"https:\/\/onlinehardwareshop.de\/index.php\/produkt\/nikon-prostaff-p7-10x30-2\/"},"modified":"2025-05-14T12:27:52","modified_gmt":"2025-05-14T12:27:52","slug":"nikon-prostaff-p7-10x30","status":"publish","type":"product","link":"https:\/\/onlinehardwareshop.de\/index.php\/produkt\/nikon-prostaff-p7-10x30\/","title":{"rendered":"Nikon Prostaff P7 10&#215;30"},"content":{"rendered":"<p>Das Nikon Prostaff P7 10&#215;30 ist ein Fernglas, womit du V\u00f6gel aufsp\u00fcrst oder Wildtiere beobachtest. Es verf\u00fcgt \u00fcber eine zehnfache Vergr\u00f6\u00dferung, sodass du dir Details in der Ferne nah heranholst. Durch die kompakte Gr\u00f6\u00dfe nimmst du dieses Fernglas problemlos mit. Deshalb eignet es sich nicht nur auf Reisen, sondern auch f\u00fcr Konzerte oder Theatervorstellungen. Mit dem Dioptrienausgleich stellst du das Fernglas auf die Sehst\u00e4rke deiner Augen an. Das weite Sehfeld von 62,2 Grad sorgt daf\u00fcr, dass du dem, was du beobachtest, m\u00fchelos folgst und nicht so leicht aus den Augen verlierst. Das ist praktisch, wenn du V\u00f6gel beobachtest. Brillentr\u00e4ger verwenden dieses Fernglas dank des gro\u00dfen Abstands der Austrittspupille ohne Probleme. Das Geh\u00e4use des Fernglases verf\u00fcgt \u00fcber eine Gummiarmierung, sodass du es immer gut im Griff hast. \u00dcber das Wetter musst du dir bei diesem Fernglas nicht den Kopf zerbrechen. Es ist wasserdicht bis zu 1 Meter, wodurch du es auch bei einem heftigen Regenguss nutzen kannst.<\/p>\n","protected":false},"excerpt":{"rendered":"<p>Das Nikon Prostaff P7 10&#215;30 ist ein Fernglas, womit du V\u00f6gel aufsp\u00fcrst oder Wildtiere beobachtest. Es verf\u00fcgt \u00fcber eine zehnfache Vergr\u00f6\u00dferung, sodass du dir Details in der Ferne nah heranholst. Durch die kompakte Gr\u00f6\u00dfe nimmst du dieses Fernglas problemlos mit. Deshalb eignet es sich nicht nur auf Reisen, sondern auch f\u00fcr Konzerte oder Theatervorstellungen. Mit dem Dioptrienausgleich stellst du das Fernglas auf die Sehst\u00e4rke deiner Augen an. Das weite Sehfeld von 62,2 Grad sorgt daf\u00fcr, dass du dem, was du beobachtest, m\u00fchelos folgst und nicht so leicht aus den Augen verlierst. Das ist praktisch, wenn du V\u00f6gel beobachtest. Brillentr\u00e4ger verwenden dieses Fernglas dank des gro\u00dfen Abstands der Austrittspupille ohne Probleme. Das Geh\u00e4use des Fernglases verf\u00fcgt \u00fcber eine Gummiarmierung, sodass du es immer gut im Griff hast. \u00dcber das Wetter musst du dir bei diesem Fernglas nicht den Kopf zerbrechen. Es ist wasserdicht bis zu 1 Meter, wodurch du es auch bei einem heftigen Regenguss nutzen kannst.<\/p>\n","protected":false},"featured_media":0,"comment_status":"closed","ping_status":"open","template":"","meta":{"_acf_changed":false},"brand":[133],"product_brand":[],"product_cat":[448],"product_tag":[1304],"class_list":{"0":"post-79900","1":"product","2":"type-product","3":"status-publish","5":"brand-nikon","6":"product_cat-fernglser","7":"product_tag-dakkant-verrekijkers","8":"pa_condition-new","9":"pa_coolblue-de-verzending-morgen-gratis-geliefert","10":"pa_ean-20663","11":"pa_mpn-baa921sa","13":"first","14":"instock","15":"product-type-external"},"acf":[],"_links":{"self":[{"href":"https:\/\/onlinehardwareshop.de\/index.php\/wp-json\/wp\/v2\/product\/79900","targetHints":{"allow":["GET"]}}],"collection":[{"href":"https:\/\/onlinehardwareshop.de\/index.php\/wp-json\/wp\/v2\/product"}],"about":[{"href":"https:\/\/onlinehardwareshop.de\/index.php\/wp-json\/wp\/v2\/types\/product"}],"replies":[{"embeddable":true,"href":"https:\/\/onlinehardwareshop.de\/index.php\/wp-json\/wp\/v2\/comments?post=79900"}],"wp:attachment":[{"href":"https:\/\/onlinehardwareshop.de\/index.php\/wp-json\/wp\/v2\/media?parent=79900"}],"wp:term":[{"taxonomy":"brand","embeddable":true,"href":"https:\/\/onlinehardwareshop.de\/index.php\/wp-json\/wp\/v2\/brand?post=79900"},{"taxonomy":"product_brand","embeddable":true,"href":"https:\/\/onlinehardwareshop.de\/index.php\/wp-json\/wp\/v2\/product_brand?post=79900"},{"taxonomy":"product_cat","embeddable":true,"href":"https:\/\/onlinehardwareshop.de\/index.php\/wp-json\/wp\/v2\/product_cat?post=79900"},{"taxonomy":"product_tag","embeddable":true,"href":"https:\/\/onlinehardwareshop.de\/index.php\/wp-json\/wp\/v2\/product_tag?post=79900"}],"curies":[{"name":"wp","href":"https:\/\/api.w.org\/{rel}","templated":true}]}}