{"id":79898,"date":"2025-04-09T19:17:30","date_gmt":"2025-04-09T19:17:30","guid":{"rendered":"https:\/\/onlinehardwareshop.de\/index.php\/produkt\/nikon-monarch-m7-10x30-2\/"},"modified":"2025-05-14T12:27:43","modified_gmt":"2025-05-14T12:27:43","slug":"nikon-monarch-m7-10x30","status":"publish","type":"product","link":"https:\/\/onlinehardwareshop.de\/index.php\/produkt\/nikon-monarch-m7-10x30\/","title":{"rendered":"Nikon Monarch M7 10&#215;30"},"content":{"rendered":"<p>Das Nikon Monarch M7 10&#215;30 ist ein kompaktes Fernglas mit einer zehnfachen Vergr\u00f6\u00dferung. Mit diesem Fernglas betrachtest du bequem ein Motiv in der Ferne, zum Beispiel einen Vogel im Flug. Durch das weite Sehfeld von 117\u00a0Metern verfolgst du dessen Flugbahn ohne Probleme. Die Mehrfachverg\u00fctung aller Linsen und Prismen sorgt f\u00fcr ein helleres Bild mit h\u00f6heren Kontrasten. Dadurch wirken die Farben, die du durch das Fernglas siehst, sehr realistisch. Dank der wasserabweisenden Verg\u00fctung wischst du Fett und Wasser einfach von den Objektivlinsen ab. An den gummierten Augenmuscheln befinden sich Drehregler, mit denen du den Abstand zwischen deinen Augen und dem Fernglas nach Bedarf einstellst. Das ist praktisch, wenn du eine Brille tr\u00e4gst, und sorgt f\u00fcr zus\u00e4tzlichen Komfort bei langer Nutzung. Dank der wasserdichten Verarbeitung benutzt du das Fernglas auch unbesorgt bei starken Regenschauern.<\/p>\n","protected":false},"excerpt":{"rendered":"<p>Das Nikon Monarch M7 10&#215;30 ist ein kompaktes Fernglas mit einer zehnfachen Vergr\u00f6\u00dferung. Mit diesem Fernglas betrachtest du bequem ein Motiv in der Ferne, zum Beispiel einen Vogel im Flug. Durch das weite Sehfeld von 117\u00a0Metern verfolgst du dessen Flugbahn ohne Probleme. Die Mehrfachverg\u00fctung aller Linsen und Prismen sorgt f\u00fcr ein helleres Bild mit h\u00f6heren Kontrasten. Dadurch wirken die Farben, die du durch das Fernglas siehst, sehr realistisch. Dank der wasserabweisenden Verg\u00fctung wischst du Fett und Wasser einfach von den Objektivlinsen ab. An den gummierten Augenmuscheln befinden sich Drehregler, mit denen du den Abstand zwischen deinen Augen und dem Fernglas nach Bedarf einstellst. Das ist praktisch, wenn du eine Brille tr\u00e4gst, und sorgt f\u00fcr zus\u00e4tzlichen Komfort bei langer Nutzung. Dank der wasserdichten Verarbeitung benutzt du das Fernglas auch unbesorgt bei starken Regenschauern.<\/p>\n","protected":false},"featured_media":0,"comment_status":"closed","ping_status":"open","template":"","meta":{"_acf_changed":false},"brand":[133],"product_brand":[],"product_cat":[448],"product_tag":[1304],"class_list":{"0":"post-79898","1":"product","2":"type-product","3":"status-publish","5":"brand-nikon","6":"product_cat-fernglser","7":"product_tag-dakkant-verrekijkers","8":"pa_condition-new","9":"pa_coolblue-de-verzending-morgen-gratis-geliefert","10":"pa_ean-20659","11":"pa_mpn-baa901sa","13":"first","14":"instock","15":"product-type-external"},"acf":[],"_links":{"self":[{"href":"https:\/\/onlinehardwareshop.de\/index.php\/wp-json\/wp\/v2\/product\/79898","targetHints":{"allow":["GET"]}}],"collection":[{"href":"https:\/\/onlinehardwareshop.de\/index.php\/wp-json\/wp\/v2\/product"}],"about":[{"href":"https:\/\/onlinehardwareshop.de\/index.php\/wp-json\/wp\/v2\/types\/product"}],"replies":[{"embeddable":true,"href":"https:\/\/onlinehardwareshop.de\/index.php\/wp-json\/wp\/v2\/comments?post=79898"}],"wp:attachment":[{"href":"https:\/\/onlinehardwareshop.de\/index.php\/wp-json\/wp\/v2\/media?parent=79898"}],"wp:term":[{"taxonomy":"brand","embeddable":true,"href":"https:\/\/onlinehardwareshop.de\/index.php\/wp-json\/wp\/v2\/brand?post=79898"},{"taxonomy":"product_brand","embeddable":true,"href":"https:\/\/onlinehardwareshop.de\/index.php\/wp-json\/wp\/v2\/product_brand?post=79898"},{"taxonomy":"product_cat","embeddable":true,"href":"https:\/\/onlinehardwareshop.de\/index.php\/wp-json\/wp\/v2\/product_cat?post=79898"},{"taxonomy":"product_tag","embeddable":true,"href":"https:\/\/onlinehardwareshop.de\/index.php\/wp-json\/wp\/v2\/product_tag?post=79898"}],"curies":[{"name":"wp","href":"https:\/\/api.w.org\/{rel}","templated":true}]}}