{"id":79896,"date":"2025-04-04T08:08:57","date_gmt":"2025-04-04T08:08:57","guid":{"rendered":"https:\/\/onlinehardwareshop.de\/index.php\/produkt\/nikon-monarch-hg-10x42-2\/"},"modified":"2025-05-14T12:27:38","modified_gmt":"2025-05-14T12:27:38","slug":"nikon-monarch-hg-10x42","status":"publish","type":"product","link":"https:\/\/onlinehardwareshop.de\/index.php\/produkt\/nikon-monarch-hg-10x42\/","title":{"rendered":"Nikon Monarch HG 10&#215;42"},"content":{"rendered":"<p>Mit dem Nikon Monarch HG 10&#215;42 holst du dir Dinge in der Ferne nah heran. Dank der maximal zehnfachen Vergr\u00f6\u00dferung siehst du viele Details dessen, was du beobachtest, zum Beispiel bei einer Safari. Das Fernglas hat ein weites Sehfeld von 121 Metern. Hierdurch bleibt dein Zielobjekt m\u00fchelos scharf im bild. Die Objektivverg\u00fctungen des Fernglases sorgen f\u00fcr mehr Helligkeit und naturgetreue Farben, wodurch das, was du beobachtest, realistisch aussieht. Das Geh\u00e4use ist mit Stickstoff gef\u00fcllt, wodurch das Fernglas wasserdicht bis 5 Meter Wassertiefe ist. Deshalb nimmst du es an einem regnerischen Tag problemlos mit. Solltest du das Fernglas unter tropischen Bedingungen verwenden, beschlagen die Objektive nicht.<\/p>\n","protected":false},"excerpt":{"rendered":"<p>Mit dem Nikon Monarch HG 10&#215;42 holst du dir Dinge in der Ferne nah heran. Dank der maximal zehnfachen Vergr\u00f6\u00dferung siehst du viele Details dessen, was du beobachtest, zum Beispiel bei einer Safari. Das Fernglas hat ein weites Sehfeld von 121 Metern. Hierdurch bleibt dein Zielobjekt m\u00fchelos scharf im bild. Die Objektivverg\u00fctungen des Fernglases sorgen f\u00fcr mehr Helligkeit und naturgetreue Farben, wodurch das, was du beobachtest, realistisch aussieht. Das Geh\u00e4use ist mit Stickstoff gef\u00fcllt, wodurch das Fernglas wasserdicht bis 5 Meter Wassertiefe ist. Deshalb nimmst du es an einem regnerischen Tag problemlos mit. Solltest du das Fernglas unter tropischen Bedingungen verwenden, beschlagen die Objektive nicht.<\/p>\n","protected":false},"featured_media":0,"comment_status":"closed","ping_status":"open","template":"","meta":{"_acf_changed":false},"brand":[133],"product_brand":[],"product_cat":[448],"product_tag":[1304],"class_list":{"0":"post-79896","1":"product","2":"type-product","3":"status-publish","5":"brand-nikon","6":"product_cat-fernglser","7":"product_tag-dakkant-verrekijkers","8":"pa_condition-new","9":"pa_coolblue-de-verzending-morgen-gratis-geliefert","10":"pa_ean-20655","11":"pa_mpn-baa794sb","13":"first","14":"instock","15":"product-type-external"},"acf":[],"_links":{"self":[{"href":"https:\/\/onlinehardwareshop.de\/index.php\/wp-json\/wp\/v2\/product\/79896","targetHints":{"allow":["GET"]}}],"collection":[{"href":"https:\/\/onlinehardwareshop.de\/index.php\/wp-json\/wp\/v2\/product"}],"about":[{"href":"https:\/\/onlinehardwareshop.de\/index.php\/wp-json\/wp\/v2\/types\/product"}],"replies":[{"embeddable":true,"href":"https:\/\/onlinehardwareshop.de\/index.php\/wp-json\/wp\/v2\/comments?post=79896"}],"wp:attachment":[{"href":"https:\/\/onlinehardwareshop.de\/index.php\/wp-json\/wp\/v2\/media?parent=79896"}],"wp:term":[{"taxonomy":"brand","embeddable":true,"href":"https:\/\/onlinehardwareshop.de\/index.php\/wp-json\/wp\/v2\/brand?post=79896"},{"taxonomy":"product_brand","embeddable":true,"href":"https:\/\/onlinehardwareshop.de\/index.php\/wp-json\/wp\/v2\/product_brand?post=79896"},{"taxonomy":"product_cat","embeddable":true,"href":"https:\/\/onlinehardwareshop.de\/index.php\/wp-json\/wp\/v2\/product_cat?post=79896"},{"taxonomy":"product_tag","embeddable":true,"href":"https:\/\/onlinehardwareshop.de\/index.php\/wp-json\/wp\/v2\/product_tag?post=79896"}],"curies":[{"name":"wp","href":"https:\/\/api.w.org\/{rel}","templated":true}]}}