{"id":79895,"date":"2024-11-16T14:33:30","date_gmt":"2024-11-16T14:33:30","guid":{"rendered":"https:\/\/onlinehardwareshop.de\/index.php\/produkt\/nikon-monarch-hg-8x42-2\/"},"modified":"2025-05-14T12:27:33","modified_gmt":"2025-05-14T12:27:33","slug":"nikon-monarch-hg-8x42","status":"publish","type":"product","link":"https:\/\/onlinehardwareshop.de\/index.php\/produkt\/nikon-monarch-hg-8x42\/","title":{"rendered":"Nikon Monarch HG 8&#215;42"},"content":{"rendered":"<p>Mit dem Nikon Monarch HG 8&#215;42 kannst du Dinge in gro\u00dfer Entfernung gestochen scharf betrachten. Dieses Fernglas hat eine achtfache Vergr\u00f6\u00dferung. Hierdurch erkennst du schnell etwas Kleines in gro\u00dfer Entfernung, zum Beispiel einen Vogel in einem Baum. Wenn er wegfliegt, folgst du seinem Flug dank des gro\u00dfen Sehfelds von 145 Metern m\u00fchelos und verlierst ihn deshalb nicht aus den Augen. Die Verg\u00fctung der Objektive des Fernglases sorgt f\u00fcr zus\u00e4tzliche Helligkeit und naturgetreue Farben. Das Geh\u00e4use ist mit Stickstoff gef\u00fcllt, wodurch das Fernglas wasserdicht bis 5 Meter Wassertiefe ist. Deshalb nimmst du es an einem regnerischen Tag problemlos mit. Solltest du das Fernglas unter tropischen Bedingungen verwenden, beschlagen die Objektive nicht.<\/p>\n","protected":false},"excerpt":{"rendered":"<p>Mit dem Nikon Monarch HG 8&#215;42 kannst du Dinge in gro\u00dfer Entfernung gestochen scharf betrachten. Dieses Fernglas hat eine achtfache Vergr\u00f6\u00dferung. Hierdurch erkennst du schnell etwas Kleines in gro\u00dfer Entfernung, zum Beispiel einen Vogel in einem Baum. Wenn er wegfliegt, folgst du seinem Flug dank des gro\u00dfen Sehfelds von 145 Metern m\u00fchelos und verlierst ihn deshalb nicht aus den Augen. Die Verg\u00fctung der Objektive des Fernglases sorgt f\u00fcr zus\u00e4tzliche Helligkeit und naturgetreue Farben. Das Geh\u00e4use ist mit Stickstoff gef\u00fcllt, wodurch das Fernglas wasserdicht bis 5 Meter Wassertiefe ist. Deshalb nimmst du es an einem regnerischen Tag problemlos mit. Solltest du das Fernglas unter tropischen Bedingungen verwenden, beschlagen die Objektive nicht.<\/p>\n","protected":false},"featured_media":0,"comment_status":"closed","ping_status":"open","template":"","meta":{"_acf_changed":false},"brand":[133],"product_brand":[],"product_cat":[448],"product_tag":[1304],"class_list":{"0":"post-79895","1":"product","2":"type-product","3":"status-publish","5":"brand-nikon","6":"product_cat-fernglser","7":"product_tag-dakkant-verrekijkers","8":"pa_condition-new","9":"pa_coolblue-de-verzending-morgen-gratis-geliefert","10":"pa_ean-20653","11":"pa_mpn-baa793sb","13":"first","14":"instock","15":"product-type-external"},"acf":[],"_links":{"self":[{"href":"https:\/\/onlinehardwareshop.de\/index.php\/wp-json\/wp\/v2\/product\/79895","targetHints":{"allow":["GET"]}}],"collection":[{"href":"https:\/\/onlinehardwareshop.de\/index.php\/wp-json\/wp\/v2\/product"}],"about":[{"href":"https:\/\/onlinehardwareshop.de\/index.php\/wp-json\/wp\/v2\/types\/product"}],"replies":[{"embeddable":true,"href":"https:\/\/onlinehardwareshop.de\/index.php\/wp-json\/wp\/v2\/comments?post=79895"}],"wp:attachment":[{"href":"https:\/\/onlinehardwareshop.de\/index.php\/wp-json\/wp\/v2\/media?parent=79895"}],"wp:term":[{"taxonomy":"brand","embeddable":true,"href":"https:\/\/onlinehardwareshop.de\/index.php\/wp-json\/wp\/v2\/brand?post=79895"},{"taxonomy":"product_brand","embeddable":true,"href":"https:\/\/onlinehardwareshop.de\/index.php\/wp-json\/wp\/v2\/product_brand?post=79895"},{"taxonomy":"product_cat","embeddable":true,"href":"https:\/\/onlinehardwareshop.de\/index.php\/wp-json\/wp\/v2\/product_cat?post=79895"},{"taxonomy":"product_tag","embeddable":true,"href":"https:\/\/onlinehardwareshop.de\/index.php\/wp-json\/wp\/v2\/product_tag?post=79895"}],"curies":[{"name":"wp","href":"https:\/\/api.w.org\/{rel}","templated":true}]}}